{"id":6513,"date":"2025-10-06T05:53:19","date_gmt":"2025-10-06T09:53:19","guid":{"rendered":"https:\/\/worldvapersalliance.com\/?page_id=6513"},"modified":"2025-10-06T05:53:24","modified_gmt":"2025-10-06T09:53:24","slug":"eu-cardiovascular-consultation-public-backs-safer-nicotine-products","status":"publish","type":"page","link":"https:\/\/worldvapersalliance.com\/ro\/eu-cardiovascular-consultation-public-backs-safer-nicotine-products\/","title":{"rendered":"Consultare UE \u00een domeniul cardiovascular: Publicul sus\u021bine produse cu nicotin\u0103 mai sigure"},"content":{"rendered":"<div data-elementor-type=\"wp-page\" data-elementor-id=\"6513\" class=\"elementor elementor-6513\" data-elementor-post-type=\"page\">\n\t\t\t\t\t\t<section class=\"elementor-section elementor-top-section elementor-element elementor-element-624a795 elementor-section-height-min-height elementor-section-full_width elementor-section-height-default elementor-section-items-middle\" data-id=\"624a795\" data-element_type=\"section\" data-e-type=\"section\" data-settings=\"{&quot;background_background&quot;:&quot;classic&quot;}\">\n\t\t\t\t\t\t<div class=\"elementor-container elementor-column-gap-default\">\n\t\t\t\t\t<div class=\"elementor-column elementor-col-100 elementor-top-column elementor-element elementor-element-4a8f72e6\" data-id=\"4a8f72e6\" data-element_type=\"column\" data-e-type=\"column\">\n\t\t\t<div class=\"elementor-widget-wrap elementor-element-populated\">\n\t\t\t\t\t\t<div class=\"elementor-element elementor-element-65af89bc elementor-widget elementor-widget-heading\" data-id=\"65af89bc\" data-element_type=\"widget\" data-e-type=\"widget\" data-widget_type=\"heading.default\">\n\t\t\t\t<div class=\"elementor-widget-container\">\n\t\t\t\t\t<h2 class=\"elementor-heading-title elementor-size-default\">Consulta\u021bie cardiovascular\u0103 UE: <br> Publicul sus\u021bine produsele cu nicotin\u0103 mai sigure, arat\u0103 un raport<\/h2>\t\t\t\t<\/div>\n\t\t\t\t<\/div>\n\t\t\t\t\t<\/div>\n\t\t<\/div>\n\t\t\t\t\t<\/div>\n\t\t<\/section>\n\t\t\t\t<section class=\"elementor-section elementor-top-section elementor-element elementor-element-299d9fa7 elementor-section-height-min-height elementor-section-boxed elementor-section-height-default elementor-section-items-middle\" data-id=\"299d9fa7\" data-element_type=\"section\" data-e-type=\"section\" data-settings=\"{&quot;background_background&quot;:&quot;classic&quot;}\">\n\t\t\t\t\t\t<div class=\"elementor-container elementor-column-gap-default\">\n\t\t\t\t\t<div class=\"elementor-column elementor-col-100 elementor-top-column elementor-element elementor-element-2bd4487\" data-id=\"2bd4487\" data-element_type=\"column\" data-e-type=\"column\">\n\t\t\t<div class=\"elementor-widget-wrap elementor-element-populated\">\n\t\t\t\t\t\t<section class=\"elementor-section elementor-inner-section elementor-element elementor-element-41f62fbd elementor-section-boxed elementor-section-height-default elementor-section-height-default\" data-id=\"41f62fbd\" data-element_type=\"section\" data-e-type=\"section\">\n\t\t\t\t\t\t<div class=\"elementor-container elementor-column-gap-default\">\n\t\t\t\t\t<div class=\"elementor-column elementor-col-100 elementor-inner-column elementor-element elementor-element-2156ce5b\" data-id=\"2156ce5b\" data-element_type=\"column\" data-e-type=\"column\">\n\t\t\t<div class=\"elementor-widget-wrap elementor-element-populated\">\n\t\t\t\t\t\t<div class=\"elementor-element elementor-element-3c1cd75f elementor-widget elementor-widget-heading\" data-id=\"3c1cd75f\" data-element_type=\"widget\" data-e-type=\"widget\" data-widget_type=\"heading.default\">\n\t\t\t\t<div class=\"elementor-widget-container\">\n\t\t\t\t\t<h2 class=\"elementor-heading-title elementor-size-medium\">Introducere<\/h2>\t\t\t\t<\/div>\n\t\t\t\t<\/div>\n\t\t\t\t\t<\/div>\n\t\t<\/div>\n\t\t\t\t\t<\/div>\n\t\t<\/section>\n\t\t\t\t<section class=\"elementor-section elementor-inner-section elementor-element elementor-element-5282c752 elementor-section-full_width elementor-section-height-default elementor-section-height-default\" data-id=\"5282c752\" data-element_type=\"section\" data-e-type=\"section\">\n\t\t\t\t\t\t<div class=\"elementor-container elementor-column-gap-default\">\n\t\t\t\t\t<div class=\"elementor-column elementor-col-100 elementor-inner-column elementor-element elementor-element-1cbc264c\" data-id=\"1cbc264c\" data-element_type=\"column\" data-e-type=\"column\">\n\t\t\t<div class=\"elementor-widget-wrap elementor-element-populated\">\n\t\t\t\t\t\t<div class=\"elementor-element elementor-element-68abfe9e purple-bullets elementor-widget elementor-widget-text-editor\" data-id=\"68abfe9e\" data-element_type=\"widget\" data-e-type=\"widget\" data-widget_type=\"text-editor.default\">\n\t\t\t\t<div class=\"elementor-widget-container\">\n\t\t\t\t\t\t\t\t\t<p><span style=\"font-weight: 400;\">O analiz\u0103 bazat\u0103 pe inteligen\u021b\u0103 artificial\u0103<\/span><span style=\"font-weight: 400;\"> s\u0103n\u0103tate cardiovascular\u0103 a Comisiei UE <\/span><a href=\"https:\/\/ec.europa.eu\/info\/law\/better-regulation\/have-your-say\/initiatives\/14755-EU-cardiovascular-health-plan\/feedback_en?p_id=20242\"><span style=\"font-weight: 400;\">consultare<\/span><\/a><span style=\"font-weight: 400;\"> arat\u0103 o <\/span><b>marea majoritate (76%) \u00een favoarea reducerii riscurilor<\/b><span style=\"font-weight: 400;\"> printre cei care au vorbit despre acest subiect. De\u0219i multe dintre contribu\u021bii s-au concentrat pe probleme de s\u0103n\u0103tate mai ample, o analiz\u0103 mai atent\u0103 a r\u0103spunsurilor care men\u021bioneaz\u0103 produse cu nicotin\u0103 mai sigure \u0219i reducerea riscurilor relev\u0103 un sprijin public clar.<\/span><\/p><p><span style=\"font-weight: 400;\">Dintre cei care abordeaz\u0103 reducerea riscurilor, majoritatea au solicitat ca UE s\u0103 includ\u0103 alternative mai pu\u021bin d\u0103un\u0103toare, cum ar fi vapatul, plicule\u021bele cu nicotin\u0103, tutunul \u00eenc\u0103lzit \u0219i snusul, pentru a reduce ratele fumatului \u0219i a preveni bolile. Opozi\u021bia fa\u021b\u0103 de aceast\u0103 abordare a fost rar\u0103 \u0219i a venit \u00een principal din partea grupurilor tradi\u021bionale de control al tutunului \u0219i a unor organiza\u021bii interna\u021bionale de s\u0103n\u0103tate. Modelul este simplu: atunci c\u00e2nd se ridic\u0103 problema tutunului \u0219i a reducerii riscurilor, majoritatea responden\u021bilor doresc ca UE s\u0103 sprijine alegeri mai pu\u021bin d\u0103un\u0103toare.<\/span><\/p><p><span style=\"font-weight: 400;\">Este important de men\u021bionat c\u0103 aceste rezultate provin din analiza cuvintelor cheie realizat\u0103 prin inteligen\u021b\u0103 artificial\u0103 \u0219i ofer\u0103 o tendin\u021b\u0103 puternic\u0103, \u00eens\u0103 este necesar\u0103 pruden\u021b\u0103 \u00een interpretarea detaliilor. Chiar \u0219i a\u0219a, aceste dovezi fac dificil\u0103 ignorarea a ceea ce \u00ee\u0219i doresc oamenii de fapt.<\/span><\/p>\t\t\t\t\t\t\t\t<\/div>\n\t\t\t\t<\/div>\n\t\t\t\t<div class=\"elementor-element elementor-element-a435788 elementor-widget elementor-widget-heading\" data-id=\"a435788\" data-element_type=\"widget\" data-e-type=\"widget\" data-widget_type=\"heading.default\">\n\t\t\t\t<div class=\"elementor-widget-container\">\n\t\t\t\t\t<h2 class=\"elementor-heading-title elementor-size-default\">Rezultate pe scurt:\n<\/h2>\t\t\t\t<\/div>\n\t\t\t\t<\/div>\n\t\t\t\t<div class=\"elementor-element elementor-element-93cb5cc elementor-widget elementor-widget-text-editor\" data-id=\"93cb5cc\" data-element_type=\"widget\" data-e-type=\"widget\" data-widget_type=\"text-editor.default\">\n\t\t\t\t<div class=\"elementor-widget-container\">\n\t\t\t\t\t\t\t\t\t<p><strong><span style=\"color: #000000;\">Toate trimiterile (677 \u00een total)<\/span><\/strong><\/p><p><span style=\"font-weight: 400; color: #000000;\">\u2013 Nu a men\u021bionat reducerea riscurilor sau produse conexe: 506 (74,7%)<\/span><\/p><p><span style=\"font-weight: 400; color: #000000;\">\u2013 Pozitiv fa\u021b\u0103 de reducerea riscurilor: 130 (19,2%)<\/span><\/p><p><span style=\"font-weight: 400; color: #000000;\">\u2013 Neutru: 25 (3.7%)<\/span><\/p><p><span style=\"font-weight: 400; color: #000000;\">\u2013 Negativ: 16 (2,4%)<\/span><\/p><p><strong><span style=\"color: #000000;\">Trimiteri care men\u021bioneaz\u0103 reducerea riscurilor (171 \u00een total)<\/span><\/strong><\/p><p><span style=\"font-weight: 400; color: #000000;\">\u2013 Pozitiv: 130 (76%)<\/span><\/p><p><span style=\"font-weight: 400; color: #000000;\">\u2013 Neutru: 25 (15%)<\/span><\/p><p><span style=\"font-weight: 400; color: #000000;\">\u2013 Negativ: 16 (9%)<\/span><\/p><p>\u00a0<\/p><p><span style=\"color: #000000;\"><span style=\"font-weight: 400;\">Alian\u021ba Mondial\u0103 a Vaperilor (WVA) solicit\u0103 Comisiei Europene s\u0103 nu mai considere reducerea riscurilor ca pe o amenin\u021bare. <\/span><a style=\"color: #000000;\" href=\"https:\/\/worldvapersalliance.com\/ro\/harm-reduction-vaping-fact-sheet\/\"><span style=\"font-weight: 400;\">\u015ftiin\u0163\u0103<\/span><\/a><span style=\"font-weight: 400;\"> este clar: fumul este cel care d\u0103uneaz\u0103, nu nicotina din vaping sau din plicule\u021be. <\/span><a style=\"color: #000000;\" href=\"https:\/\/worldvapersalliance.com\/wp-content\/uploads\/2025\/06\/Champions-of-Change-Harm-Reduction-Victory.pdf\"><span style=\"font-weight: 400;\">\u021a\u0103ri<\/span><\/a><span style=\"font-weight: 400;\"> La fel ca Suedia, Republica Ceh\u0103 \u0219i Grecia, sunt \u00een fruntea strategiei de reducere a riscurilor. Suedia este aproape o \u021bar\u0103 f\u0103r\u0103 fumat, deoarece sus\u021bine alternative mai pu\u021bin d\u0103un\u0103toare. UE ar trebui s\u0103 urmeze acest model de succes, \u00een loc s\u0103 se aga\u021be de ideologii \u0219i dezinform\u0103ri \u00eenvechite.<\/span><\/span><\/p><p><span style=\"color: #000000;\"><span style=\"font-weight: 400;\">Recent <\/span><a style=\"color: #000000;\" href=\"https:\/\/worldvapersalliance.com\/ro\/brussels-official-policy-harm-reduction-pushed-aside-in-favour-of-outdated-myths\/\"><span style=\"font-weight: 400;\">declara\u021bii<\/span><\/a><span style=\"font-weight: 400;\"> Comisia European\u0103 sus\u021bine \u00een mod eronat c\u0103 noile produse cu nicotin\u0103 prezint\u0103 riscuri \u201ccomparabile cu fumatul\u201d. Aceste afirma\u021bii contravin aproape tuturor studiilor \u0219tiin\u021bifice majore. Politicile bazate pe dezinformare \u00eei fac pe oameni s\u0103 fumeze, cost\u0103 vie\u021bi omene\u0219ti \u0219i ignor\u0103 strategiile de s\u0103n\u0103tate public\u0103 bazate pe dovezi. Organizarea de consult\u0103ri este inutil\u0103 dac\u0103 rezultatele sunt deja decise, iar contribu\u021bia cet\u0103\u021benilor este doar o frunz\u0103 de smochin pentru decizii prestabilite.<\/span><\/span><\/p><p><span style=\"font-weight: 400; color: #000000;\">UE trebuie s\u0103-\u0219i asculte cet\u0103\u021benii \u2013 altfel, consult\u0103rile sunt o fars\u0103. Factorii de decizie politic\u0103 ar trebui s\u0103-\u0219i bazeze deciziile \u00een materie de s\u0103n\u0103tate pe fapte, nu pe fric\u0103 sau mituri \u00eenvechite. Fum\u0103torii, utilizatorii de \u021big\u0103ri electronice electronice \u0219i al\u021bi consumatori de nicotin\u0103 merit\u0103 s\u0103 aib\u0103 op\u021biuni reale \u0219i informa\u021bii precise. Europa ar trebui s\u0103 fie lider \u00een reducerea riscurilor, nu s\u0103 ignore propriile pove\u0219ti de succes sau voin\u021ba cet\u0103\u021benilor s\u0103i.<\/span><\/p>\t\t\t\t\t\t\t\t<\/div>\n\t\t\t\t<\/div>\n\t\t\t\t\t<\/div>\n\t\t<\/div>\n\t\t\t\t\t<\/div>\n\t\t<\/section>\n\t\t\t\t\t<\/div>\n\t\t<\/div>\n\t\t\t\t\t<\/div>\n\t\t<\/section>\n\t\t\t\t<section class=\"elementor-section elementor-top-section elementor-element elementor-element-19752e60 elementor-section-height-min-height elementor-section-items-top elementor-section-boxed elementor-section-height-default\" data-id=\"19752e60\" data-element_type=\"section\" data-e-type=\"section\" data-settings=\"{&quot;background_background&quot;:&quot;classic&quot;}\">\n\t\t\t\t\t\t<div class=\"elementor-container elementor-column-gap-default\">\n\t\t\t\t\t<div class=\"elementor-column elementor-col-100 elementor-top-column elementor-element elementor-element-13ce65de\" data-id=\"13ce65de\" data-element_type=\"column\" data-e-type=\"column\">\n\t\t\t<div class=\"elementor-widget-wrap elementor-element-populated\">\n\t\t\t\t\t\t<section class=\"elementor-section elementor-inner-section elementor-element elementor-element-5c4bd78d elementor-section-boxed elementor-section-height-default elementor-section-height-default\" data-id=\"5c4bd78d\" data-element_type=\"section\" data-e-type=\"section\">\n\t\t\t\t\t\t<div class=\"elementor-container elementor-column-gap-default\">\n\t\t\t\t\t<div class=\"elementor-column elementor-col-100 elementor-inner-column elementor-element elementor-element-7ca7eda\" data-id=\"7ca7eda\" data-element_type=\"column\" data-e-type=\"column\">\n\t\t\t<div class=\"elementor-widget-wrap elementor-element-populated\">\n\t\t\t\t\t\t<div class=\"elementor-element elementor-element-500dff8b elementor-widget elementor-widget-heading\" data-id=\"500dff8b\" data-element_type=\"widget\" data-e-type=\"widget\" data-widget_type=\"heading.default\">\n\t\t\t\t<div class=\"elementor-widget-container\">\n\t\t\t\t\t<h2 class=\"elementor-heading-title elementor-size-medium\">Citi\u021bi raportul complet<\/h2>\t\t\t\t<\/div>\n\t\t\t\t<\/div>\n\t\t\t\t\t<\/div>\n\t\t<\/div>\n\t\t\t\t\t<\/div>\n\t\t<\/section>\n\t\t\t\t<section class=\"elementor-section elementor-inner-section elementor-element elementor-element-1676de52 elementor-section-full_width elementor-section-height-default elementor-section-height-default\" data-id=\"1676de52\" data-element_type=\"section\" data-e-type=\"section\">\n\t\t\t\t\t\t<div class=\"elementor-container elementor-column-gap-default\">\n\t\t\t\t\t<div class=\"elementor-column elementor-col-100 elementor-inner-column elementor-element elementor-element-70f408bc\" data-id=\"70f408bc\" data-element_type=\"column\" data-e-type=\"column\">\n\t\t\t<div class=\"elementor-widget-wrap elementor-element-populated\">\n\t\t\t\t\t\t<div class=\"elementor-element elementor-element-293ede6 elementor-align-center elementor-widget elementor-widget-button\" data-id=\"293ede6\" data-element_type=\"widget\" data-e-type=\"widget\" data-widget_type=\"button.default\">\n\t\t\t\t<div class=\"elementor-widget-container\">\n\t\t\t\t\t\t\t\t\t<div class=\"elementor-button-wrapper\">\n\t\t\t\t\t<a class=\"elementor-button elementor-button-link elementor-size-sm\" href=\"https:\/\/worldvapersalliance.com\/wp-content\/uploads\/2025\/09\/EU-Cardiovascular-Consultation_.pdf\" target=\"_blank\">\n\t\t\t\t\t\t<span class=\"elementor-button-content-wrapper\">\n\t\t\t\t\t\t\t\t\t<span class=\"elementor-button-text\">Desc\u0103rcare<\/span>\n\t\t\t\t\t<\/span>\n\t\t\t\t\t<\/a>\n\t\t\t\t<\/div>\n\t\t\t\t\t\t\t\t<\/div>\n\t\t\t\t<\/div>\n\t\t\t\t\t<\/div>\n\t\t<\/div>\n\t\t\t\t\t<\/div>\n\t\t<\/section>\n\t\t\t\t\t<\/div>\n\t\t<\/div>\n\t\t\t\t\t<\/div>\n\t\t<\/section>\n\t\t\t\t<section class=\"elementor-section elementor-top-section elementor-element elementor-element-1daa277b elementor-section-boxed elementor-section-height-default elementor-section-height-default\" data-id=\"1daa277b\" data-element_type=\"section\" data-e-type=\"section\" data-settings=\"{&quot;background_background&quot;:&quot;classic&quot;}\">\n\t\t\t\t\t\t<div class=\"elementor-container elementor-column-gap-default\">\n\t\t\t\t\t<div class=\"elementor-column elementor-col-100 elementor-top-column elementor-element elementor-element-5c3ea3e3\" data-id=\"5c3ea3e3\" data-element_type=\"column\" data-e-type=\"column\">\n\t\t\t<div class=\"elementor-widget-wrap elementor-element-populated\">\n\t\t\t\t\t\t<div class=\"elementor-element elementor-element-245aa095 elementor-widget elementor-widget-heading\" data-id=\"245aa095\" data-element_type=\"widget\" data-e-type=\"widget\" data-widget_type=\"heading.default\">\n\t\t\t\t<div class=\"elementor-widget-container\">\n\t\t\t\t\t<h2 class=\"elementor-heading-title elementor-size-default\">Distribuie pe re\u021belele sociale<\/h2>\t\t\t\t<\/div>\n\t\t\t\t<\/div>\n\t\t\t\t<div class=\"elementor-element elementor-element-7d3a5fe9 elementor-shape-circle elementor-grid-0 e-grid-align-center elementor-widget elementor-widget-social-icons\" data-id=\"7d3a5fe9\" data-element_type=\"widget\" data-e-type=\"widget\" data-widget_type=\"social-icons.default\">\n\t\t\t\t<div class=\"elementor-widget-container\">\n\t\t\t\t\t\t\t<div class=\"elementor-social-icons-wrapper elementor-grid\" role=\"list\">\n\t\t\t\t\t\t\t<span class=\"elementor-grid-item\" role=\"listitem\">\n\t\t\t\t\t<a class=\"elementor-icon elementor-social-icon elementor-social-icon-facebook elementor-repeater-item-b603d12\" href=\"https:\/\/www.facebook.com\/World-Vapers-Alliance-112282503640772\/\" target=\"_blank\">\n\t\t\t\t\t\t<span class=\"elementor-screen-only\">Facebook<\/span>\n\t\t\t\t\t\t<i aria-hidden=\"true\" class=\"fab fa-facebook\"><\/i>\t\t\t\t\t<\/a>\n\t\t\t\t<\/span>\n\t\t\t\t\t\t\t<span class=\"elementor-grid-item\" role=\"listitem\">\n\t\t\t\t\t<a class=\"elementor-icon elementor-social-icon elementor-social-icon-linkedin elementor-repeater-item-06c4c45\" target=\"_blank\">\n\t\t\t\t\t\t<span class=\"elementor-screen-only\">Linkedin<\/span>\n\t\t\t\t\t\t<i aria-hidden=\"true\" class=\"fab fa-linkedin\"><\/i>\t\t\t\t\t<\/a>\n\t\t\t\t<\/span>\n\t\t\t\t\t\t\t<span class=\"elementor-grid-item\" role=\"listitem\">\n\t\t\t\t\t<a class=\"elementor-icon elementor-social-icon elementor-social-icon-twitter elementor-repeater-item-a6d87a6\" href=\"https:\/\/twitter.com\/vapers_alliance\/\" target=\"_blank\">\n\t\t\t\t\t\t<span class=\"elementor-screen-only\">Stare de nervozitate<\/span>\n\t\t\t\t\t\t<i aria-hidden=\"true\" class=\"fab fa-twitter\"><\/i>\t\t\t\t\t<\/a>\n\t\t\t\t<\/span>\n\t\t\t\t\t<\/div>\n\t\t\t\t\t\t<\/div>\n\t\t\t\t<\/div>\n\t\t\t\t\t<\/div>\n\t\t<\/div>\n\t\t\t\t\t<\/div>\n\t\t<\/section>\n\t\t\t\t<section class=\"elementor-section elementor-top-section elementor-element elementor-element-3a3300e5 elementor-section-boxed elementor-section-height-default elementor-section-height-default\" data-id=\"3a3300e5\" data-element_type=\"section\" data-e-type=\"section\" data-settings=\"{&quot;background_background&quot;:&quot;classic&quot;}\">\n\t\t\t\t\t\t<div class=\"elementor-container elementor-column-gap-default\">\n\t\t\t\t\t<div class=\"elementor-column elementor-col-100 elementor-top-column elementor-element elementor-element-2ca42ae5\" data-id=\"2ca42ae5\" data-element_type=\"column\" data-e-type=\"column\">\n\t\t\t<div class=\"elementor-widget-wrap\">\n\t\t\t\t\t\t\t<\/div>\n\t\t<\/div>\n\t\t\t\t\t<\/div>\n\t\t<\/section>\n\t\t\t\t<\/div>","protected":false},"excerpt":{"rendered":"<p>EU Cardiovascular Consultation: Public backs safer nicotine products, review shows Introduction An AI-driven analysis of the EU Commission\u2019s cardiovascular health consultation shows a large majority (76%) in favour of harm reduction among those who spoke about it. While many submissions focused on broader health issues, a closer look at responses mentioning safer nicotine products and [&hellip;]<\/p>\n","protected":false},"author":8,"featured_media":0,"parent":0,"menu_order":0,"comment_status":"closed","ping_status":"closed","template":"elementor_header_footer","meta":{"footnotes":""},"class_list":["post-6513","page","type-page","status-publish","hentry"],"yoast_head":"<!-- This site is optimized with the Yoast SEO plugin v27.3 - https:\/\/yoast.com\/product\/yoast-seo-wordpress\/ -->\n<title>EU Cardiovascular Consultation: Public backs safer nicotine products - World Vapers&#039; Alliance<\/title>\n<meta name=\"robots\" content=\"index, follow, max-snippet:-1, max-image-preview:large, max-video-preview:-1\" \/>\n<link rel=\"canonical\" href=\"https:\/\/worldvapersalliance.com\/ro\/eu-cardiovascular-consultation-public-backs-safer-nicotine-products\/\" \/>\n<meta property=\"og:locale\" content=\"ro_RO\" \/>\n<meta property=\"og:type\" content=\"article\" \/>\n<meta property=\"og:title\" content=\"EU Cardiovascular Consultation: Public backs safer nicotine products - World Vapers&#039; Alliance\" \/>\n<meta property=\"og:description\" content=\"EU Cardiovascular Consultation: Public backs safer nicotine products, review shows Introduction An AI-driven analysis of the EU Commission\u2019s cardiovascular health consultation shows a large majority (76%) in favour of harm reduction among those who spoke about it. While many submissions focused on broader health issues, a closer look at responses mentioning safer nicotine products and [&hellip;]\" \/>\n<meta property=\"og:url\" content=\"https:\/\/worldvapersalliance.com\/ro\/eu-cardiovascular-consultation-public-backs-safer-nicotine-products\/\" \/>\n<meta property=\"og:site_name\" content=\"World Vapers&#039; Alliance\" \/>\n<meta property=\"article:modified_time\" content=\"2025-10-06T09:53:24+00:00\" \/>\n<meta name=\"twitter:card\" content=\"summary_large_image\" \/>\n<meta name=\"twitter:label1\" content=\"Timp estimat pentru citire\" \/>\n\t<meta name=\"twitter:data1\" content=\"2 minute\" \/>\n<script type=\"application\/ld+json\" class=\"yoast-schema-graph\">{\"@context\":\"https:\\\/\\\/schema.org\",\"@graph\":[{\"@type\":\"WebPage\",\"@id\":\"https:\\\/\\\/worldvapersalliance.com\\\/eu-cardiovascular-consultation-public-backs-safer-nicotine-products\\\/\",\"url\":\"https:\\\/\\\/worldvapersalliance.com\\\/eu-cardiovascular-consultation-public-backs-safer-nicotine-products\\\/\",\"name\":\"EU Cardiovascular Consultation: Public backs safer nicotine products - World Vapers&#039; Alliance\",\"isPartOf\":{\"@id\":\"https:\\\/\\\/worldvapersalliance.com\\\/#website\"},\"datePublished\":\"2025-10-06T09:53:19+00:00\",\"dateModified\":\"2025-10-06T09:53:24+00:00\",\"inLanguage\":\"ro-RO\",\"potentialAction\":[{\"@type\":\"ReadAction\",\"target\":[\"https:\\\/\\\/worldvapersalliance.com\\\/eu-cardiovascular-consultation-public-backs-safer-nicotine-products\\\/\"]}]},{\"@type\":\"WebSite\",\"@id\":\"https:\\\/\\\/worldvapersalliance.com\\\/#website\",\"url\":\"https:\\\/\\\/worldvapersalliance.com\\\/\",\"name\":\"World Vapers&#039; Alliance\",\"description\":\"The largest community of vapers\",\"publisher\":{\"@id\":\"https:\\\/\\\/worldvapersalliance.com\\\/#organization\"},\"potentialAction\":[{\"@type\":\"SearchAction\",\"target\":{\"@type\":\"EntryPoint\",\"urlTemplate\":\"https:\\\/\\\/worldvapersalliance.com\\\/?s={search_term_string}\"},\"query-input\":{\"@type\":\"PropertyValueSpecification\",\"valueRequired\":true,\"valueName\":\"search_term_string\"}}],\"inLanguage\":\"ro-RO\"},{\"@type\":\"Organization\",\"@id\":\"https:\\\/\\\/worldvapersalliance.com\\\/#organization\",\"name\":\"World Vapers&#039; Alliance\",\"url\":\"https:\\\/\\\/worldvapersalliance.com\\\/\",\"logo\":{\"@type\":\"ImageObject\",\"inLanguage\":\"ro-RO\",\"@id\":\"https:\\\/\\\/worldvapersalliance.com\\\/#\\\/schema\\\/logo\\\/image\\\/\",\"url\":\"https:\\\/\\\/worldvapersalliance.com\\\/wp-content\\\/uploads\\\/2022\\\/01\\\/WVA_RB_Fist_G.png\",\"contentUrl\":\"https:\\\/\\\/worldvapersalliance.com\\\/wp-content\\\/uploads\\\/2022\\\/01\\\/WVA_RB_Fist_G.png\",\"width\":985,\"height\":1177,\"caption\":\"World Vapers&#039; Alliance\"},\"image\":{\"@id\":\"https:\\\/\\\/worldvapersalliance.com\\\/#\\\/schema\\\/logo\\\/image\\\/\"}}]}<\/script>\n<!-- \/ Yoast SEO plugin. -->","yoast_head_json":{"title":"Consultare UE privind bolile cardiovasculare: Publicul sus\u021bine produse cu nicotin\u0103 mai sigure - Alian\u021ba Mondial\u0103 a Vaperilor","robots":{"index":"index","follow":"follow","max-snippet":"max-snippet:-1","max-image-preview":"max-image-preview:large","max-video-preview":"max-video-preview:-1"},"canonical":"https:\/\/worldvapersalliance.com\/ro\/eu-cardiovascular-consultation-public-backs-safer-nicotine-products\/","og_locale":"ro_RO","og_type":"article","og_title":"EU Cardiovascular Consultation: Public backs safer nicotine products - World Vapers&#039; Alliance","og_description":"EU Cardiovascular Consultation: Public backs safer nicotine products, review shows Introduction An AI-driven analysis of the EU Commission\u2019s cardiovascular health consultation shows a large majority (76%) in favour of harm reduction among those who spoke about it. While many submissions focused on broader health issues, a closer look at responses mentioning safer nicotine products and [&hellip;]","og_url":"https:\/\/worldvapersalliance.com\/ro\/eu-cardiovascular-consultation-public-backs-safer-nicotine-products\/","og_site_name":"World Vapers&#039; Alliance","article_modified_time":"2025-10-06T09:53:24+00:00","twitter_card":"summary_large_image","twitter_misc":{"Timp estimat pentru citire":"2 minute"},"schema":{"@context":"https:\/\/schema.org","@graph":[{"@type":"WebPage","@id":"https:\/\/worldvapersalliance.com\/eu-cardiovascular-consultation-public-backs-safer-nicotine-products\/","url":"https:\/\/worldvapersalliance.com\/eu-cardiovascular-consultation-public-backs-safer-nicotine-products\/","name":"Consultare UE privind bolile cardiovasculare: Publicul sus\u021bine produse cu nicotin\u0103 mai sigure - Alian\u021ba Mondial\u0103 a Vaperilor","isPartOf":{"@id":"https:\/\/worldvapersalliance.com\/#website"},"datePublished":"2025-10-06T09:53:19+00:00","dateModified":"2025-10-06T09:53:24+00:00","inLanguage":"ro-RO","potentialAction":[{"@type":"ReadAction","target":["https:\/\/worldvapersalliance.com\/eu-cardiovascular-consultation-public-backs-safer-nicotine-products\/"]}]},{"@type":"WebSite","@id":"https:\/\/worldvapersalliance.com\/#website","url":"https:\/\/worldvapersalliance.com\/","name":"Alian\u021ba Mondial\u0103 a Vaporatorilor","description":"Cea mai mare comunitate de vapoare","publisher":{"@id":"https:\/\/worldvapersalliance.com\/#organization"},"potentialAction":[{"@type":"SearchAction","target":{"@type":"EntryPoint","urlTemplate":"https:\/\/worldvapersalliance.com\/?s={search_term_string}"},"query-input":{"@type":"PropertyValueSpecification","valueRequired":true,"valueName":"search_term_string"}}],"inLanguage":"ro-RO"},{"@type":"Organization","@id":"https:\/\/worldvapersalliance.com\/#organization","name":"Alian\u021ba Mondial\u0103 a Vaporatorilor","url":"https:\/\/worldvapersalliance.com\/","logo":{"@type":"ImageObject","inLanguage":"ro-RO","@id":"https:\/\/worldvapersalliance.com\/#\/schema\/logo\/image\/","url":"https:\/\/worldvapersalliance.com\/wp-content\/uploads\/2022\/01\/WVA_RB_Fist_G.png","contentUrl":"https:\/\/worldvapersalliance.com\/wp-content\/uploads\/2022\/01\/WVA_RB_Fist_G.png","width":985,"height":1177,"caption":"World Vapers&#039; Alliance"},"image":{"@id":"https:\/\/worldvapersalliance.com\/#\/schema\/logo\/image\/"}}]}},"_links":{"self":[{"href":"https:\/\/worldvapersalliance.com\/ro\/wp-json\/wp\/v2\/pages\/6513","targetHints":{"allow":["GET"]}}],"collection":[{"href":"https:\/\/worldvapersalliance.com\/ro\/wp-json\/wp\/v2\/pages"}],"about":[{"href":"https:\/\/worldvapersalliance.com\/ro\/wp-json\/wp\/v2\/types\/page"}],"author":[{"embeddable":true,"href":"https:\/\/worldvapersalliance.com\/ro\/wp-json\/wp\/v2\/users\/8"}],"replies":[{"embeddable":true,"href":"https:\/\/worldvapersalliance.com\/ro\/wp-json\/wp\/v2\/comments?post=6513"}],"version-history":[{"count":0,"href":"https:\/\/worldvapersalliance.com\/ro\/wp-json\/wp\/v2\/pages\/6513\/revisions"}],"wp:attachment":[{"href":"https:\/\/worldvapersalliance.com\/ro\/wp-json\/wp\/v2\/media?parent=6513"}],"curies":[{"name":"wp","href":"https:\/\/api.w.org\/{rel}","templated":true}]}}