{"id":6513,"date":"2025-10-06T05:53:19","date_gmt":"2025-10-06T09:53:19","guid":{"rendered":"https:\/\/worldvapersalliance.com\/?page_id=6513"},"modified":"2025-10-06T05:53:24","modified_gmt":"2025-10-06T09:53:24","slug":"eu-cardiovascular-consultation-public-backs-safer-nicotine-products","status":"publish","type":"page","link":"https:\/\/worldvapersalliance.com\/pt\/eu-cardiovascular-consultation-public-backs-safer-nicotine-products\/","title":{"rendered":"Consulta Cardiovascular da UE: P\u00fablico apoia produtos de nicotina mais seguros"},"content":{"rendered":"<div data-elementor-type=\"wp-page\" data-elementor-id=\"6513\" class=\"elementor elementor-6513\" data-elementor-post-type=\"page\">\n\t\t\t\t\t\t<section class=\"elementor-section elementor-top-section elementor-element elementor-element-624a795 elementor-section-height-min-height elementor-section-full_width elementor-section-height-default elementor-section-items-middle\" data-id=\"624a795\" data-element_type=\"section\" data-e-type=\"section\" data-settings=\"{&quot;background_background&quot;:&quot;classic&quot;}\">\n\t\t\t\t\t\t<div class=\"elementor-container elementor-column-gap-default\">\n\t\t\t\t\t<div class=\"elementor-column elementor-col-100 elementor-top-column elementor-element elementor-element-4a8f72e6\" data-id=\"4a8f72e6\" data-element_type=\"column\" data-e-type=\"column\">\n\t\t\t<div class=\"elementor-widget-wrap elementor-element-populated\">\n\t\t\t\t\t\t<div class=\"elementor-element elementor-element-65af89bc elementor-widget elementor-widget-heading\" data-id=\"65af89bc\" data-element_type=\"widget\" data-e-type=\"widget\" data-widget_type=\"heading.default\">\n\t\t\t\t<div class=\"elementor-widget-container\">\n\t\t\t\t\t<h2 class=\"elementor-heading-title elementor-size-default\">Consulta Cardiovascular da UE: <br> Pesquisa mostra que o p\u00fablico apoia produtos de nicotina mais seguros.<\/h2>\t\t\t\t<\/div>\n\t\t\t\t<\/div>\n\t\t\t\t\t<\/div>\n\t\t<\/div>\n\t\t\t\t\t<\/div>\n\t\t<\/section>\n\t\t\t\t<section class=\"elementor-section elementor-top-section elementor-element elementor-element-299d9fa7 elementor-section-height-min-height elementor-section-boxed elementor-section-height-default elementor-section-items-middle\" data-id=\"299d9fa7\" data-element_type=\"section\" data-e-type=\"section\" data-settings=\"{&quot;background_background&quot;:&quot;classic&quot;}\">\n\t\t\t\t\t\t<div class=\"elementor-container elementor-column-gap-default\">\n\t\t\t\t\t<div class=\"elementor-column elementor-col-100 elementor-top-column elementor-element elementor-element-2bd4487\" data-id=\"2bd4487\" data-element_type=\"column\" data-e-type=\"column\">\n\t\t\t<div class=\"elementor-widget-wrap elementor-element-populated\">\n\t\t\t\t\t\t<section class=\"elementor-section elementor-inner-section elementor-element elementor-element-41f62fbd elementor-section-boxed elementor-section-height-default elementor-section-height-default\" data-id=\"41f62fbd\" data-element_type=\"section\" data-e-type=\"section\">\n\t\t\t\t\t\t<div class=\"elementor-container elementor-column-gap-default\">\n\t\t\t\t\t<div class=\"elementor-column elementor-col-100 elementor-inner-column elementor-element elementor-element-2156ce5b\" data-id=\"2156ce5b\" data-element_type=\"column\" data-e-type=\"column\">\n\t\t\t<div class=\"elementor-widget-wrap elementor-element-populated\">\n\t\t\t\t\t\t<div class=\"elementor-element elementor-element-3c1cd75f elementor-widget elementor-widget-heading\" data-id=\"3c1cd75f\" data-element_type=\"widget\" data-e-type=\"widget\" data-widget_type=\"heading.default\">\n\t\t\t\t<div class=\"elementor-widget-container\">\n\t\t\t\t\t<h2 class=\"elementor-heading-title elementor-size-medium\">Introdu\u00e7\u00e3o<\/h2>\t\t\t\t<\/div>\n\t\t\t\t<\/div>\n\t\t\t\t\t<\/div>\n\t\t<\/div>\n\t\t\t\t\t<\/div>\n\t\t<\/section>\n\t\t\t\t<section class=\"elementor-section elementor-inner-section elementor-element elementor-element-5282c752 elementor-section-full_width elementor-section-height-default elementor-section-height-default\" data-id=\"5282c752\" data-element_type=\"section\" data-e-type=\"section\">\n\t\t\t\t\t\t<div class=\"elementor-container elementor-column-gap-default\">\n\t\t\t\t\t<div class=\"elementor-column elementor-col-100 elementor-inner-column elementor-element elementor-element-1cbc264c\" data-id=\"1cbc264c\" data-element_type=\"column\" data-e-type=\"column\">\n\t\t\t<div class=\"elementor-widget-wrap elementor-element-populated\">\n\t\t\t\t\t\t<div class=\"elementor-element elementor-element-68abfe9e purple-bullets elementor-widget elementor-widget-text-editor\" data-id=\"68abfe9e\" data-element_type=\"widget\" data-e-type=\"widget\" data-widget_type=\"text-editor.default\">\n\t\t\t\t<div class=\"elementor-widget-container\">\n\t\t\t\t\t\t\t\t\t<p><span style=\"font-weight: 400;\">Uma an\u00e1lise orientada por IA<\/span><span style=\"font-weight: 400;\"> da Comiss\u00e3o Europeia sobre sa\u00fade cardiovascular <\/span><a href=\"https:\/\/ec.europa.eu\/info\/law\/better-regulation\/have-your-say\/initiatives\/14755-EU-cardiovascular-health-plan\/feedback_en?p_id=20242\"><span style=\"font-weight: 400;\">consulta<\/span><\/a><span style=\"font-weight: 400;\"> mostra um <\/span><b>Grande maioria (76%) a favor da redu\u00e7\u00e3o de danos.<\/b><span style=\"font-weight: 400;\"> entre aqueles que se manifestaram sobre o assunto. Embora muitas contribui\u00e7\u00f5es tenham se concentrado em quest\u00f5es de sa\u00fade mais amplas, uma an\u00e1lise mais detalhada das respostas que mencionam produtos de nicotina mais seguros e redu\u00e7\u00e3o de danos revela um claro apoio p\u00fablico.<\/span><\/p><p><span style=\"font-weight: 400;\">Entre os que abordaram a quest\u00e3o da redu\u00e7\u00e3o de danos, a maioria defendeu que a UE inclu\u00edsse alternativas menos prejudiciais, como cigarros eletr\u00f4nicos, sach\u00eas de nicotina, tabaco aquecido e snus, a fim de reduzir as taxas de tabagismo e prevenir doen\u00e7as. A oposi\u00e7\u00e3o a essa abordagem foi rara e veio principalmente de grupos tradicionais de controle do tabaco e de algumas organiza\u00e7\u00f5es internacionais de sa\u00fade. O padr\u00e3o \u00e9 simples: quando se levanta a quest\u00e3o do tabaco e da redu\u00e7\u00e3o de danos, a maioria dos entrevistados deseja que a UE apoie op\u00e7\u00f5es menos prejudiciais.<\/span><\/p><p><span style=\"font-weight: 400;\">\u00c9 importante notar que esses resultados prov\u00eam de an\u00e1lises de palavras-chave por IA e oferecem uma forte tend\u00eancia, mas \u00e9 preciso cautela na interpreta\u00e7\u00e3o dos detalhes. Mesmo assim, essas evid\u00eancias tornam dif\u00edcil ignorar o que as pessoas realmente desejam.<\/span><\/p>\t\t\t\t\t\t\t\t<\/div>\n\t\t\t\t<\/div>\n\t\t\t\t<div class=\"elementor-element elementor-element-a435788 elementor-widget elementor-widget-heading\" data-id=\"a435788\" data-element_type=\"widget\" data-e-type=\"widget\" data-widget_type=\"heading.default\">\n\t\t\t\t<div class=\"elementor-widget-container\">\n\t\t\t\t\t<h2 class=\"elementor-heading-title elementor-size-default\">Resultados em resumo:\n<\/h2>\t\t\t\t<\/div>\n\t\t\t\t<\/div>\n\t\t\t\t<div class=\"elementor-element elementor-element-93cb5cc elementor-widget elementor-widget-text-editor\" data-id=\"93cb5cc\" data-element_type=\"widget\" data-e-type=\"widget\" data-widget_type=\"text-editor.default\">\n\t\t\t\t<div class=\"elementor-widget-container\">\n\t\t\t\t\t\t\t\t\t<p><strong><span style=\"color: #000000;\">Todas as submiss\u00f5es (677 no total)<\/span><\/strong><\/p><p><span style=\"font-weight: 400; color: #000000;\">\u2013 N\u00e3o mencionou redu\u00e7\u00e3o de danos ou produtos relacionados: 506 (74.7%)<\/span><\/p><p><span style=\"font-weight: 400; color: #000000;\">\u2013 Positivo em rela\u00e7\u00e3o \u00e0 redu\u00e7\u00e3o de danos: 130 (19.2%)<\/span><\/p><p><span style=\"font-weight: 400; color: #000000;\">\u2013 Neutro: 25 (3,7%)<\/span><\/p><p><span style=\"font-weight: 400; color: #000000;\">\u2013 Negativo: 16 (2,4%)<\/span><\/p><p><strong><span style=\"color: #000000;\">Submiss\u00f5es que mencionam a redu\u00e7\u00e3o de danos (171 no total)<\/span><\/strong><\/p><p><span style=\"font-weight: 400; color: #000000;\">\u2013 Positivo: 130 (76%)<\/span><\/p><p><span style=\"font-weight: 400; color: #000000;\">\u2013 Neutro: 25 (15%)<\/span><\/p><p><span style=\"font-weight: 400; color: #000000;\">\u2013 Negativo: 16 (9%)<\/span><\/p><p>\u00a0<\/p><p><span style=\"color: #000000;\"><span style=\"font-weight: 400;\">A Alian\u00e7a Mundial dos Cigarros Eletr\u00f4nicos (WVA) apela \u00e0 Comiss\u00e3o Europeia para que deixe de tratar a redu\u00e7\u00e3o de danos como uma amea\u00e7a. <\/span><a style=\"color: #000000;\" href=\"https:\/\/worldvapersalliance.com\/pt\/harm-reduction-vaping-fact-sheet\/\"><span style=\"font-weight: 400;\">ci\u00eancia<\/span><\/a><span style=\"font-weight: 400;\"> \u00c9 claro: \u00e9 a fuma\u00e7a que faz mal, n\u00e3o a nicotina presente nos cigarros eletr\u00f4nicos ou nas bolsas de nicotina. <\/span><a style=\"color: #000000;\" href=\"https:\/\/worldvapersalliance.com\/wp-content\/uploads\/2025\/06\/Champions-of-Change-Harm-Reduction-Victory.pdf\"><span style=\"font-weight: 400;\">Pa\u00edses<\/span><\/a><span style=\"font-weight: 400;\"> Assim como a Su\u00e9cia, a Rep\u00fablica Tcheca e a Gr\u00e9cia est\u00e3o na vanguarda ao adotar a redu\u00e7\u00e3o de danos. A Su\u00e9cia \u00e9 praticamente livre do tabaco porque apoia alternativas menos nocivas. A UE deveria seguir esse modelo bem-sucedido em vez de se apegar a ideologias ultrapassadas e desinforma\u00e7\u00e3o.<\/span><\/span><\/p><p><span style=\"color: #000000;\"><span style=\"font-weight: 400;\">Recente <\/span><a style=\"color: #000000;\" href=\"https:\/\/worldvapersalliance.com\/pt\/brussels-official-policy-harm-reduction-pushed-aside-in-favour-of-outdated-myths\/\"><span style=\"font-weight: 400;\">declara\u00e7\u00f5es<\/span><\/a><span style=\"font-weight: 400;\"> A Comiss\u00e3o Europeia afirma erroneamente que os novos produtos de nicotina apresentam riscos \u201ccompar\u00e1veis aos do tabagismo\u201d. Essas afirma\u00e7\u00f5es contradizem praticamente todas as principais revis\u00f5es cient\u00edficas. Pol\u00edticas baseadas em desinforma\u00e7\u00e3o perpetuam o tabagismo, custam vidas e ignoram estrat\u00e9gias de sa\u00fade p\u00fablica baseadas em evid\u00eancias. Realizar consultas p\u00fablicas \u00e9 in\u00fatil se os resultados j\u00e1 est\u00e3o definidos e a participa\u00e7\u00e3o dos cidad\u00e3os serve apenas como pretexto para decis\u00f5es preestabelecidas.<\/span><\/span><\/p><p><span style=\"font-weight: 400; color: #000000;\">A UE precisa ouvir seus cidad\u00e3os \u2014 caso contr\u00e1rio, as consultas s\u00e3o uma farsa. Os formuladores de pol\u00edticas devem basear as decis\u00f5es de sa\u00fade em fatos, n\u00e3o em medo ou mitos ultrapassados. Fumantes, usu\u00e1rios de cigarros eletr\u00f4nicos e outros consumidores de nicotina merecem ter op\u00e7\u00f5es reais e informa\u00e7\u00f5es precisas. A Europa deve liderar a redu\u00e7\u00e3o de danos, e n\u00e3o ignorar suas pr\u00f3prias hist\u00f3rias de sucesso ou a vontade de seu povo.<\/span><\/p>\t\t\t\t\t\t\t\t<\/div>\n\t\t\t\t<\/div>\n\t\t\t\t\t<\/div>\n\t\t<\/div>\n\t\t\t\t\t<\/div>\n\t\t<\/section>\n\t\t\t\t\t<\/div>\n\t\t<\/div>\n\t\t\t\t\t<\/div>\n\t\t<\/section>\n\t\t\t\t<section class=\"elementor-section elementor-top-section elementor-element elementor-element-19752e60 elementor-section-height-min-height elementor-section-items-top elementor-section-boxed elementor-section-height-default\" data-id=\"19752e60\" data-element_type=\"section\" data-e-type=\"section\" data-settings=\"{&quot;background_background&quot;:&quot;classic&quot;}\">\n\t\t\t\t\t\t<div class=\"elementor-container elementor-column-gap-default\">\n\t\t\t\t\t<div class=\"elementor-column elementor-col-100 elementor-top-column elementor-element elementor-element-13ce65de\" data-id=\"13ce65de\" data-element_type=\"column\" data-e-type=\"column\">\n\t\t\t<div class=\"elementor-widget-wrap elementor-element-populated\">\n\t\t\t\t\t\t<section class=\"elementor-section elementor-inner-section elementor-element elementor-element-5c4bd78d elementor-section-boxed elementor-section-height-default elementor-section-height-default\" data-id=\"5c4bd78d\" data-element_type=\"section\" data-e-type=\"section\">\n\t\t\t\t\t\t<div class=\"elementor-container elementor-column-gap-default\">\n\t\t\t\t\t<div class=\"elementor-column elementor-col-100 elementor-inner-column elementor-element elementor-element-7ca7eda\" data-id=\"7ca7eda\" data-element_type=\"column\" data-e-type=\"column\">\n\t\t\t<div class=\"elementor-widget-wrap elementor-element-populated\">\n\t\t\t\t\t\t<div class=\"elementor-element elementor-element-500dff8b elementor-widget elementor-widget-heading\" data-id=\"500dff8b\" data-element_type=\"widget\" data-e-type=\"widget\" data-widget_type=\"heading.default\">\n\t\t\t\t<div class=\"elementor-widget-container\">\n\t\t\t\t\t<h2 class=\"elementor-heading-title elementor-size-medium\">Leia o relat\u00f3rio completo.<\/h2>\t\t\t\t<\/div>\n\t\t\t\t<\/div>\n\t\t\t\t\t<\/div>\n\t\t<\/div>\n\t\t\t\t\t<\/div>\n\t\t<\/section>\n\t\t\t\t<section class=\"elementor-section elementor-inner-section elementor-element elementor-element-1676de52 elementor-section-full_width elementor-section-height-default elementor-section-height-default\" data-id=\"1676de52\" data-element_type=\"section\" data-e-type=\"section\">\n\t\t\t\t\t\t<div class=\"elementor-container elementor-column-gap-default\">\n\t\t\t\t\t<div class=\"elementor-column elementor-col-100 elementor-inner-column elementor-element elementor-element-70f408bc\" data-id=\"70f408bc\" data-element_type=\"column\" data-e-type=\"column\">\n\t\t\t<div class=\"elementor-widget-wrap elementor-element-populated\">\n\t\t\t\t\t\t<div class=\"elementor-element elementor-element-293ede6 elementor-align-center elementor-widget elementor-widget-button\" data-id=\"293ede6\" data-element_type=\"widget\" data-e-type=\"widget\" data-widget_type=\"button.default\">\n\t\t\t\t<div class=\"elementor-widget-container\">\n\t\t\t\t\t\t\t\t\t<div class=\"elementor-button-wrapper\">\n\t\t\t\t\t<a class=\"elementor-button elementor-button-link elementor-size-sm\" href=\"https:\/\/worldvapersalliance.com\/wp-content\/uploads\/2025\/09\/EU-Cardiovascular-Consultation_.pdf\" target=\"_blank\">\n\t\t\t\t\t\t<span class=\"elementor-button-content-wrapper\">\n\t\t\t\t\t\t\t\t\t<span class=\"elementor-button-text\">Download<\/span>\n\t\t\t\t\t<\/span>\n\t\t\t\t\t<\/a>\n\t\t\t\t<\/div>\n\t\t\t\t\t\t\t\t<\/div>\n\t\t\t\t<\/div>\n\t\t\t\t\t<\/div>\n\t\t<\/div>\n\t\t\t\t\t<\/div>\n\t\t<\/section>\n\t\t\t\t\t<\/div>\n\t\t<\/div>\n\t\t\t\t\t<\/div>\n\t\t<\/section>\n\t\t\t\t<section class=\"elementor-section elementor-top-section elementor-element elementor-element-1daa277b elementor-section-boxed elementor-section-height-default elementor-section-height-default\" data-id=\"1daa277b\" data-element_type=\"section\" data-e-type=\"section\" data-settings=\"{&quot;background_background&quot;:&quot;classic&quot;}\">\n\t\t\t\t\t\t<div class=\"elementor-container elementor-column-gap-default\">\n\t\t\t\t\t<div class=\"elementor-column elementor-col-100 elementor-top-column elementor-element elementor-element-5c3ea3e3\" data-id=\"5c3ea3e3\" data-element_type=\"column\" data-e-type=\"column\">\n\t\t\t<div class=\"elementor-widget-wrap elementor-element-populated\">\n\t\t\t\t\t\t<div class=\"elementor-element elementor-element-245aa095 elementor-widget elementor-widget-heading\" data-id=\"245aa095\" data-element_type=\"widget\" data-e-type=\"widget\" data-widget_type=\"heading.default\">\n\t\t\t\t<div class=\"elementor-widget-container\">\n\t\t\t\t\t<h2 class=\"elementor-heading-title elementor-size-default\">Compartilhe nas redes sociais<\/h2>\t\t\t\t<\/div>\n\t\t\t\t<\/div>\n\t\t\t\t<div class=\"elementor-element elementor-element-7d3a5fe9 elementor-shape-circle elementor-grid-0 e-grid-align-center elementor-widget elementor-widget-social-icons\" data-id=\"7d3a5fe9\" data-element_type=\"widget\" data-e-type=\"widget\" data-widget_type=\"social-icons.default\">\n\t\t\t\t<div class=\"elementor-widget-container\">\n\t\t\t\t\t\t\t<div class=\"elementor-social-icons-wrapper elementor-grid\" role=\"list\">\n\t\t\t\t\t\t\t<span class=\"elementor-grid-item\" role=\"listitem\">\n\t\t\t\t\t<a class=\"elementor-icon elementor-social-icon elementor-social-icon-facebook elementor-repeater-item-b603d12\" href=\"https:\/\/www.facebook.com\/World-Vapers-Alliance-112282503640772\/\" target=\"_blank\">\n\t\t\t\t\t\t<span class=\"elementor-screen-only\">Facebook<\/span>\n\t\t\t\t\t\t<i aria-hidden=\"true\" class=\"fab fa-facebook\"><\/i>\t\t\t\t\t<\/a>\n\t\t\t\t<\/span>\n\t\t\t\t\t\t\t<span class=\"elementor-grid-item\" role=\"listitem\">\n\t\t\t\t\t<a class=\"elementor-icon elementor-social-icon elementor-social-icon-linkedin elementor-repeater-item-06c4c45\" target=\"_blank\">\n\t\t\t\t\t\t<span class=\"elementor-screen-only\">Linkedin<\/span>\n\t\t\t\t\t\t<i aria-hidden=\"true\" class=\"fab fa-linkedin\"><\/i>\t\t\t\t\t<\/a>\n\t\t\t\t<\/span>\n\t\t\t\t\t\t\t<span class=\"elementor-grid-item\" role=\"listitem\">\n\t\t\t\t\t<a class=\"elementor-icon elementor-social-icon elementor-social-icon-twitter elementor-repeater-item-a6d87a6\" href=\"https:\/\/twitter.com\/vapers_alliance\/\" target=\"_blank\">\n\t\t\t\t\t\t<span class=\"elementor-screen-only\">Twitter<\/span>\n\t\t\t\t\t\t<i aria-hidden=\"true\" class=\"fab fa-twitter\"><\/i>\t\t\t\t\t<\/a>\n\t\t\t\t<\/span>\n\t\t\t\t\t<\/div>\n\t\t\t\t\t\t<\/div>\n\t\t\t\t<\/div>\n\t\t\t\t\t<\/div>\n\t\t<\/div>\n\t\t\t\t\t<\/div>\n\t\t<\/section>\n\t\t\t\t<section class=\"elementor-section elementor-top-section elementor-element elementor-element-3a3300e5 elementor-section-boxed elementor-section-height-default elementor-section-height-default\" data-id=\"3a3300e5\" data-element_type=\"section\" data-e-type=\"section\" data-settings=\"{&quot;background_background&quot;:&quot;classic&quot;}\">\n\t\t\t\t\t\t<div class=\"elementor-container elementor-column-gap-default\">\n\t\t\t\t\t<div class=\"elementor-column elementor-col-100 elementor-top-column elementor-element elementor-element-2ca42ae5\" data-id=\"2ca42ae5\" data-element_type=\"column\" data-e-type=\"column\">\n\t\t\t<div class=\"elementor-widget-wrap\">\n\t\t\t\t\t\t\t<\/div>\n\t\t<\/div>\n\t\t\t\t\t<\/div>\n\t\t<\/section>\n\t\t\t\t<\/div>","protected":false},"excerpt":{"rendered":"<p>EU Cardiovascular Consultation: Public backs safer nicotine products, review shows Introduction An AI-driven analysis of the EU Commission\u2019s cardiovascular health consultation shows a large majority (76%) in favour of harm reduction among those who spoke about it. While many submissions focused on broader health issues, a closer look at responses mentioning safer nicotine products and [&hellip;]<\/p>\n","protected":false},"author":8,"featured_media":0,"parent":0,"menu_order":0,"comment_status":"closed","ping_status":"closed","template":"elementor_header_footer","meta":{"footnotes":""},"class_list":["post-6513","page","type-page","status-publish","hentry"],"yoast_head":"<!-- This site is optimized with the Yoast SEO plugin v27.3 - https:\/\/yoast.com\/product\/yoast-seo-wordpress\/ -->\n<title>EU Cardiovascular Consultation: Public backs safer nicotine products - World Vapers&#039; Alliance<\/title>\n<meta name=\"robots\" content=\"index, follow, max-snippet:-1, max-image-preview:large, max-video-preview:-1\" \/>\n<link rel=\"canonical\" href=\"https:\/\/worldvapersalliance.com\/pt\/eu-cardiovascular-consultation-public-backs-safer-nicotine-products\/\" \/>\n<meta property=\"og:locale\" content=\"pt_PT\" \/>\n<meta property=\"og:type\" content=\"article\" \/>\n<meta property=\"og:title\" content=\"EU Cardiovascular Consultation: Public backs safer nicotine products - World Vapers&#039; Alliance\" \/>\n<meta property=\"og:description\" content=\"EU Cardiovascular Consultation: Public backs safer nicotine products, review shows Introduction An AI-driven analysis of the EU Commission\u2019s cardiovascular health consultation shows a large majority (76%) in favour of harm reduction among those who spoke about it. While many submissions focused on broader health issues, a closer look at responses mentioning safer nicotine products and [&hellip;]\" \/>\n<meta property=\"og:url\" content=\"https:\/\/worldvapersalliance.com\/pt\/eu-cardiovascular-consultation-public-backs-safer-nicotine-products\/\" \/>\n<meta property=\"og:site_name\" content=\"World Vapers&#039; Alliance\" \/>\n<meta property=\"article:modified_time\" content=\"2025-10-06T09:53:24+00:00\" \/>\n<meta name=\"twitter:card\" content=\"summary_large_image\" \/>\n<meta name=\"twitter:label1\" content=\"Tempo estimado de leitura\" \/>\n\t<meta name=\"twitter:data1\" content=\"2 minutos\" \/>\n<script type=\"application\/ld+json\" class=\"yoast-schema-graph\">{\"@context\":\"https:\\\/\\\/schema.org\",\"@graph\":[{\"@type\":\"WebPage\",\"@id\":\"https:\\\/\\\/worldvapersalliance.com\\\/eu-cardiovascular-consultation-public-backs-safer-nicotine-products\\\/\",\"url\":\"https:\\\/\\\/worldvapersalliance.com\\\/eu-cardiovascular-consultation-public-backs-safer-nicotine-products\\\/\",\"name\":\"EU Cardiovascular Consultation: Public backs safer nicotine products - World Vapers&#039; Alliance\",\"isPartOf\":{\"@id\":\"https:\\\/\\\/worldvapersalliance.com\\\/#website\"},\"datePublished\":\"2025-10-06T09:53:19+00:00\",\"dateModified\":\"2025-10-06T09:53:24+00:00\",\"inLanguage\":\"pt-PT\",\"potentialAction\":[{\"@type\":\"ReadAction\",\"target\":[\"https:\\\/\\\/worldvapersalliance.com\\\/eu-cardiovascular-consultation-public-backs-safer-nicotine-products\\\/\"]}]},{\"@type\":\"WebSite\",\"@id\":\"https:\\\/\\\/worldvapersalliance.com\\\/#website\",\"url\":\"https:\\\/\\\/worldvapersalliance.com\\\/\",\"name\":\"World Vapers&#039; Alliance\",\"description\":\"The largest community of vapers\",\"publisher\":{\"@id\":\"https:\\\/\\\/worldvapersalliance.com\\\/#organization\"},\"potentialAction\":[{\"@type\":\"SearchAction\",\"target\":{\"@type\":\"EntryPoint\",\"urlTemplate\":\"https:\\\/\\\/worldvapersalliance.com\\\/?s={search_term_string}\"},\"query-input\":{\"@type\":\"PropertyValueSpecification\",\"valueRequired\":true,\"valueName\":\"search_term_string\"}}],\"inLanguage\":\"pt-PT\"},{\"@type\":\"Organization\",\"@id\":\"https:\\\/\\\/worldvapersalliance.com\\\/#organization\",\"name\":\"World Vapers&#039; Alliance\",\"url\":\"https:\\\/\\\/worldvapersalliance.com\\\/\",\"logo\":{\"@type\":\"ImageObject\",\"inLanguage\":\"pt-PT\",\"@id\":\"https:\\\/\\\/worldvapersalliance.com\\\/#\\\/schema\\\/logo\\\/image\\\/\",\"url\":\"https:\\\/\\\/worldvapersalliance.com\\\/wp-content\\\/uploads\\\/2022\\\/01\\\/WVA_RB_Fist_G.png\",\"contentUrl\":\"https:\\\/\\\/worldvapersalliance.com\\\/wp-content\\\/uploads\\\/2022\\\/01\\\/WVA_RB_Fist_G.png\",\"width\":985,\"height\":1177,\"caption\":\"World Vapers&#039; Alliance\"},\"image\":{\"@id\":\"https:\\\/\\\/worldvapersalliance.com\\\/#\\\/schema\\\/logo\\\/image\\\/\"}}]}<\/script>\n<!-- \/ Yoast SEO plugin. -->","yoast_head_json":{"title":"Consulta Cardiovascular da UE: P\u00fablico apoia produtos de nicotina mais seguros - Alian\u00e7a Mundial de Vapers","robots":{"index":"index","follow":"follow","max-snippet":"max-snippet:-1","max-image-preview":"max-image-preview:large","max-video-preview":"max-video-preview:-1"},"canonical":"https:\/\/worldvapersalliance.com\/pt\/eu-cardiovascular-consultation-public-backs-safer-nicotine-products\/","og_locale":"pt_PT","og_type":"article","og_title":"EU Cardiovascular Consultation: Public backs safer nicotine products - World Vapers&#039; Alliance","og_description":"EU Cardiovascular Consultation: Public backs safer nicotine products, review shows Introduction An AI-driven analysis of the EU Commission\u2019s cardiovascular health consultation shows a large majority (76%) in favour of harm reduction among those who spoke about it. While many submissions focused on broader health issues, a closer look at responses mentioning safer nicotine products and [&hellip;]","og_url":"https:\/\/worldvapersalliance.com\/pt\/eu-cardiovascular-consultation-public-backs-safer-nicotine-products\/","og_site_name":"World Vapers&#039; Alliance","article_modified_time":"2025-10-06T09:53:24+00:00","twitter_card":"summary_large_image","twitter_misc":{"Tempo estimado de leitura":"2 minutos"},"schema":{"@context":"https:\/\/schema.org","@graph":[{"@type":"WebPage","@id":"https:\/\/worldvapersalliance.com\/eu-cardiovascular-consultation-public-backs-safer-nicotine-products\/","url":"https:\/\/worldvapersalliance.com\/eu-cardiovascular-consultation-public-backs-safer-nicotine-products\/","name":"Consulta Cardiovascular da UE: P\u00fablico apoia produtos de nicotina mais seguros - Alian\u00e7a Mundial de Vapers","isPartOf":{"@id":"https:\/\/worldvapersalliance.com\/#website"},"datePublished":"2025-10-06T09:53:19+00:00","dateModified":"2025-10-06T09:53:24+00:00","inLanguage":"pt-PT","potentialAction":[{"@type":"ReadAction","target":["https:\/\/worldvapersalliance.com\/eu-cardiovascular-consultation-public-backs-safer-nicotine-products\/"]}]},{"@type":"WebSite","@id":"https:\/\/worldvapersalliance.com\/#website","url":"https:\/\/worldvapersalliance.com\/","name":"Alian\u00e7a Mundial de Vapers","description":"A maior comunidade de vapers","publisher":{"@id":"https:\/\/worldvapersalliance.com\/#organization"},"potentialAction":[{"@type":"SearchAction","target":{"@type":"EntryPoint","urlTemplate":"https:\/\/worldvapersalliance.com\/?s={search_term_string}"},"query-input":{"@type":"PropertyValueSpecification","valueRequired":true,"valueName":"search_term_string"}}],"inLanguage":"pt-PT"},{"@type":"Organization","@id":"https:\/\/worldvapersalliance.com\/#organization","name":"Alian\u00e7a Mundial de Vapers","url":"https:\/\/worldvapersalliance.com\/","logo":{"@type":"ImageObject","inLanguage":"pt-PT","@id":"https:\/\/worldvapersalliance.com\/#\/schema\/logo\/image\/","url":"https:\/\/worldvapersalliance.com\/wp-content\/uploads\/2022\/01\/WVA_RB_Fist_G.png","contentUrl":"https:\/\/worldvapersalliance.com\/wp-content\/uploads\/2022\/01\/WVA_RB_Fist_G.png","width":985,"height":1177,"caption":"World Vapers&#039; Alliance"},"image":{"@id":"https:\/\/worldvapersalliance.com\/#\/schema\/logo\/image\/"}}]}},"_links":{"self":[{"href":"https:\/\/worldvapersalliance.com\/pt\/wp-json\/wp\/v2\/pages\/6513","targetHints":{"allow":["GET"]}}],"collection":[{"href":"https:\/\/worldvapersalliance.com\/pt\/wp-json\/wp\/v2\/pages"}],"about":[{"href":"https:\/\/worldvapersalliance.com\/pt\/wp-json\/wp\/v2\/types\/page"}],"author":[{"embeddable":true,"href":"https:\/\/worldvapersalliance.com\/pt\/wp-json\/wp\/v2\/users\/8"}],"replies":[{"embeddable":true,"href":"https:\/\/worldvapersalliance.com\/pt\/wp-json\/wp\/v2\/comments?post=6513"}],"version-history":[{"count":0,"href":"https:\/\/worldvapersalliance.com\/pt\/wp-json\/wp\/v2\/pages\/6513\/revisions"}],"wp:attachment":[{"href":"https:\/\/worldvapersalliance.com\/pt\/wp-json\/wp\/v2\/media?parent=6513"}],"curies":[{"name":"wp","href":"https:\/\/api.w.org\/{rel}","templated":true}]}}