{"id":921,"date":"2022-03-19T15:04:11","date_gmt":"2022-03-19T19:04:11","guid":{"rendered":"https:\/\/cccwva.wpengine.com\/?page_id=921"},"modified":"2022-08-12T15:15:04","modified_gmt":"2022-08-12T19:15:04","slug":"bvbs-action-center","status":"publish","type":"page","link":"https:\/\/worldvapersalliance.com\/fr\/bvbs-action-center\/","title":{"rendered":"Centre d&#039;action BVBS"},"content":{"rendered":"<div data-elementor-type=\"wp-page\" data-elementor-id=\"921\" class=\"elementor elementor-921\" data-elementor-post-type=\"page\">\n\t\t\t\t\t\t<section class=\"elementor-section elementor-top-section elementor-element elementor-element-77b236f elementor-section-full_width elementor-section-height-min-height elementor-section-items-bottom elementor-section-content-middle elementor-section-height-default\" data-id=\"77b236f\" data-element_type=\"section\" data-e-type=\"section\" data-settings=\"{&quot;background_background&quot;:&quot;classic&quot;}\">\n\t\t\t\t\t\t<div class=\"elementor-container elementor-column-gap-default\">\n\t\t\t\t\t<div class=\"elementor-column elementor-col-100 elementor-top-column elementor-element elementor-element-f35f3ab\" data-id=\"f35f3ab\" data-element_type=\"column\" data-e-type=\"column\">\n\t\t\t<div class=\"elementor-widget-wrap elementor-element-populated\">\n\t\t\t\t\t\t<div class=\"elementor-element elementor-element-c1b90d1 elementor-widget elementor-widget-heading\" data-id=\"c1b90d1\" data-element_type=\"widget\" data-e-type=\"widget\" data-widget_type=\"heading.default\">\n\t\t\t\t<div class=\"elementor-widget-container\">\n\t\t\t\t\t<h2 class=\"elementor-heading-title elementor-size-default\">Partagez votre histoire\u00a0!<\/h2>\t\t\t\t<\/div>\n\t\t\t\t<\/div>\n\t\t\t\t\t<\/div>\n\t\t<\/div>\n\t\t\t\t\t<\/div>\n\t\t<\/section>\n\t\t\t\t<section class=\"elementor-section elementor-top-section elementor-element elementor-element-49d5815 elementor-section-full_width elementor-section-height-default elementor-section-height-default\" data-id=\"49d5815\" data-element_type=\"section\" data-e-type=\"section\" data-settings=\"{&quot;background_background&quot;:&quot;classic&quot;}\">\n\t\t\t\t\t\t<div class=\"elementor-container elementor-column-gap-default\">\n\t\t\t\t\t<div class=\"elementor-column elementor-col-100 elementor-top-column elementor-element elementor-element-4424885\" data-id=\"4424885\" data-element_type=\"column\" data-e-type=\"column\">\n\t\t\t<div class=\"elementor-widget-wrap elementor-element-populated\">\n\t\t\t\t\t\t<div class=\"elementor-element elementor-element-00fc5d9 elementor-widget elementor-widget-heading\" data-id=\"00fc5d9\" data-element_type=\"widget\" data-e-type=\"widget\" data-widget_type=\"heading.default\">\n\t\t\t\t<div class=\"elementor-widget-container\">\n\t\t\t\t\t<h2 class=\"elementor-heading-title elementor-size-default\">Envoyez votre MP\/MEP par e-mail<\/h2>\t\t\t\t<\/div>\n\t\t\t\t<\/div>\n\t\t\t\t<div class=\"elementor-element elementor-element-e994e94 elementor-widget elementor-widget-text-editor\" data-id=\"e994e94\" data-element_type=\"widget\" data-e-type=\"widget\" data-widget_type=\"text-editor.default\">\n\t\t\t\t<div class=\"elementor-widget-container\">\n\t\t\t\t\t\t\t\t\t<p>Les d\u00e9put\u00e9s attendent votre message. Vous pouvez envoyer un message \u00e0 votre d\u00e9put\u00e9 au simple toucher d'un bouton.<\/p>\t\t\t\t\t\t\t\t<\/div>\n\t\t\t\t<\/div>\n\t\t\t\t\t<\/div>\n\t\t<\/div>\n\t\t\t\t\t<\/div>\n\t\t<\/section>\n\t\t\t\t<section class=\"elementor-section elementor-top-section elementor-element elementor-element-10e4822 elementor-section-boxed elementor-section-height-default elementor-section-height-default\" data-id=\"10e4822\" data-element_type=\"section\" data-e-type=\"section\" data-settings=\"{&quot;background_background&quot;:&quot;classic&quot;}\">\n\t\t\t\t\t\t<div class=\"elementor-container elementor-column-gap-default\">\n\t\t\t\t\t<div class=\"elementor-column elementor-col-100 elementor-top-column elementor-element elementor-element-f215733\" data-id=\"f215733\" data-element_type=\"column\" data-e-type=\"column\">\n\t\t\t<div class=\"elementor-widget-wrap elementor-element-populated\">\n\t\t\t\t\t\t<div class=\"elementor-element elementor-element-4f30455 elementor-widget elementor-widget-shortcode\" data-id=\"4f30455\" data-element_type=\"widget\" data-e-type=\"widget\" data-widget_type=\"shortcode.default\">\n\t\t\t\t<div class=\"elementor-widget-container\">\n\t\t\t\t\t\t\t<div class=\"elementor-shortcode\">\n\n\n\n\n\n\n\n\n\n\n\t\t<div data-elementor-type=\"page\" data-elementor-id=\"931\" class=\"elementor elementor-931\" data-elementor-post-type=\"elementor_library\">\n\t\t\t\t\t\t<section class=\"elementor-section elementor-top-section elementor-element elementor-element-538d2109 elementor-section-boxed elementor-section-height-default elementor-section-height-default\" data-id=\"538d2109\" data-element_type=\"section\" data-e-type=\"section\" data-settings=\"{&quot;background_background&quot;:&quot;classic&quot;}\">\n\t\t\t\t\t\t<div class=\"elementor-container elementor-column-gap-default\">\n\t\t\t\t\t<div class=\"elementor-column elementor-col-33 elementor-top-column elementor-element elementor-element-38098d4a\" data-id=\"38098d4a\" data-element_type=\"column\" data-e-type=\"column\" data-settings=\"{&quot;background_background&quot;:&quot;classic&quot;}\">\n\t\t\t<div class=\"elementor-widget-wrap elementor-element-populated\">\n\t\t\t\t\t\t<section class=\"elementor-section elementor-inner-section elementor-element elementor-element-698aa073 elementor-section-boxed elementor-section-height-default elementor-section-height-default\" data-id=\"698aa073\" data-element_type=\"section\" data-e-type=\"section\">\n\t\t\t\t\t\t<div class=\"elementor-container elementor-column-gap-default\">\n\t\t\t\t\t<div class=\"elementor-column elementor-col-100 elementor-inner-column elementor-element elementor-element-3a7fa07d\" data-id=\"3a7fa07d\" data-element_type=\"column\" data-e-type=\"column\">\n\t\t\t<div class=\"elementor-widget-wrap elementor-element-populated\">\n\t\t\t\t\t\t<div class=\"elementor-element elementor-element-2e91dcf1 elementor-widget elementor-widget-image\" data-id=\"2e91dcf1\" data-element_type=\"widget\" data-e-type=\"widget\" data-widget_type=\"image.default\">\n\t\t\t\t<div class=\"elementor-widget-container\">\n\t\t\t\t\t\t\t\t\t\t\t\t\t\t\t<img fetchpriority=\"high\" decoding=\"async\" width=\"436\" height=\"473\" src=\"https:\/\/worldvapersalliance.com\/wp-content\/uploads\/2022\/07\/Nathalie-Colin-Oesterle.png\" class=\"elementor-animation-float attachment-full size-full wp-image-1628\" alt=\"\" srcset=\"https:\/\/worldvapersalliance.com\/wp-content\/uploads\/2022\/07\/Nathalie-Colin-Oesterle.png 436w, https:\/\/worldvapersalliance.com\/wp-content\/uploads\/2022\/07\/Nathalie-Colin-Oesterle-277x300.png 277w, https:\/\/worldvapersalliance.com\/wp-content\/uploads\/2022\/07\/Nathalie-Colin-Oesterle-11x12.png 11w\" sizes=\"(max-width: 436px) 100vw, 436px\" \/>\t\t\t\t\t\t\t\t\t\t\t\t\t\t\t<\/div>\n\t\t\t\t<\/div>\n\t\t\t\t<div class=\"elementor-element elementor-element-47570864 elementor-widget elementor-widget-heading\" data-id=\"47570864\" data-element_type=\"widget\" data-e-type=\"widget\" data-widget_type=\"heading.default\">\n\t\t\t\t<div class=\"elementor-widget-container\">\n\t\t\t\t\t<h2 class=\"elementor-heading-title elementor-size-default\">Nathalie Colin-Oesterl\u00e9<\/h2>\t\t\t\t<\/div>\n\t\t\t\t<\/div>\n\t\t\t\t<div class=\"elementor-element elementor-element-c640f39 elementor-widget elementor-widget-text-editor\" data-id=\"c640f39\" data-element_type=\"widget\" data-e-type=\"widget\" data-widget_type=\"text-editor.default\">\n\t\t\t\t<div class=\"elementor-widget-container\">\n\t\t\t\t\t\t\t\t\t<p>Parti populaire europ\u00e9en<br \/>nathalie.colin-oesterle@europarl.europa.eu<\/p>\t\t\t\t\t\t\t\t<\/div>\n\t\t\t\t<\/div>\n\t\t\t\t\t<\/div>\n\t\t<\/div>\n\t\t\t\t\t<\/div>\n\t\t<\/section>\n\t\t\t\t<div class=\"elementor-element elementor-element-67bc3959 elementor-align-center elementor-widget elementor-widget-button\" data-id=\"67bc3959\" data-element_type=\"widget\" data-e-type=\"widget\" data-widget_type=\"button.default\">\n\t\t\t\t<div class=\"elementor-widget-container\">\n\t\t\t\t\t\t\t\t\t<div class=\"elementor-button-wrapper\">\n\t\t\t\t\t<a class=\"elementor-button elementor-button-link elementor-size-sm\" href=\"mailto:nathalie.colin-oesterle@europarl.europa.eu?bcc=campaigns%40worldvapersalliance.com&#038;?&#038;subject=J&#039;ai%20besoin%20de%20votre%20soutien%20pour%20sauver%20des%20vies&#038;body=Bonjour,%0A%0ALe%20vapotage%20a%20d\u00e9j\u00e0%20sauv\u00e9%20des%20millions%20de%20personnes%20dans%20le%20monde%20entier%20en%20les%20aidant%20\u00e0%20cesser%20de%20fumer.%20Il%20est%20bien%20\u00e9tabli%20que%20le%20vapotage%20est%20moins%20nocif%20que%20le%20tabagisme%20et%20qu&#039;il%20constitue%20l&#039;un%20des%20outils%20au%20sevrage%20tabagique%20les%20plus%20efficaces.%0A%0AVeuillez%20garder%20cela%20\u00e0%20l&#039;esprit%20lorsque%20vous%20prendrez%20des%20d\u00e9cisions%20concernant%20la%20prochaine%20mise%20\u00e0%20jour%20de%20la%20directive%20sur%20les%20produits%20du%20tabac.%20L&#039;UE%20doit%20soutenir%20la%20r\u00e9duction%20des%20risques%20et%20maintenir%20la%20disponibilit\u00e9%20du%20vapotage,%20y%20compris%20les%20ar\u00f4mes.%20N&#039;interdisez%20pas%20les%20ar\u00f4mes%20et%20ne%20poussez%20pas%20des%20millions%20de%20personnes%20\u00e0%20recommencer%20\u00e0%20fumer.%0A%0AProt\u00e9gez%20le%20vapotage%20et%20emp\u00eachez%20des%20millions%20de%20fumeurs%20de%20retomber%20dans%20la%20cigarette.%20Toute%20d\u00e9cision%20future%20concernant%20le%20vapotage%20doit%20\u00eatre%20fond\u00e9e%20sur%20des%20donn\u00e9es%20scientifiques%20et%20\u00e9tablir%20une%20distinction%20claire%20entre%20le%20vapotage%20et%20le%20tabagisme.%0A%0AVous%20recevrez%20mon%20soutien%20total%20si%20je%20peux%20compter%20sur%20vous%20dans%20cette%20affaire%20cruciale.%0A%0AMerci%20d&#039;avoir%20lu%20mon%20message%20et%20j&#039;attends%20votre%20r\u00e9ponse%20avec%20impatience.%0A%0A\" target=\"_blank\">\n\t\t\t\t\t\t<span class=\"elementor-button-content-wrapper\">\n\t\t\t\t\t\t\t\t\t<span class=\"elementor-button-text\">E-mail<\/span>\n\t\t\t\t\t<\/span>\n\t\t\t\t\t<\/a>\n\t\t\t\t<\/div>\n\t\t\t\t\t\t\t\t<\/div>\n\t\t\t\t<\/div>\n\t\t\t\t\t<\/div>\n\t\t<\/div>\n\t\t\t\t<div class=\"elementor-column elementor-col-33 elementor-top-column elementor-element elementor-element-4880da54\" data-id=\"4880da54\" data-element_type=\"column\" data-e-type=\"column\" data-settings=\"{&quot;background_background&quot;:&quot;classic&quot;}\">\n\t\t\t<div class=\"elementor-widget-wrap\">\n\t\t\t\t\t\t\t<\/div>\n\t\t<\/div>\n\t\t\t\t<div class=\"elementor-column elementor-col-33 elementor-top-column elementor-element elementor-element-113a25e0\" data-id=\"113a25e0\" data-element_type=\"column\" data-e-type=\"column\" data-settings=\"{&quot;background_background&quot;:&quot;classic&quot;}\">\n\t\t\t<div class=\"elementor-widget-wrap\">\n\t\t\t\t\t\t\t<\/div>\n\t\t<\/div>\n\t\t\t\t\t<\/div>\n\t\t<\/section>\n\t\t\t\t<section class=\"elementor-section elementor-top-section elementor-element elementor-element-4dcfe72d elementor-section-boxed elementor-section-height-default elementor-section-height-default\" data-id=\"4dcfe72d\" data-element_type=\"section\" data-e-type=\"section\" data-settings=\"{&quot;background_background&quot;:&quot;classic&quot;}\">\n\t\t\t\t\t\t<div class=\"elementor-container elementor-column-gap-default\">\n\t\t\t\t\t<div class=\"elementor-column elementor-col-100 elementor-top-column elementor-element elementor-element-4475c06b\" data-id=\"4475c06b\" data-element_type=\"column\" data-e-type=\"column\">\n\t\t\t<div class=\"elementor-widget-wrap elementor-element-populated\">\n\t\t\t\t\t\t<div class=\"elementor-element elementor-element-3af3c0e2 elementor-align-center elementor-widget elementor-widget-button\" data-id=\"3af3c0e2\" data-element_type=\"widget\" data-e-type=\"widget\" data-widget_type=\"button.default\">\n\t\t\t\t<div class=\"elementor-widget-container\">\n\t\t\t\t\t\t\t\t\t<div class=\"elementor-button-wrapper\">\n\t\t\t\t\t<a class=\"elementor-button elementor-button-link elementor-size-sm\" href=\"mailto:nathalie.colin-oesterle@europarl.europa.eu?bcc=campaigns%40worldvapersalliance.com&#038;?&#038;subject=J&#039;ai%20besoin%20de%20votre%20soutien%20pour%20sauver%20des%20vies&#038;body=Bonjour,%0A%0ALe%20vapotage%20a%20d\u00e9j\u00e0%20sauv\u00e9%20des%20millions%20de%20personnes%20dans%20le%20monde%20entier%20en%20les%20aidant%20\u00e0%20cesser%20de%20fumer.%20Il%20est%20bien%20\u00e9tabli%20que%20le%20vapotage%20est%20moins%20nocif%20que%20le%20tabagisme%20et%20qu&#039;il%20constitue%20l&#039;un%20des%20outils%20au%20sevrage%20tabagique%20les%20plus%20efficaces.%0A%0AVeuillez%20garder%20cela%20\u00e0%20l&#039;esprit%20lorsque%20vous%20prendrez%20des%20d\u00e9cisions%20concernant%20la%20prochaine%20mise%20\u00e0%20jour%20de%20la%20directive%20sur%20les%20produits%20du%20tabac.%20L&#039;UE%20doit%20soutenir%20la%20r\u00e9duction%20des%20risques%20et%20maintenir%20la%20disponibilit\u00e9%20du%20vapotage,%20y%20compris%20les%20ar\u00f4mes.%20N&#039;interdisez%20pas%20les%20ar\u00f4mes%20et%20ne%20poussez%20pas%20des%20millions%20de%20personnes%20\u00e0%20recommencer%20\u00e0%20fumer.%0A%0AProt\u00e9gez%20le%20vapotage%20et%20emp\u00eachez%20des%20millions%20de%20fumeurs%20de%20retomber%20dans%20la%20cigarette.%20Toute%20d\u00e9cision%20future%20concernant%20le%20vapotage%20doit%20\u00eatre%20fond\u00e9e%20sur%20des%20donn\u00e9es%20scientifiques%20et%20\u00e9tablir%20une%20distinction%20claire%20entre%20le%20vapotage%20et%20le%20tabagisme.%0A%0AVous%20recevrez%20mon%20soutien%20total%20si%20je%20peux%20compter%20sur%20vous%20dans%20cette%20affaire%20cruciale.%0A%0AMerci%20d&#039;avoir%20lu%20mon%20message%20et%20j&#039;attends%20votre%20r\u00e9ponse%20avec%20impatience.%0A%0A\" target=\"_blank\">\n\t\t\t\t\t\t<span class=\"elementor-button-content-wrapper\">\n\t\t\t\t\t\t\t\t\t<span class=\"elementor-button-text\">Envoyer un e-mail \u00e0 tous<\/span>\n\t\t\t\t\t<\/span>\n\t\t\t\t\t<\/a>\n\t\t\t\t<\/div>\n\t\t\t\t\t\t\t\t<\/div>\n\t\t\t\t<\/div>\n\t\t\t\t\t<\/div>\n\t\t<\/div>\n\t\t\t\t\t<\/div>\n\t\t<\/section>\n\t\t\t\t<\/div>\n\t\t\n\n\n\n\n\n\n\n\n\n\n\n\n\n\n\n\n\n\n\n\n\n\n\n\n\n\n\n\n<\/div>\n\t\t\t\t\t\t<\/div>\n\t\t\t\t<\/div>\n\t\t\t\t\t<\/div>\n\t\t<\/div>\n\t\t\t\t\t<\/div>\n\t\t<\/section>\n\t\t\t\t<section class=\"elementor-section elementor-top-section elementor-element elementor-element-9beabad elementor-section-full_width elementor-section-height-default elementor-section-height-default\" data-id=\"9beabad\" data-element_type=\"section\" data-e-type=\"section\" data-settings=\"{&quot;background_background&quot;:&quot;classic&quot;}\">\n\t\t\t\t\t\t<div class=\"elementor-container elementor-column-gap-no\">\n\t\t\t\t\t<div class=\"elementor-column elementor-col-33 elementor-top-column elementor-element elementor-element-5a1a45b elementor-hidden-mobile\" data-id=\"5a1a45b\" data-element_type=\"column\" data-e-type=\"column\" data-settings=\"{&quot;background_background&quot;:&quot;classic&quot;}\">\n\t\t\t<div class=\"elementor-widget-wrap\">\n\t\t\t\t\t\t\t<\/div>\n\t\t<\/div>\n\t\t\t\t<div class=\"elementor-column elementor-col-33 elementor-top-column elementor-element elementor-element-0318858\" data-id=\"0318858\" data-element_type=\"column\" data-e-type=\"column\" data-settings=\"{&quot;background_background&quot;:&quot;classic&quot;}\">\n\t\t\t<div class=\"elementor-widget-wrap elementor-element-populated\">\n\t\t\t\t\t\t<div class=\"elementor-element elementor-element-166a60a elementor-widget elementor-widget-text-editor\" data-id=\"166a60a\" data-element_type=\"widget\" data-e-type=\"widget\" data-widget_type=\"text-editor.default\">\n\t\t\t\t<div class=\"elementor-widget-container\">\n\t\t\t\t\t\t\t\t\t<p>Nous avons d\u00e9j\u00e0 commenc\u00e9 \u00e0 \u00e9crire un e-mail pour vous, mais c'est votre chance de raconter votre propre histoire.<\/p><p>Vous pouvez raconter votre propre histoire \u00e0 votre d\u00e9put\u00e9.<\/p>\t\t\t\t\t\t\t\t<\/div>\n\t\t\t\t<\/div>\n\t\t\t\t<div class=\"elementor-element elementor-element-61d614a elementor-widget-divider--view-line elementor-widget elementor-widget-divider\" data-id=\"61d614a\" data-element_type=\"widget\" data-e-type=\"widget\" data-widget_type=\"divider.default\">\n\t\t\t\t<div class=\"elementor-widget-container\">\n\t\t\t\t\t\t\t<div class=\"elementor-divider\">\n\t\t\t<span class=\"elementor-divider-separator\">\n\t\t\t\t\t\t<\/span>\n\t\t<\/div>\n\t\t\t\t\t\t<\/div>\n\t\t\t\t<\/div>\n\t\t\t\t\t<\/div>\n\t\t<\/div>\n\t\t\t\t<div class=\"elementor-column elementor-col-33 elementor-top-column elementor-element elementor-element-bd5eff6\" data-id=\"bd5eff6\" data-element_type=\"column\" data-e-type=\"column\" data-settings=\"{&quot;background_background&quot;:&quot;classic&quot;}\">\n\t\t\t<div class=\"elementor-widget-wrap elementor-element-populated\">\n\t\t\t\t\t\t<div class=\"elementor-element elementor-element-2aab6e4 purple-bullets elementor-widget elementor-widget-text-editor\" data-id=\"2aab6e4\" data-element_type=\"widget\" data-e-type=\"widget\" data-widget_type=\"text-editor.default\">\n\t\t\t\t<div class=\"elementor-widget-container\">\n\t\t\t\t\t\t\t\t\t<ul>\n \t<li>Votre nom et pr\u00e9nom et votre lieu de r\u00e9sidence<\/li>\n \t<li>Que signifie le vapotage pour vous en tant qu'ancien fumeur\/vendeur\/qui croit au droit de faire ses propres choix\u00a0?<\/li>\n \t<li>Pourquoi pensez-vous que le gouvernement devrait arr\u00eater son attaque contre le vapotage\u00a0?<\/li>\n \t<li>Quel effet une interdiction de go\u00fbt a-t-elle sur vous\u00a0?<\/li>\n<\/ul>\t\t\t\t\t\t\t\t<\/div>\n\t\t\t\t<\/div>\n\t\t\t\t\t<\/div>\n\t\t<\/div>\n\t\t\t\t\t<\/div>\n\t\t<\/section>\n\t\t\t\t<section class=\"elementor-section elementor-top-section elementor-element elementor-element-0b92643 elementor-section-boxed elementor-section-height-default elementor-section-height-default\" data-id=\"0b92643\" data-element_type=\"section\" data-e-type=\"section\" data-settings=\"{&quot;background_background&quot;:&quot;classic&quot;}\">\n\t\t\t\t\t\t<div class=\"elementor-container elementor-column-gap-default\">\n\t\t\t\t\t<div class=\"elementor-column elementor-col-100 elementor-top-column elementor-element elementor-element-ac219a9\" data-id=\"ac219a9\" data-element_type=\"column\" data-e-type=\"column\">\n\t\t\t<div class=\"elementor-widget-wrap\">\n\t\t\t\t\t\t\t<\/div>\n\t\t<\/div>\n\t\t\t\t\t<\/div>\n\t\t<\/section>\n\t\t\t\t<\/div>","protected":false},"excerpt":{"rendered":"<p>Share your story! Email your MP\/MEP The Members of Parliament are waiting for your message. You can send a message to your Member of Parliament at the touch of a button. We\u2019ve already started writing an email for you, but this is your chance to tell your own story. You can tell your own story [&hellip;]<\/p>\n","protected":false},"author":2,"featured_media":0,"parent":0,"menu_order":0,"comment_status":"closed","ping_status":"closed","template":"elementor_header_footer","meta":{"footnotes":""},"class_list":["post-921","page","type-page","status-publish","hentry"],"yoast_head":"<!-- This site is optimized with the Yoast SEO plugin v27.3 - https:\/\/yoast.com\/product\/yoast-seo-wordpress\/ -->\n<title>BVBS Action Center - World Vapers&#039; Alliance<\/title>\n<meta name=\"robots\" content=\"index, follow, max-snippet:-1, max-image-preview:large, max-video-preview:-1\" \/>\n<link rel=\"canonical\" href=\"https:\/\/worldvapersalliance.com\/fr\/bvbs-action-center\/\" \/>\n<meta property=\"og:locale\" content=\"fr_FR\" \/>\n<meta property=\"og:type\" content=\"article\" \/>\n<meta property=\"og:title\" content=\"BVBS Action Center - World Vapers&#039; Alliance\" \/>\n<meta property=\"og:description\" content=\"Share your story! Email your MP\/MEP The Members of Parliament are waiting for your message. You can send a message to your Member of Parliament at the touch of a button. We\u2019ve already started writing an email for you, but this is your chance to tell your own story. You can tell your own story [&hellip;]\" \/>\n<meta property=\"og:url\" content=\"https:\/\/worldvapersalliance.com\/fr\/bvbs-action-center\/\" \/>\n<meta property=\"og:site_name\" content=\"World Vapers&#039; Alliance\" \/>\n<meta property=\"article:modified_time\" content=\"2022-08-12T19:15:04+00:00\" \/>\n<meta name=\"twitter:card\" content=\"summary_large_image\" \/>\n<meta name=\"twitter:label1\" content=\"Dur\u00e9e de lecture estim\u00e9e\" \/>\n\t<meta name=\"twitter:data1\" content=\"4 minutes\" \/>\n<script type=\"application\/ld+json\" class=\"yoast-schema-graph\">{\"@context\":\"https:\\\/\\\/schema.org\",\"@graph\":[{\"@type\":\"WebPage\",\"@id\":\"https:\\\/\\\/worldvapersalliance.com\\\/bvbs-action-center\\\/\",\"url\":\"https:\\\/\\\/worldvapersalliance.com\\\/bvbs-action-center\\\/\",\"name\":\"BVBS Action Center - World Vapers&#039; Alliance\",\"isPartOf\":{\"@id\":\"https:\\\/\\\/worldvapersalliance.com\\\/#website\"},\"datePublished\":\"2022-03-19T19:04:11+00:00\",\"dateModified\":\"2022-08-12T19:15:04+00:00\",\"inLanguage\":\"fr-FR\",\"potentialAction\":[{\"@type\":\"ReadAction\",\"target\":[\"https:\\\/\\\/worldvapersalliance.com\\\/bvbs-action-center\\\/\"]}]},{\"@type\":\"WebSite\",\"@id\":\"https:\\\/\\\/worldvapersalliance.com\\\/#website\",\"url\":\"https:\\\/\\\/worldvapersalliance.com\\\/\",\"name\":\"World Vapers&#039; Alliance\",\"description\":\"The largest community of vapers\",\"publisher\":{\"@id\":\"https:\\\/\\\/worldvapersalliance.com\\\/#organization\"},\"potentialAction\":[{\"@type\":\"SearchAction\",\"target\":{\"@type\":\"EntryPoint\",\"urlTemplate\":\"https:\\\/\\\/worldvapersalliance.com\\\/?s={search_term_string}\"},\"query-input\":{\"@type\":\"PropertyValueSpecification\",\"valueRequired\":true,\"valueName\":\"search_term_string\"}}],\"inLanguage\":\"fr-FR\"},{\"@type\":\"Organization\",\"@id\":\"https:\\\/\\\/worldvapersalliance.com\\\/#organization\",\"name\":\"World Vapers&#039; Alliance\",\"url\":\"https:\\\/\\\/worldvapersalliance.com\\\/\",\"logo\":{\"@type\":\"ImageObject\",\"inLanguage\":\"fr-FR\",\"@id\":\"https:\\\/\\\/worldvapersalliance.com\\\/#\\\/schema\\\/logo\\\/image\\\/\",\"url\":\"https:\\\/\\\/worldvapersalliance.com\\\/wp-content\\\/uploads\\\/2022\\\/01\\\/WVA_RB_Fist_G.png\",\"contentUrl\":\"https:\\\/\\\/worldvapersalliance.com\\\/wp-content\\\/uploads\\\/2022\\\/01\\\/WVA_RB_Fist_G.png\",\"width\":985,\"height\":1177,\"caption\":\"World Vapers&#039; Alliance\"},\"image\":{\"@id\":\"https:\\\/\\\/worldvapersalliance.com\\\/#\\\/schema\\\/logo\\\/image\\\/\"}}]}<\/script>\n<!-- \/ Yoast SEO plugin. -->","yoast_head_json":{"title":"Centre d&#039;action BVBS - Alliance mondiale des vapoteurs","robots":{"index":"index","follow":"follow","max-snippet":"max-snippet:-1","max-image-preview":"max-image-preview:large","max-video-preview":"max-video-preview:-1"},"canonical":"https:\/\/worldvapersalliance.com\/fr\/bvbs-action-center\/","og_locale":"fr_FR","og_type":"article","og_title":"BVBS Action Center - World Vapers&#039; Alliance","og_description":"Share your story! Email your MP\/MEP The Members of Parliament are waiting for your message. You can send a message to your Member of Parliament at the touch of a button. We\u2019ve already started writing an email for you, but this is your chance to tell your own story. You can tell your own story [&hellip;]","og_url":"https:\/\/worldvapersalliance.com\/fr\/bvbs-action-center\/","og_site_name":"World Vapers&#039; Alliance","article_modified_time":"2022-08-12T19:15:04+00:00","twitter_card":"summary_large_image","twitter_misc":{"Dur\u00e9e de lecture estim\u00e9e":"4 minutes"},"schema":{"@context":"https:\/\/schema.org","@graph":[{"@type":"WebPage","@id":"https:\/\/worldvapersalliance.com\/bvbs-action-center\/","url":"https:\/\/worldvapersalliance.com\/bvbs-action-center\/","name":"Centre d&#039;action BVBS - Alliance mondiale des vapoteurs","isPartOf":{"@id":"https:\/\/worldvapersalliance.com\/#website"},"datePublished":"2022-03-19T19:04:11+00:00","dateModified":"2022-08-12T19:15:04+00:00","inLanguage":"fr-FR","potentialAction":[{"@type":"ReadAction","target":["https:\/\/worldvapersalliance.com\/bvbs-action-center\/"]}]},{"@type":"WebSite","@id":"https:\/\/worldvapersalliance.com\/#website","url":"https:\/\/worldvapersalliance.com\/","name":"Alliance mondiale des vapoteurs","description":"La plus grande communaut\u00e9 de vapoteurs","publisher":{"@id":"https:\/\/worldvapersalliance.com\/#organization"},"potentialAction":[{"@type":"SearchAction","target":{"@type":"EntryPoint","urlTemplate":"https:\/\/worldvapersalliance.com\/?s={search_term_string}"},"query-input":{"@type":"PropertyValueSpecification","valueRequired":true,"valueName":"search_term_string"}}],"inLanguage":"fr-FR"},{"@type":"Organization","@id":"https:\/\/worldvapersalliance.com\/#organization","name":"Alliance mondiale des vapoteurs","url":"https:\/\/worldvapersalliance.com\/","logo":{"@type":"ImageObject","inLanguage":"fr-FR","@id":"https:\/\/worldvapersalliance.com\/#\/schema\/logo\/image\/","url":"https:\/\/worldvapersalliance.com\/wp-content\/uploads\/2022\/01\/WVA_RB_Fist_G.png","contentUrl":"https:\/\/worldvapersalliance.com\/wp-content\/uploads\/2022\/01\/WVA_RB_Fist_G.png","width":985,"height":1177,"caption":"World Vapers&#039; Alliance"},"image":{"@id":"https:\/\/worldvapersalliance.com\/#\/schema\/logo\/image\/"}}]}},"_links":{"self":[{"href":"https:\/\/worldvapersalliance.com\/fr\/wp-json\/wp\/v2\/pages\/921","targetHints":{"allow":["GET"]}}],"collection":[{"href":"https:\/\/worldvapersalliance.com\/fr\/wp-json\/wp\/v2\/pages"}],"about":[{"href":"https:\/\/worldvapersalliance.com\/fr\/wp-json\/wp\/v2\/types\/page"}],"author":[{"embeddable":true,"href":"https:\/\/worldvapersalliance.com\/fr\/wp-json\/wp\/v2\/users\/2"}],"replies":[{"embeddable":true,"href":"https:\/\/worldvapersalliance.com\/fr\/wp-json\/wp\/v2\/comments?post=921"}],"version-history":[{"count":0,"href":"https:\/\/worldvapersalliance.com\/fr\/wp-json\/wp\/v2\/pages\/921\/revisions"}],"wp:attachment":[{"href":"https:\/\/worldvapersalliance.com\/fr\/wp-json\/wp\/v2\/media?parent=921"}],"curies":[{"name":"wp","href":"https:\/\/api.w.org\/{rel}","templated":true}]}}