{"id":921,"date":"2022-03-19T15:04:11","date_gmt":"2022-03-19T19:04:11","guid":{"rendered":"https:\/\/cccwva.wpengine.com\/?page_id=921"},"modified":"2022-08-12T15:15:04","modified_gmt":"2022-08-12T19:15:04","slug":"bvbs-action-center","status":"publish","type":"page","link":"https:\/\/worldvapersalliance.com\/fi\/bvbs-action-center\/","title":{"rendered":"BVBS-toimintakeskus"},"content":{"rendered":"<div data-elementor-type=\"wp-page\" data-elementor-id=\"921\" class=\"elementor elementor-921\" data-elementor-post-type=\"page\">\n\t\t\t\t\t\t<section class=\"elementor-section elementor-top-section elementor-element elementor-element-77b236f elementor-section-full_width elementor-section-height-min-height elementor-section-items-bottom elementor-section-content-middle elementor-section-height-default\" data-id=\"77b236f\" data-element_type=\"section\" data-e-type=\"section\" data-settings=\"{&quot;background_background&quot;:&quot;classic&quot;}\">\n\t\t\t\t\t\t<div class=\"elementor-container elementor-column-gap-default\">\n\t\t\t\t\t<div class=\"elementor-column elementor-col-100 elementor-top-column elementor-element elementor-element-f35f3ab\" data-id=\"f35f3ab\" data-element_type=\"column\" data-e-type=\"column\">\n\t\t\t<div class=\"elementor-widget-wrap elementor-element-populated\">\n\t\t\t\t\t\t<div class=\"elementor-element elementor-element-c1b90d1 elementor-widget elementor-widget-heading\" data-id=\"c1b90d1\" data-element_type=\"widget\" data-e-type=\"widget\" data-widget_type=\"heading.default\">\n\t\t\t\t<div class=\"elementor-widget-container\">\n\t\t\t\t\t<h2 class=\"elementor-heading-title elementor-size-default\">Jaa tarinasi!<\/h2>\t\t\t\t<\/div>\n\t\t\t\t<\/div>\n\t\t\t\t\t<\/div>\n\t\t<\/div>\n\t\t\t\t\t<\/div>\n\t\t<\/section>\n\t\t\t\t<section class=\"elementor-section elementor-top-section elementor-element elementor-element-49d5815 elementor-section-full_width elementor-section-height-default elementor-section-height-default\" data-id=\"49d5815\" data-element_type=\"section\" data-e-type=\"section\" data-settings=\"{&quot;background_background&quot;:&quot;classic&quot;}\">\n\t\t\t\t\t\t<div class=\"elementor-container elementor-column-gap-default\">\n\t\t\t\t\t<div class=\"elementor-column elementor-col-100 elementor-top-column elementor-element elementor-element-4424885\" data-id=\"4424885\" data-element_type=\"column\" data-e-type=\"column\">\n\t\t\t<div class=\"elementor-widget-wrap elementor-element-populated\">\n\t\t\t\t\t\t<div class=\"elementor-element elementor-element-00fc5d9 elementor-widget elementor-widget-heading\" data-id=\"00fc5d9\" data-element_type=\"widget\" data-e-type=\"widget\" data-widget_type=\"heading.default\">\n\t\t\t\t<div class=\"elementor-widget-container\">\n\t\t\t\t\t<h2 class=\"elementor-heading-title elementor-size-default\">L\u00e4het\u00e4 s\u00e4hk\u00f6postia kansanedustajallesi<\/h2>\t\t\t\t<\/div>\n\t\t\t\t<\/div>\n\t\t\t\t<div class=\"elementor-element elementor-element-e994e94 elementor-widget elementor-widget-text-editor\" data-id=\"e994e94\" data-element_type=\"widget\" data-e-type=\"widget\" data-widget_type=\"text-editor.default\">\n\t\t\t\t<div class=\"elementor-widget-container\">\n\t\t\t\t\t\t\t\t\t<p>Parlamentin j\u00e4senet odottavat viesti\u00e4si. Voit l\u00e4hett\u00e4\u00e4 viestin kansanedustajallesi napin painalluksella.<\/p>\t\t\t\t\t\t\t\t<\/div>\n\t\t\t\t<\/div>\n\t\t\t\t\t<\/div>\n\t\t<\/div>\n\t\t\t\t\t<\/div>\n\t\t<\/section>\n\t\t\t\t<section class=\"elementor-section elementor-top-section elementor-element elementor-element-10e4822 elementor-section-boxed elementor-section-height-default elementor-section-height-default\" data-id=\"10e4822\" data-element_type=\"section\" data-e-type=\"section\" data-settings=\"{&quot;background_background&quot;:&quot;classic&quot;}\">\n\t\t\t\t\t\t<div class=\"elementor-container elementor-column-gap-default\">\n\t\t\t\t\t<div class=\"elementor-column elementor-col-100 elementor-top-column elementor-element elementor-element-f215733\" data-id=\"f215733\" data-element_type=\"column\" data-e-type=\"column\">\n\t\t\t<div class=\"elementor-widget-wrap elementor-element-populated\">\n\t\t\t\t\t\t<div class=\"elementor-element elementor-element-4f30455 elementor-widget elementor-widget-shortcode\" data-id=\"4f30455\" data-element_type=\"widget\" data-e-type=\"widget\" data-widget_type=\"shortcode.default\">\n\t\t\t\t<div class=\"elementor-widget-container\">\n\t\t\t\t\t\t\t<div class=\"elementor-shortcode\">\n\n\n\n\n\n\n\n\n\t\t<div data-elementor-type=\"page\" data-elementor-id=\"2949\" class=\"elementor elementor-2949\" data-elementor-post-type=\"elementor_library\">\n\t\t\t\t\t\t<section class=\"elementor-section elementor-top-section elementor-element elementor-element-45b3c69 elementor-section-boxed elementor-section-height-default elementor-section-height-default\" data-id=\"45b3c69\" data-element_type=\"section\" data-e-type=\"section\" data-settings=\"{&quot;background_background&quot;:&quot;classic&quot;}\">\n\t\t\t\t\t\t<div class=\"elementor-container elementor-column-gap-default\">\n\t\t\t\t\t<div class=\"elementor-column elementor-col-33 elementor-top-column elementor-element elementor-element-a6af996\" data-id=\"a6af996\" data-element_type=\"column\" data-e-type=\"column\" data-settings=\"{&quot;background_background&quot;:&quot;classic&quot;}\">\n\t\t\t<div class=\"elementor-widget-wrap\">\n\t\t\t\t\t\t\t<\/div>\n\t\t<\/div>\n\t\t\t\t<div class=\"elementor-column elementor-col-33 elementor-top-column elementor-element elementor-element-731b4223\" data-id=\"731b4223\" data-element_type=\"column\" data-e-type=\"column\" data-settings=\"{&quot;background_background&quot;:&quot;classic&quot;}\">\n\t\t\t<div class=\"elementor-widget-wrap elementor-element-populated\">\n\t\t\t\t\t\t<section class=\"elementor-section elementor-inner-section elementor-element elementor-element-121d60d6 elementor-section-boxed elementor-section-height-default elementor-section-height-default\" data-id=\"121d60d6\" data-element_type=\"section\" data-e-type=\"section\">\n\t\t\t\t\t\t<div class=\"elementor-container elementor-column-gap-default\">\n\t\t\t\t\t<div class=\"elementor-column elementor-col-100 elementor-inner-column elementor-element elementor-element-4d981742\" data-id=\"4d981742\" data-element_type=\"column\" data-e-type=\"column\">\n\t\t\t<div class=\"elementor-widget-wrap elementor-element-populated\">\n\t\t\t\t\t\t<div class=\"elementor-element elementor-element-23269e09 elementor-widget elementor-widget-image\" data-id=\"23269e09\" data-element_type=\"widget\" data-e-type=\"widget\" data-widget_type=\"image.default\">\n\t\t\t\t<div class=\"elementor-widget-container\">\n\t\t\t\t\t\t\t\t\t\t\t\t\t\t\t<img fetchpriority=\"high\" decoding=\"async\" width=\"436\" height=\"473\" src=\"https:\/\/worldvapersalliance.com\/wp-content\/uploads\/2022\/07\/Nils-Torvalds.png\" class=\"elementor-animation-float attachment-full size-full wp-image-1629\" alt=\"\" srcset=\"https:\/\/worldvapersalliance.com\/wp-content\/uploads\/2022\/07\/Nils-Torvalds.png 436w, https:\/\/worldvapersalliance.com\/wp-content\/uploads\/2022\/07\/Nils-Torvalds-277x300.png 277w, https:\/\/worldvapersalliance.com\/wp-content\/uploads\/2022\/07\/Nils-Torvalds-11x12.png 11w\" sizes=\"(max-width: 436px) 100vw, 436px\" \/>\t\t\t\t\t\t\t\t\t\t\t\t\t\t\t<\/div>\n\t\t\t\t<\/div>\n\t\t\t\t<div class=\"elementor-element elementor-element-7142b1e8 elementor-widget elementor-widget-heading\" data-id=\"7142b1e8\" data-element_type=\"widget\" data-e-type=\"widget\" data-widget_type=\"heading.default\">\n\t\t\t\t<div class=\"elementor-widget-container\">\n\t\t\t\t\t<h2 class=\"elementor-heading-title elementor-size-default\">Nils Torvalds<\/h2>\t\t\t\t<\/div>\n\t\t\t\t<\/div>\n\t\t\t\t<div class=\"elementor-element elementor-element-74c39b31 elementor-widget elementor-widget-text-editor\" data-id=\"74c39b31\" data-element_type=\"widget\" data-e-type=\"widget\" data-widget_type=\"text-editor.default\">\n\t\t\t\t<div class=\"elementor-widget-container\">\n\t\t\t\t\t\t\t\t\t<p>Uusi Eurooppa<br \/>nils.torvalds@europarl.europa.eu<\/p>\t\t\t\t\t\t\t\t<\/div>\n\t\t\t\t<\/div>\n\t\t\t\t\t<\/div>\n\t\t<\/div>\n\t\t\t\t\t<\/div>\n\t\t<\/section>\n\t\t\t\t<div class=\"elementor-element elementor-element-1e5f1492 elementor-align-center elementor-widget elementor-widget-button\" data-id=\"1e5f1492\" data-element_type=\"widget\" data-e-type=\"widget\" data-widget_type=\"button.default\">\n\t\t\t\t<div class=\"elementor-widget-container\">\n\t\t\t\t\t\t\t\t\t<div class=\"elementor-button-wrapper\">\n\t\t\t\t\t<a class=\"elementor-button elementor-button-link elementor-size-sm\" href=\"mailto:nils.torvalds@europarl.europa.eu?bcc=campaigns%40worldvapersalliance.com&#038;?&#038;subject=I%20need%20your%20support%20to%20save%20lives&#038;body=Hello,%0A%0AVaping%20has%20already%20saved%20millions%20of%20people%20worldwide%20by%20helping%20them%20quit%20smoking.%20It%20is%20well%20established%20that%20vaping%20is%20less%20harmful%20than%20smoking%20and%20one%20of%20the%20most%20successful%20smoking%20cessation%20aids.%0A%0APlease%20keep%20this%20in%20mind%20when%20making%20decisions%20about%20the%20upcoming%20update%20of%20the%20Tobacco%20Products%20Directive.%20The%20EU%20must%20endorse%20harm%20reduction%20and%20keep%20vaping%20available,%20including%20flavors.%20Don\u2019t%20ban%20flavors%20and%20push%20millions%20of%20people%20back%20to%20smoking.%0A%0APlease%20protect%20vaping%20and%20millions%20of%20vapers%20from%20falling%20back%20to%20cigarettes.%20Any%20future%20vaping%20decision%20should%20be%20based%20on%20science%20and%20provide%20a%20clear%20distinction%20between%20vaping%20and%20smoking.%0A%0AYou%20will%20receive%20my%20full%20support%20if%20I%20can%20count%20on%20you%20in%20this%20crucial%20matter.%0A%0AThanks%20for%20reading%20my%20message%20and%20I\u2019m%20looking%20forward%20to%20your%20reply.%0A%0A\" target=\"_blank\">\n\t\t\t\t\t\t<span class=\"elementor-button-content-wrapper\">\n\t\t\t\t\t\t\t\t\t<span class=\"elementor-button-text\">S\u00e4hk\u00f6posti<\/span>\n\t\t\t\t\t<\/span>\n\t\t\t\t\t<\/a>\n\t\t\t\t<\/div>\n\t\t\t\t\t\t\t\t<\/div>\n\t\t\t\t<\/div>\n\t\t\t\t\t<\/div>\n\t\t<\/div>\n\t\t\t\t<div class=\"elementor-column elementor-col-33 elementor-top-column elementor-element elementor-element-537b8e2d\" data-id=\"537b8e2d\" data-element_type=\"column\" data-e-type=\"column\" data-settings=\"{&quot;background_background&quot;:&quot;classic&quot;}\">\n\t\t\t<div class=\"elementor-widget-wrap\">\n\t\t\t\t\t\t\t<\/div>\n\t\t<\/div>\n\t\t\t\t\t<\/div>\n\t\t<\/section>\n\t\t\t\t<section class=\"elementor-section elementor-top-section elementor-element elementor-element-2ca117a8 elementor-section-boxed elementor-section-height-default elementor-section-height-default\" data-id=\"2ca117a8\" data-element_type=\"section\" data-e-type=\"section\" id=\"email-all-section\" data-settings=\"{&quot;background_background&quot;:&quot;classic&quot;}\">\n\t\t\t\t\t\t<div class=\"elementor-container elementor-column-gap-default\">\n\t\t\t\t\t<div class=\"elementor-column elementor-col-100 elementor-top-column elementor-element elementor-element-170808f0\" data-id=\"170808f0\" data-element_type=\"column\" data-e-type=\"column\">\n\t\t\t<div class=\"elementor-widget-wrap elementor-element-populated\">\n\t\t\t\t\t\t<div class=\"elementor-element elementor-element-4c099ab5 elementor-align-center elementor-widget elementor-widget-button\" data-id=\"4c099ab5\" data-element_type=\"widget\" data-e-type=\"widget\" data-widget_type=\"button.default\">\n\t\t\t\t<div class=\"elementor-widget-container\">\n\t\t\t\t\t\t\t\t\t<div class=\"elementor-button-wrapper\">\n\t\t\t\t\t<a class=\"elementor-button elementor-button-link elementor-size-sm\" href=\"mailto:l.westerveld@tweedekamer.nl,%20staatssecretaris@minvws.nl?bcc=campaigns%40worldvapersalliance.com&#038;?&#038;subject=Kom%20je%20voor%20me%20op%20tegen?&#038;body=Dag%0A%0AIk%20ben%20ook%20\u00e9\u00e9n%20van%20de%20duizenden%20vapers%20die%20zich%20verraden%20voelt%20door%20het%20vorige%20kabinet.%0A%0ANu%20weet%20ik%20zeker%20dat%20jullie%20bewust%20zijn%20dat%20de%20openbare%20raadpleging%20over%20vapesmaken%20een%20enorm%20aantal%20reacties%20teweeg%20heeft%20gebracht.%20Van%20de%201,100%20reacties%20waren%2098%%20tegen%20het%20verbieden%20van%20vapesmaken.%0A%0AWetenschappelijk%20bewijs%20toont%20aan%20dat%20vaping%20veiliger%20is%20dan%20roken.%20Vaping%20heeft%20mij%20geholpen%20om%20mijn%20gezondheid%20te%20verbeteren.%20Wanneer%20een%20vapesmakenverbod%20wordt%20besproken%20door%20onze%20parlementsleden,%20steun%20dan%20alsjeblieft%20alle%20vapers%20en%20minimaliseer%20de%20schade%20die%20al%20toegebracht%20is.%20We%20verdienen%20beter%20dan%20de%20wet%20die%20er%20nu%20doorgedrukt%20wordt.%0A%0AIk%20kijk%20uit%20naar%20jullie%20reactie.%0A%0A\" target=\"_blank\">\n\t\t\t\t\t\t<span class=\"elementor-button-content-wrapper\">\n\t\t\t\t\t\t\t\t\t<span class=\"elementor-button-text\">Stuur naar iedereen<\/span>\n\t\t\t\t\t<\/span>\n\t\t\t\t\t<\/a>\n\t\t\t\t<\/div>\n\t\t\t\t\t\t\t\t<\/div>\n\t\t\t\t<\/div>\n\t\t\t\t\t<\/div>\n\t\t<\/div>\n\t\t\t\t\t<\/div>\n\t\t<\/section>\n\t\t\t\t<\/div>\n\t\t\n\n\n\n\n\n\n\n\n\n\n\n\n\n\n\n\n\n\n\n\n\n\n\n\n\n\n\n\n\n\n<\/div>\n\t\t\t\t\t\t<\/div>\n\t\t\t\t<\/div>\n\t\t\t\t\t<\/div>\n\t\t<\/div>\n\t\t\t\t\t<\/div>\n\t\t<\/section>\n\t\t\t\t<section class=\"elementor-section elementor-top-section elementor-element elementor-element-9beabad elementor-section-full_width elementor-section-height-default elementor-section-height-default\" data-id=\"9beabad\" data-element_type=\"section\" data-e-type=\"section\" data-settings=\"{&quot;background_background&quot;:&quot;classic&quot;}\">\n\t\t\t\t\t\t<div class=\"elementor-container elementor-column-gap-no\">\n\t\t\t\t\t<div class=\"elementor-column elementor-col-33 elementor-top-column elementor-element elementor-element-5a1a45b elementor-hidden-mobile\" data-id=\"5a1a45b\" data-element_type=\"column\" data-e-type=\"column\" data-settings=\"{&quot;background_background&quot;:&quot;classic&quot;}\">\n\t\t\t<div class=\"elementor-widget-wrap\">\n\t\t\t\t\t\t\t<\/div>\n\t\t<\/div>\n\t\t\t\t<div class=\"elementor-column elementor-col-33 elementor-top-column elementor-element elementor-element-0318858\" data-id=\"0318858\" data-element_type=\"column\" data-e-type=\"column\" data-settings=\"{&quot;background_background&quot;:&quot;classic&quot;}\">\n\t\t\t<div class=\"elementor-widget-wrap elementor-element-populated\">\n\t\t\t\t\t\t<div class=\"elementor-element elementor-element-166a60a elementor-widget elementor-widget-text-editor\" data-id=\"166a60a\" data-element_type=\"widget\" data-e-type=\"widget\" data-widget_type=\"text-editor.default\">\n\t\t\t\t<div class=\"elementor-widget-container\">\n\t\t\t\t\t\t\t\t\t<p>Olemme jo alkaneet kirjoittaa sinulle s\u00e4hk\u00f6postia, mutta t\u00e4m\u00e4 on tilaisuutesi kertoa oma tarinasi.<\/p><p>Voit kertoa oman tarinasi kansanedustajallesi.<\/p>\t\t\t\t\t\t\t\t<\/div>\n\t\t\t\t<\/div>\n\t\t\t\t<div class=\"elementor-element elementor-element-61d614a elementor-widget-divider--view-line elementor-widget elementor-widget-divider\" data-id=\"61d614a\" data-element_type=\"widget\" data-e-type=\"widget\" data-widget_type=\"divider.default\">\n\t\t\t\t<div class=\"elementor-widget-container\">\n\t\t\t\t\t\t\t<div class=\"elementor-divider\">\n\t\t\t<span class=\"elementor-divider-separator\">\n\t\t\t\t\t\t<\/span>\n\t\t<\/div>\n\t\t\t\t\t\t<\/div>\n\t\t\t\t<\/div>\n\t\t\t\t\t<\/div>\n\t\t<\/div>\n\t\t\t\t<div class=\"elementor-column elementor-col-33 elementor-top-column elementor-element elementor-element-bd5eff6\" data-id=\"bd5eff6\" data-element_type=\"column\" data-e-type=\"column\" data-settings=\"{&quot;background_background&quot;:&quot;classic&quot;}\">\n\t\t\t<div class=\"elementor-widget-wrap elementor-element-populated\">\n\t\t\t\t\t\t<div class=\"elementor-element elementor-element-2aab6e4 purple-bullets elementor-widget elementor-widget-text-editor\" data-id=\"2aab6e4\" data-element_type=\"widget\" data-e-type=\"widget\" data-widget_type=\"text-editor.default\">\n\t\t\t\t<div class=\"elementor-widget-container\">\n\t\t\t\t\t\t\t\t\t<ul>\n \t<li>Etu- ja sukunimesi sek\u00e4 asuinpaikkasi<\/li>\n \t<li>Mit\u00e4 vaping merkitsee sinulle entisen\u00e4 tupakoitsijana \/ myyj\u00e4n\u00e4 \/ joka uskoo oikeuteen tehd\u00e4 omat valintasi<\/li>\n \t<li>Miksi hallituksen pit\u00e4isi mielest\u00e4si lopettaa hy\u00f6kk\u00e4yksens\u00e4?<\/li>\n \t<li>Miten makukielto vaikuttaa sinuun?<\/li>\n<\/ul>\t\t\t\t\t\t\t\t<\/div>\n\t\t\t\t<\/div>\n\t\t\t\t\t<\/div>\n\t\t<\/div>\n\t\t\t\t\t<\/div>\n\t\t<\/section>\n\t\t\t\t<section class=\"elementor-section elementor-top-section elementor-element elementor-element-0b92643 elementor-section-boxed elementor-section-height-default elementor-section-height-default\" data-id=\"0b92643\" data-element_type=\"section\" data-e-type=\"section\" data-settings=\"{&quot;background_background&quot;:&quot;classic&quot;}\">\n\t\t\t\t\t\t<div class=\"elementor-container elementor-column-gap-default\">\n\t\t\t\t\t<div class=\"elementor-column elementor-col-100 elementor-top-column elementor-element elementor-element-ac219a9\" data-id=\"ac219a9\" data-element_type=\"column\" data-e-type=\"column\">\n\t\t\t<div class=\"elementor-widget-wrap\">\n\t\t\t\t\t\t\t<\/div>\n\t\t<\/div>\n\t\t\t\t\t<\/div>\n\t\t<\/section>\n\t\t\t\t<\/div>","protected":false},"excerpt":{"rendered":"<p>Share your story! Email your MP\/MEP The Members of Parliament are waiting for your message. You can send a message to your Member of Parliament at the touch of a button. We\u2019ve already started writing an email for you, but this is your chance to tell your own story. You can tell your own story [&hellip;]<\/p>\n","protected":false},"author":2,"featured_media":0,"parent":0,"menu_order":0,"comment_status":"closed","ping_status":"closed","template":"elementor_header_footer","meta":{"footnotes":""},"class_list":["post-921","page","type-page","status-publish","hentry"],"yoast_head":"<!-- This site is optimized with the Yoast SEO plugin v27.3 - https:\/\/yoast.com\/product\/yoast-seo-wordpress\/ -->\n<title>BVBS Action Center - World Vapers&#039; Alliance<\/title>\n<meta name=\"robots\" content=\"index, follow, max-snippet:-1, max-image-preview:large, max-video-preview:-1\" \/>\n<link rel=\"canonical\" href=\"https:\/\/worldvapersalliance.com\/fi\/bvbs-action-center\/\" \/>\n<meta property=\"og:locale\" content=\"fi_FI\" \/>\n<meta property=\"og:type\" content=\"article\" \/>\n<meta property=\"og:title\" content=\"BVBS Action Center - World Vapers&#039; Alliance\" \/>\n<meta property=\"og:description\" content=\"Share your story! Email your MP\/MEP The Members of Parliament are waiting for your message. You can send a message to your Member of Parliament at the touch of a button. We\u2019ve already started writing an email for you, but this is your chance to tell your own story. You can tell your own story [&hellip;]\" \/>\n<meta property=\"og:url\" content=\"https:\/\/worldvapersalliance.com\/fi\/bvbs-action-center\/\" \/>\n<meta property=\"og:site_name\" content=\"World Vapers&#039; Alliance\" \/>\n<meta property=\"article:modified_time\" content=\"2022-08-12T19:15:04+00:00\" \/>\n<meta name=\"twitter:card\" content=\"summary_large_image\" \/>\n<meta name=\"twitter:label1\" content=\"Arvioitu lukuaika\" \/>\n\t<meta name=\"twitter:data1\" content=\"4 minuuttia\" \/>\n<script type=\"application\/ld+json\" class=\"yoast-schema-graph\">{\"@context\":\"https:\\\/\\\/schema.org\",\"@graph\":[{\"@type\":\"WebPage\",\"@id\":\"https:\\\/\\\/worldvapersalliance.com\\\/bvbs-action-center\\\/\",\"url\":\"https:\\\/\\\/worldvapersalliance.com\\\/bvbs-action-center\\\/\",\"name\":\"BVBS Action Center - World Vapers&#039; Alliance\",\"isPartOf\":{\"@id\":\"https:\\\/\\\/worldvapersalliance.com\\\/#website\"},\"datePublished\":\"2022-03-19T19:04:11+00:00\",\"dateModified\":\"2022-08-12T19:15:04+00:00\",\"inLanguage\":\"fi\",\"potentialAction\":[{\"@type\":\"ReadAction\",\"target\":[\"https:\\\/\\\/worldvapersalliance.com\\\/bvbs-action-center\\\/\"]}]},{\"@type\":\"WebSite\",\"@id\":\"https:\\\/\\\/worldvapersalliance.com\\\/#website\",\"url\":\"https:\\\/\\\/worldvapersalliance.com\\\/\",\"name\":\"World Vapers&#039; Alliance\",\"description\":\"The largest community of vapers\",\"publisher\":{\"@id\":\"https:\\\/\\\/worldvapersalliance.com\\\/#organization\"},\"potentialAction\":[{\"@type\":\"SearchAction\",\"target\":{\"@type\":\"EntryPoint\",\"urlTemplate\":\"https:\\\/\\\/worldvapersalliance.com\\\/?s={search_term_string}\"},\"query-input\":{\"@type\":\"PropertyValueSpecification\",\"valueRequired\":true,\"valueName\":\"search_term_string\"}}],\"inLanguage\":\"fi\"},{\"@type\":\"Organization\",\"@id\":\"https:\\\/\\\/worldvapersalliance.com\\\/#organization\",\"name\":\"World Vapers&#039; Alliance\",\"url\":\"https:\\\/\\\/worldvapersalliance.com\\\/\",\"logo\":{\"@type\":\"ImageObject\",\"inLanguage\":\"fi\",\"@id\":\"https:\\\/\\\/worldvapersalliance.com\\\/#\\\/schema\\\/logo\\\/image\\\/\",\"url\":\"https:\\\/\\\/worldvapersalliance.com\\\/wp-content\\\/uploads\\\/2022\\\/01\\\/WVA_RB_Fist_G.png\",\"contentUrl\":\"https:\\\/\\\/worldvapersalliance.com\\\/wp-content\\\/uploads\\\/2022\\\/01\\\/WVA_RB_Fist_G.png\",\"width\":985,\"height\":1177,\"caption\":\"World Vapers&#039; Alliance\"},\"image\":{\"@id\":\"https:\\\/\\\/worldvapersalliance.com\\\/#\\\/schema\\\/logo\\\/image\\\/\"}}]}<\/script>\n<!-- \/ Yoast SEO plugin. -->","yoast_head_json":{"title":"BVBS-toimintakeskus - Maailman h\u00f6yryttelij\u00f6iden liitto","robots":{"index":"index","follow":"follow","max-snippet":"max-snippet:-1","max-image-preview":"max-image-preview:large","max-video-preview":"max-video-preview:-1"},"canonical":"https:\/\/worldvapersalliance.com\/fi\/bvbs-action-center\/","og_locale":"fi_FI","og_type":"article","og_title":"BVBS Action Center - World Vapers&#039; Alliance","og_description":"Share your story! Email your MP\/MEP The Members of Parliament are waiting for your message. You can send a message to your Member of Parliament at the touch of a button. We\u2019ve already started writing an email for you, but this is your chance to tell your own story. You can tell your own story [&hellip;]","og_url":"https:\/\/worldvapersalliance.com\/fi\/bvbs-action-center\/","og_site_name":"World Vapers&#039; Alliance","article_modified_time":"2022-08-12T19:15:04+00:00","twitter_card":"summary_large_image","twitter_misc":{"Arvioitu lukuaika":"4 minuuttia"},"schema":{"@context":"https:\/\/schema.org","@graph":[{"@type":"WebPage","@id":"https:\/\/worldvapersalliance.com\/bvbs-action-center\/","url":"https:\/\/worldvapersalliance.com\/bvbs-action-center\/","name":"BVBS-toimintakeskus - Maailman h\u00f6yryttelij\u00f6iden liitto","isPartOf":{"@id":"https:\/\/worldvapersalliance.com\/#website"},"datePublished":"2022-03-19T19:04:11+00:00","dateModified":"2022-08-12T19:15:04+00:00","inLanguage":"fi","potentialAction":[{"@type":"ReadAction","target":["https:\/\/worldvapersalliance.com\/bvbs-action-center\/"]}]},{"@type":"WebSite","@id":"https:\/\/worldvapersalliance.com\/#website","url":"https:\/\/worldvapersalliance.com\/","name":"World Vapers&#039; Alliance","description":"Suurin vapaiden yhteis\u00f6","publisher":{"@id":"https:\/\/worldvapersalliance.com\/#organization"},"potentialAction":[{"@type":"SearchAction","target":{"@type":"EntryPoint","urlTemplate":"https:\/\/worldvapersalliance.com\/?s={search_term_string}"},"query-input":{"@type":"PropertyValueSpecification","valueRequired":true,"valueName":"search_term_string"}}],"inLanguage":"fi"},{"@type":"Organization","@id":"https:\/\/worldvapersalliance.com\/#organization","name":"World Vapers&#039; Alliance","url":"https:\/\/worldvapersalliance.com\/","logo":{"@type":"ImageObject","inLanguage":"fi","@id":"https:\/\/worldvapersalliance.com\/#\/schema\/logo\/image\/","url":"https:\/\/worldvapersalliance.com\/wp-content\/uploads\/2022\/01\/WVA_RB_Fist_G.png","contentUrl":"https:\/\/worldvapersalliance.com\/wp-content\/uploads\/2022\/01\/WVA_RB_Fist_G.png","width":985,"height":1177,"caption":"World Vapers&#039; Alliance"},"image":{"@id":"https:\/\/worldvapersalliance.com\/#\/schema\/logo\/image\/"}}]}},"_links":{"self":[{"href":"https:\/\/worldvapersalliance.com\/fi\/wp-json\/wp\/v2\/pages\/921","targetHints":{"allow":["GET"]}}],"collection":[{"href":"https:\/\/worldvapersalliance.com\/fi\/wp-json\/wp\/v2\/pages"}],"about":[{"href":"https:\/\/worldvapersalliance.com\/fi\/wp-json\/wp\/v2\/types\/page"}],"author":[{"embeddable":true,"href":"https:\/\/worldvapersalliance.com\/fi\/wp-json\/wp\/v2\/users\/2"}],"replies":[{"embeddable":true,"href":"https:\/\/worldvapersalliance.com\/fi\/wp-json\/wp\/v2\/comments?post=921"}],"version-history":[{"count":0,"href":"https:\/\/worldvapersalliance.com\/fi\/wp-json\/wp\/v2\/pages\/921\/revisions"}],"wp:attachment":[{"href":"https:\/\/worldvapersalliance.com\/fi\/wp-json\/wp\/v2\/media?parent=921"}],"curies":[{"name":"wp","href":"https:\/\/api.w.org\/{rel}","templated":true}]}}