{"id":6513,"date":"2025-10-06T05:53:19","date_gmt":"2025-10-06T09:53:19","guid":{"rendered":"https:\/\/worldvapersalliance.com\/?page_id=6513"},"modified":"2025-10-06T05:53:24","modified_gmt":"2025-10-06T09:53:24","slug":"eu-cardiovascular-consultation-public-backs-safer-nicotine-products","status":"publish","type":"page","link":"https:\/\/worldvapersalliance.com\/fi\/eu-cardiovascular-consultation-public-backs-safer-nicotine-products\/","title":{"rendered":"EU:n syd\u00e4n- ja verisuonitautikuuleminen: Kansalaiset tukevat turvallisempia nikotiinituotteita"},"content":{"rendered":"<div data-elementor-type=\"wp-page\" data-elementor-id=\"6513\" class=\"elementor elementor-6513\" data-elementor-post-type=\"page\">\n\t\t\t\t\t\t<section class=\"elementor-section elementor-top-section elementor-element elementor-element-624a795 elementor-section-height-min-height elementor-section-full_width elementor-section-height-default elementor-section-items-middle\" data-id=\"624a795\" data-element_type=\"section\" data-e-type=\"section\" data-settings=\"{&quot;background_background&quot;:&quot;classic&quot;}\">\n\t\t\t\t\t\t<div class=\"elementor-container elementor-column-gap-default\">\n\t\t\t\t\t<div class=\"elementor-column elementor-col-100 elementor-top-column elementor-element elementor-element-4a8f72e6\" data-id=\"4a8f72e6\" data-element_type=\"column\" data-e-type=\"column\">\n\t\t\t<div class=\"elementor-widget-wrap elementor-element-populated\">\n\t\t\t\t\t\t<div class=\"elementor-element elementor-element-65af89bc elementor-widget elementor-widget-heading\" data-id=\"65af89bc\" data-element_type=\"widget\" data-e-type=\"widget\" data-widget_type=\"heading.default\">\n\t\t\t\t<div class=\"elementor-widget-container\">\n\t\t\t\t\t<h2 class=\"elementor-heading-title elementor-size-default\">EU:n syd\u00e4n- ja verisuonitautikonsultaatio: <br> Katsaus osoittaa, ett\u00e4 yleis\u00f6 tukee turvallisempia nikotiinituotteita<\/h2>\t\t\t\t<\/div>\n\t\t\t\t<\/div>\n\t\t\t\t\t<\/div>\n\t\t<\/div>\n\t\t\t\t\t<\/div>\n\t\t<\/section>\n\t\t\t\t<section class=\"elementor-section elementor-top-section elementor-element elementor-element-299d9fa7 elementor-section-height-min-height elementor-section-boxed elementor-section-height-default elementor-section-items-middle\" data-id=\"299d9fa7\" data-element_type=\"section\" data-e-type=\"section\" data-settings=\"{&quot;background_background&quot;:&quot;classic&quot;}\">\n\t\t\t\t\t\t<div class=\"elementor-container elementor-column-gap-default\">\n\t\t\t\t\t<div class=\"elementor-column elementor-col-100 elementor-top-column elementor-element elementor-element-2bd4487\" data-id=\"2bd4487\" data-element_type=\"column\" data-e-type=\"column\">\n\t\t\t<div class=\"elementor-widget-wrap elementor-element-populated\">\n\t\t\t\t\t\t<section class=\"elementor-section elementor-inner-section elementor-element elementor-element-41f62fbd elementor-section-boxed elementor-section-height-default elementor-section-height-default\" data-id=\"41f62fbd\" data-element_type=\"section\" data-e-type=\"section\">\n\t\t\t\t\t\t<div class=\"elementor-container elementor-column-gap-default\">\n\t\t\t\t\t<div class=\"elementor-column elementor-col-100 elementor-inner-column elementor-element elementor-element-2156ce5b\" data-id=\"2156ce5b\" data-element_type=\"column\" data-e-type=\"column\">\n\t\t\t<div class=\"elementor-widget-wrap elementor-element-populated\">\n\t\t\t\t\t\t<div class=\"elementor-element elementor-element-3c1cd75f elementor-widget elementor-widget-heading\" data-id=\"3c1cd75f\" data-element_type=\"widget\" data-e-type=\"widget\" data-widget_type=\"heading.default\">\n\t\t\t\t<div class=\"elementor-widget-container\">\n\t\t\t\t\t<h2 class=\"elementor-heading-title elementor-size-medium\">Johdanto<\/h2>\t\t\t\t<\/div>\n\t\t\t\t<\/div>\n\t\t\t\t\t<\/div>\n\t\t<\/div>\n\t\t\t\t\t<\/div>\n\t\t<\/section>\n\t\t\t\t<section class=\"elementor-section elementor-inner-section elementor-element elementor-element-5282c752 elementor-section-full_width elementor-section-height-default elementor-section-height-default\" data-id=\"5282c752\" data-element_type=\"section\" data-e-type=\"section\">\n\t\t\t\t\t\t<div class=\"elementor-container elementor-column-gap-default\">\n\t\t\t\t\t<div class=\"elementor-column elementor-col-100 elementor-inner-column elementor-element elementor-element-1cbc264c\" data-id=\"1cbc264c\" data-element_type=\"column\" data-e-type=\"column\">\n\t\t\t<div class=\"elementor-widget-wrap elementor-element-populated\">\n\t\t\t\t\t\t<div class=\"elementor-element elementor-element-68abfe9e purple-bullets elementor-widget elementor-widget-text-editor\" data-id=\"68abfe9e\" data-element_type=\"widget\" data-e-type=\"widget\" data-widget_type=\"text-editor.default\">\n\t\t\t\t<div class=\"elementor-widget-container\">\n\t\t\t\t\t\t\t\t\t<p><span style=\"font-weight: 400;\">Teko\u00e4lypohjainen analyysi<\/span><span style=\"font-weight: 400;\"> EU-komission syd\u00e4n- ja verisuoniterveydest\u00e4 <\/span><a href=\"https:\/\/ec.europa.eu\/info\/law\/better-regulation\/have-your-say\/initiatives\/14755-EU-cardiovascular-health-plan\/feedback_en?p_id=20242\"><span style=\"font-weight: 400;\">konsultointi<\/span><\/a><span style=\"font-weight: 400;\"> n\u00e4ytt\u00e4\u00e4 <\/span><b>suuri enemmist\u00f6 (76%) kannattaa haittojen v\u00e4hent\u00e4mist\u00e4<\/b><span style=\"font-weight: 400;\"> niiden keskuudessa, jotka puhuivat asiasta. Vaikka monet vastaukset keskittyiv\u00e4t laajempiin terveyskysymyksiin, tarkempi tarkastelu vastauksista, joissa mainittiin turvallisempia nikotiinituotteita ja haittojen v\u00e4hent\u00e4mist\u00e4, paljastaa selke\u00e4n yleis\u00f6n tuen.<\/span><\/p><p><span style=\"font-weight: 400;\">Haittojen v\u00e4hent\u00e4mist\u00e4 k\u00e4sittelevist\u00e4 useimmat vaativat EU:ta sis\u00e4llytt\u00e4m\u00e4\u00e4n toimintasuunnitelmaansa v\u00e4hemm\u00e4n haitallisia vaihtoehtoja, kuten s\u00e4hk\u00f6tupakan, nikotiinipussien, l\u00e4mmitett\u00e4v\u00e4n tupakan ja nuuskan, tupakoinnin v\u00e4hent\u00e4miseksi ja sairauksien ehk\u00e4isemiseksi. Vastustus t\u00e4t\u00e4 l\u00e4hestymistapaa kohtaan oli harvinaista ja tuli p\u00e4\u00e4asiassa perinteisilt\u00e4 tupakoinnin torjuntaryhmilt\u00e4 ja joiltakin kansainv\u00e4lisilt\u00e4 terveysj\u00e4rjest\u00f6ilt\u00e4. Kaava on yksinkertainen: kun tupakkaa ja haittojen v\u00e4hent\u00e4mist\u00e4 koskeva kysymys otetaan esiin, useimmat vastaajat haluavat EU:n tukevan v\u00e4hemm\u00e4n haitallisia vaihtoehtoja.<\/span><\/p><p><span style=\"font-weight: 400;\">On t\u00e4rke\u00e4\u00e4 huomata, ett\u00e4 n\u00e4m\u00e4 tulokset ovat per\u00e4isin teko\u00e4lyn avainsana-analyysist\u00e4 ja tarjoavat vahvan trendin, mutta yksityiskohtien tulkinnassa on oltava varovainen. Silti t\u00e4m\u00e4 n\u00e4ytt\u00f6 tekee vaikeaksi j\u00e4tt\u00e4\u00e4 huomiotta sit\u00e4, mit\u00e4 ihmiset todella haluavat.<\/span><\/p>\t\t\t\t\t\t\t\t<\/div>\n\t\t\t\t<\/div>\n\t\t\t\t<div class=\"elementor-element elementor-element-a435788 elementor-widget elementor-widget-heading\" data-id=\"a435788\" data-element_type=\"widget\" data-e-type=\"widget\" data-widget_type=\"heading.default\">\n\t\t\t\t<div class=\"elementor-widget-container\">\n\t\t\t\t\t<h2 class=\"elementor-heading-title elementor-size-default\">Tulokset yhdell\u00e4 silm\u00e4yksell\u00e4:\n<\/h2>\t\t\t\t<\/div>\n\t\t\t\t<\/div>\n\t\t\t\t<div class=\"elementor-element elementor-element-93cb5cc elementor-widget elementor-widget-text-editor\" data-id=\"93cb5cc\" data-element_type=\"widget\" data-e-type=\"widget\" data-widget_type=\"text-editor.default\">\n\t\t\t\t<div class=\"elementor-widget-container\">\n\t\t\t\t\t\t\t\t\t<p><strong><span style=\"color: #000000;\">Kaikki l\u00e4hetykset (yhteens\u00e4 677)<\/span><\/strong><\/p><p><span style=\"font-weight: 400; color: #000000;\">\u2013 Ei maininnut haittojen v\u00e4hent\u00e4mist\u00e4 tai siihen liittyvi\u00e4 tuotteita: 506 (74,7%)<\/span><\/p><p><span style=\"font-weight: 400; color: #000000;\">\u2013 Positiivinen haittojen v\u00e4hent\u00e4misen suhteen: 130 (19,2%)<\/span><\/p><p><span style=\"font-weight: 400; color: #000000;\">\u2013 Neutraali: 25 (3,7%)<\/span><\/p><p><span style=\"font-weight: 400; color: #000000;\">\u2013 Negatiivinen: 16 (2,4%)<\/span><\/p><p><strong><span style=\"color: #000000;\">Haittojen v\u00e4hent\u00e4mist\u00e4 koskevat lausunnot (yhteens\u00e4 171)<\/span><\/strong><\/p><p><span style=\"font-weight: 400; color: #000000;\">\u2013 Positiivinen: 130 (76%)<\/span><\/p><p><span style=\"font-weight: 400; color: #000000;\">\u2013 Neutraali: 25 (15%)<\/span><\/p><p><span style=\"font-weight: 400; color: #000000;\">\u2013 Negatiivinen: 16 (9%)<\/span><\/p><p>\u00a0<\/p><p><span style=\"color: #000000;\"><span style=\"font-weight: 400;\">Maailman h\u00f6yryttelij\u00f6iden liitto (WVA) kehottaa EU-komissiota lopettamaan haittojen v\u00e4hent\u00e4misen kohtelun uhkana. <\/span><a style=\"color: #000000;\" href=\"https:\/\/worldvapersalliance.com\/fi\/harm-reduction-vaping-fact-sheet\/\"><span style=\"font-weight: 400;\">tiede<\/span><\/a><span style=\"font-weight: 400;\"> on selv\u00e4\u00e4: savu on haitallista, ei h\u00f6yryttelyss\u00e4 tai pusseissa oleva nikotiini. <\/span><a style=\"color: #000000;\" href=\"https:\/\/worldvapersalliance.com\/wp-content\/uploads\/2025\/06\/Champions-of-Change-Harm-Reduction-Victory.pdf\"><span style=\"font-weight: 400;\">Maat<\/span><\/a><span style=\"font-weight: 400;\"> Ruotsin, T\u0161ekin tasavallan ja Kreikan tavoin ne ovat edell\u00e4k\u00e4vij\u00f6it\u00e4 haittojen v\u00e4hent\u00e4misen omaksumisessa. Ruotsi on l\u00e4hes savuton, koska se tukee v\u00e4hemm\u00e4n haitallisia vaihtoehtoja. EU:n tulisi seurata t\u00e4t\u00e4 menestyksek\u00e4st\u00e4 mallia sen sijaan, ett\u00e4 se takertuu vanhentuneeseen ideologiaan ja v\u00e4\u00e4r\u00e4\u00e4n tietoon.<\/span><\/span><\/p><p><span style=\"color: #000000;\"><span style=\"font-weight: 400;\">Viimeaikaiset <\/span><a style=\"color: #000000;\" href=\"https:\/\/worldvapersalliance.com\/fi\/brussels-official-policy-harm-reduction-pushed-aside-in-favour-of-outdated-myths\/\"><span style=\"font-weight: 400;\">lausunnot<\/span><\/a><span style=\"font-weight: 400;\"> EU-komissio v\u00e4itt\u00e4\u00e4 virheellisesti, ett\u00e4 uusilla nikotiinituotteilla on &quot;tupakointiin verrattavia riskej\u00e4&quot;. N\u00e4m\u00e4 v\u00e4itteet ovat l\u00e4hes kaikkien merkitt\u00e4vien tieteellisten katsausten vastaisia. V\u00e4\u00e4r\u00e4\u00e4n tietoon perustuvat politiikat pit\u00e4v\u00e4t ihmiset tupakoimassa, maksavat ihmishenki\u00e4 ja j\u00e4tt\u00e4v\u00e4t huomiotta n\u00e4ytt\u00f6\u00f6n perustuvat kansanterveysstrategiat. Kuulemisten j\u00e4rjest\u00e4minen on turhaa, jos tulokset on jo p\u00e4\u00e4tetty ja kansalaisten panos on vain viikunanlehti ennalta m\u00e4\u00e4r\u00e4tyille p\u00e4\u00e4t\u00f6ksille.<\/span><\/span><\/p><p><span style=\"font-weight: 400; color: #000000;\">EU:n on kuunneltava kansalaisiaan \u2013 muuten kuulemiset ovat farssi. Poliittisten p\u00e4\u00e4tt\u00e4jien tulisi perustaa terveysp\u00e4\u00e4t\u00f6kset faktoihin, ei pelkoon tai vanhentuneisiin myytteihin. Tupakoitsijat, s\u00e4hk\u00f6savukkeiden k\u00e4ytt\u00e4j\u00e4t ja muut nikotiinin k\u00e4ytt\u00e4j\u00e4t ansaitsevat todellista valinnanvaraa ja tarkkaa tietoa. Euroopan tulisi olla johtoasema haittojen v\u00e4hent\u00e4misess\u00e4, eik\u00e4 se saisi j\u00e4tt\u00e4\u00e4 huomiotta omia menestystarinoitaan tai kansalaistensa tahtoa.<\/span><\/p>\t\t\t\t\t\t\t\t<\/div>\n\t\t\t\t<\/div>\n\t\t\t\t\t<\/div>\n\t\t<\/div>\n\t\t\t\t\t<\/div>\n\t\t<\/section>\n\t\t\t\t\t<\/div>\n\t\t<\/div>\n\t\t\t\t\t<\/div>\n\t\t<\/section>\n\t\t\t\t<section class=\"elementor-section elementor-top-section elementor-element elementor-element-19752e60 elementor-section-height-min-height elementor-section-items-top elementor-section-boxed elementor-section-height-default\" data-id=\"19752e60\" data-element_type=\"section\" data-e-type=\"section\" data-settings=\"{&quot;background_background&quot;:&quot;classic&quot;}\">\n\t\t\t\t\t\t<div class=\"elementor-container elementor-column-gap-default\">\n\t\t\t\t\t<div class=\"elementor-column elementor-col-100 elementor-top-column elementor-element elementor-element-13ce65de\" data-id=\"13ce65de\" data-element_type=\"column\" data-e-type=\"column\">\n\t\t\t<div class=\"elementor-widget-wrap elementor-element-populated\">\n\t\t\t\t\t\t<section class=\"elementor-section elementor-inner-section elementor-element elementor-element-5c4bd78d elementor-section-boxed elementor-section-height-default elementor-section-height-default\" data-id=\"5c4bd78d\" data-element_type=\"section\" data-e-type=\"section\">\n\t\t\t\t\t\t<div class=\"elementor-container elementor-column-gap-default\">\n\t\t\t\t\t<div class=\"elementor-column elementor-col-100 elementor-inner-column elementor-element elementor-element-7ca7eda\" data-id=\"7ca7eda\" data-element_type=\"column\" data-e-type=\"column\">\n\t\t\t<div class=\"elementor-widget-wrap elementor-element-populated\">\n\t\t\t\t\t\t<div class=\"elementor-element elementor-element-500dff8b elementor-widget elementor-widget-heading\" data-id=\"500dff8b\" data-element_type=\"widget\" data-e-type=\"widget\" data-widget_type=\"heading.default\">\n\t\t\t\t<div class=\"elementor-widget-container\">\n\t\t\t\t\t<h2 class=\"elementor-heading-title elementor-size-medium\">Lue koko raportti<\/h2>\t\t\t\t<\/div>\n\t\t\t\t<\/div>\n\t\t\t\t\t<\/div>\n\t\t<\/div>\n\t\t\t\t\t<\/div>\n\t\t<\/section>\n\t\t\t\t<section class=\"elementor-section elementor-inner-section elementor-element elementor-element-1676de52 elementor-section-full_width elementor-section-height-default elementor-section-height-default\" data-id=\"1676de52\" data-element_type=\"section\" data-e-type=\"section\">\n\t\t\t\t\t\t<div class=\"elementor-container elementor-column-gap-default\">\n\t\t\t\t\t<div class=\"elementor-column elementor-col-100 elementor-inner-column elementor-element elementor-element-70f408bc\" data-id=\"70f408bc\" data-element_type=\"column\" data-e-type=\"column\">\n\t\t\t<div class=\"elementor-widget-wrap elementor-element-populated\">\n\t\t\t\t\t\t<div class=\"elementor-element elementor-element-293ede6 elementor-align-center elementor-widget elementor-widget-button\" data-id=\"293ede6\" data-element_type=\"widget\" data-e-type=\"widget\" data-widget_type=\"button.default\">\n\t\t\t\t<div class=\"elementor-widget-container\">\n\t\t\t\t\t\t\t\t\t<div class=\"elementor-button-wrapper\">\n\t\t\t\t\t<a class=\"elementor-button elementor-button-link elementor-size-sm\" href=\"https:\/\/worldvapersalliance.com\/wp-content\/uploads\/2025\/09\/EU-Cardiovascular-Consultation_.pdf\" target=\"_blank\">\n\t\t\t\t\t\t<span class=\"elementor-button-content-wrapper\">\n\t\t\t\t\t\t\t\t\t<span class=\"elementor-button-text\">Lataa<\/span>\n\t\t\t\t\t<\/span>\n\t\t\t\t\t<\/a>\n\t\t\t\t<\/div>\n\t\t\t\t\t\t\t\t<\/div>\n\t\t\t\t<\/div>\n\t\t\t\t\t<\/div>\n\t\t<\/div>\n\t\t\t\t\t<\/div>\n\t\t<\/section>\n\t\t\t\t\t<\/div>\n\t\t<\/div>\n\t\t\t\t\t<\/div>\n\t\t<\/section>\n\t\t\t\t<section class=\"elementor-section elementor-top-section elementor-element elementor-element-1daa277b elementor-section-boxed elementor-section-height-default elementor-section-height-default\" data-id=\"1daa277b\" data-element_type=\"section\" data-e-type=\"section\" data-settings=\"{&quot;background_background&quot;:&quot;classic&quot;}\">\n\t\t\t\t\t\t<div class=\"elementor-container elementor-column-gap-default\">\n\t\t\t\t\t<div class=\"elementor-column elementor-col-100 elementor-top-column elementor-element elementor-element-5c3ea3e3\" data-id=\"5c3ea3e3\" data-element_type=\"column\" data-e-type=\"column\">\n\t\t\t<div class=\"elementor-widget-wrap elementor-element-populated\">\n\t\t\t\t\t\t<div class=\"elementor-element elementor-element-245aa095 elementor-widget elementor-widget-heading\" data-id=\"245aa095\" data-element_type=\"widget\" data-e-type=\"widget\" data-widget_type=\"heading.default\">\n\t\t\t\t<div class=\"elementor-widget-container\">\n\t\t\t\t\t<h2 class=\"elementor-heading-title elementor-size-default\">Jaa sosiaalisessa mediassa<\/h2>\t\t\t\t<\/div>\n\t\t\t\t<\/div>\n\t\t\t\t<div class=\"elementor-element elementor-element-7d3a5fe9 elementor-shape-circle elementor-grid-0 e-grid-align-center elementor-widget elementor-widget-social-icons\" data-id=\"7d3a5fe9\" data-element_type=\"widget\" data-e-type=\"widget\" data-widget_type=\"social-icons.default\">\n\t\t\t\t<div class=\"elementor-widget-container\">\n\t\t\t\t\t\t\t<div class=\"elementor-social-icons-wrapper elementor-grid\" role=\"list\">\n\t\t\t\t\t\t\t<span class=\"elementor-grid-item\" role=\"listitem\">\n\t\t\t\t\t<a class=\"elementor-icon elementor-social-icon elementor-social-icon-facebook elementor-repeater-item-b603d12\" href=\"https:\/\/www.facebook.com\/World-Vapers-Alliance-112282503640772\/\" target=\"_blank\">\n\t\t\t\t\t\t<span class=\"elementor-screen-only\">Facebook<\/span>\n\t\t\t\t\t\t<i aria-hidden=\"true\" class=\"fab fa-facebook\"><\/i>\t\t\t\t\t<\/a>\n\t\t\t\t<\/span>\n\t\t\t\t\t\t\t<span class=\"elementor-grid-item\" role=\"listitem\">\n\t\t\t\t\t<a class=\"elementor-icon elementor-social-icon elementor-social-icon-linkedin elementor-repeater-item-06c4c45\" target=\"_blank\">\n\t\t\t\t\t\t<span class=\"elementor-screen-only\">Linkedin<\/span>\n\t\t\t\t\t\t<i aria-hidden=\"true\" class=\"fab fa-linkedin\"><\/i>\t\t\t\t\t<\/a>\n\t\t\t\t<\/span>\n\t\t\t\t\t\t\t<span class=\"elementor-grid-item\" role=\"listitem\">\n\t\t\t\t\t<a class=\"elementor-icon elementor-social-icon elementor-social-icon-twitter elementor-repeater-item-a6d87a6\" href=\"https:\/\/twitter.com\/vapers_alliance\/\" target=\"_blank\">\n\t\t\t\t\t\t<span class=\"elementor-screen-only\">Viserrys<\/span>\n\t\t\t\t\t\t<i aria-hidden=\"true\" class=\"fab fa-twitter\"><\/i>\t\t\t\t\t<\/a>\n\t\t\t\t<\/span>\n\t\t\t\t\t<\/div>\n\t\t\t\t\t\t<\/div>\n\t\t\t\t<\/div>\n\t\t\t\t\t<\/div>\n\t\t<\/div>\n\t\t\t\t\t<\/div>\n\t\t<\/section>\n\t\t\t\t<section class=\"elementor-section elementor-top-section elementor-element elementor-element-3a3300e5 elementor-section-boxed elementor-section-height-default elementor-section-height-default\" data-id=\"3a3300e5\" data-element_type=\"section\" data-e-type=\"section\" data-settings=\"{&quot;background_background&quot;:&quot;classic&quot;}\">\n\t\t\t\t\t\t<div class=\"elementor-container elementor-column-gap-default\">\n\t\t\t\t\t<div class=\"elementor-column elementor-col-100 elementor-top-column elementor-element elementor-element-2ca42ae5\" data-id=\"2ca42ae5\" data-element_type=\"column\" data-e-type=\"column\">\n\t\t\t<div class=\"elementor-widget-wrap\">\n\t\t\t\t\t\t\t<\/div>\n\t\t<\/div>\n\t\t\t\t\t<\/div>\n\t\t<\/section>\n\t\t\t\t<\/div>","protected":false},"excerpt":{"rendered":"<p>EU Cardiovascular Consultation: Public backs safer nicotine products, review shows Introduction An AI-driven analysis of the EU Commission\u2019s cardiovascular health consultation shows a large majority (76%) in favour of harm reduction among those who spoke about it. While many submissions focused on broader health issues, a closer look at responses mentioning safer nicotine products and [&hellip;]<\/p>\n","protected":false},"author":8,"featured_media":0,"parent":0,"menu_order":0,"comment_status":"closed","ping_status":"closed","template":"elementor_header_footer","meta":{"footnotes":""},"class_list":["post-6513","page","type-page","status-publish","hentry"],"yoast_head":"<!-- This site is optimized with the Yoast SEO plugin v27.3 - https:\/\/yoast.com\/product\/yoast-seo-wordpress\/ -->\n<title>EU Cardiovascular Consultation: Public backs safer nicotine products - World Vapers&#039; Alliance<\/title>\n<meta name=\"robots\" content=\"index, follow, max-snippet:-1, max-image-preview:large, max-video-preview:-1\" \/>\n<link rel=\"canonical\" href=\"https:\/\/worldvapersalliance.com\/fi\/eu-cardiovascular-consultation-public-backs-safer-nicotine-products\/\" \/>\n<meta property=\"og:locale\" content=\"fi_FI\" \/>\n<meta property=\"og:type\" content=\"article\" \/>\n<meta property=\"og:title\" content=\"EU Cardiovascular Consultation: Public backs safer nicotine products - World Vapers&#039; Alliance\" \/>\n<meta property=\"og:description\" content=\"EU Cardiovascular Consultation: Public backs safer nicotine products, review shows Introduction An AI-driven analysis of the EU Commission\u2019s cardiovascular health consultation shows a large majority (76%) in favour of harm reduction among those who spoke about it. While many submissions focused on broader health issues, a closer look at responses mentioning safer nicotine products and [&hellip;]\" \/>\n<meta property=\"og:url\" content=\"https:\/\/worldvapersalliance.com\/fi\/eu-cardiovascular-consultation-public-backs-safer-nicotine-products\/\" \/>\n<meta property=\"og:site_name\" content=\"World Vapers&#039; Alliance\" \/>\n<meta property=\"article:modified_time\" content=\"2025-10-06T09:53:24+00:00\" \/>\n<meta name=\"twitter:card\" content=\"summary_large_image\" \/>\n<meta name=\"twitter:label1\" content=\"Arvioitu lukuaika\" \/>\n\t<meta name=\"twitter:data1\" content=\"2 minuuttia\" \/>\n<script type=\"application\/ld+json\" class=\"yoast-schema-graph\">{\"@context\":\"https:\\\/\\\/schema.org\",\"@graph\":[{\"@type\":\"WebPage\",\"@id\":\"https:\\\/\\\/worldvapersalliance.com\\\/eu-cardiovascular-consultation-public-backs-safer-nicotine-products\\\/\",\"url\":\"https:\\\/\\\/worldvapersalliance.com\\\/eu-cardiovascular-consultation-public-backs-safer-nicotine-products\\\/\",\"name\":\"EU Cardiovascular Consultation: Public backs safer nicotine products - World Vapers&#039; Alliance\",\"isPartOf\":{\"@id\":\"https:\\\/\\\/worldvapersalliance.com\\\/#website\"},\"datePublished\":\"2025-10-06T09:53:19+00:00\",\"dateModified\":\"2025-10-06T09:53:24+00:00\",\"inLanguage\":\"fi\",\"potentialAction\":[{\"@type\":\"ReadAction\",\"target\":[\"https:\\\/\\\/worldvapersalliance.com\\\/eu-cardiovascular-consultation-public-backs-safer-nicotine-products\\\/\"]}]},{\"@type\":\"WebSite\",\"@id\":\"https:\\\/\\\/worldvapersalliance.com\\\/#website\",\"url\":\"https:\\\/\\\/worldvapersalliance.com\\\/\",\"name\":\"World Vapers&#039; Alliance\",\"description\":\"The largest community of vapers\",\"publisher\":{\"@id\":\"https:\\\/\\\/worldvapersalliance.com\\\/#organization\"},\"potentialAction\":[{\"@type\":\"SearchAction\",\"target\":{\"@type\":\"EntryPoint\",\"urlTemplate\":\"https:\\\/\\\/worldvapersalliance.com\\\/?s={search_term_string}\"},\"query-input\":{\"@type\":\"PropertyValueSpecification\",\"valueRequired\":true,\"valueName\":\"search_term_string\"}}],\"inLanguage\":\"fi\"},{\"@type\":\"Organization\",\"@id\":\"https:\\\/\\\/worldvapersalliance.com\\\/#organization\",\"name\":\"World Vapers&#039; Alliance\",\"url\":\"https:\\\/\\\/worldvapersalliance.com\\\/\",\"logo\":{\"@type\":\"ImageObject\",\"inLanguage\":\"fi\",\"@id\":\"https:\\\/\\\/worldvapersalliance.com\\\/#\\\/schema\\\/logo\\\/image\\\/\",\"url\":\"https:\\\/\\\/worldvapersalliance.com\\\/wp-content\\\/uploads\\\/2022\\\/01\\\/WVA_RB_Fist_G.png\",\"contentUrl\":\"https:\\\/\\\/worldvapersalliance.com\\\/wp-content\\\/uploads\\\/2022\\\/01\\\/WVA_RB_Fist_G.png\",\"width\":985,\"height\":1177,\"caption\":\"World Vapers&#039; Alliance\"},\"image\":{\"@id\":\"https:\\\/\\\/worldvapersalliance.com\\\/#\\\/schema\\\/logo\\\/image\\\/\"}}]}<\/script>\n<!-- \/ Yoast SEO plugin. -->","yoast_head_json":{"title":"EU:n syd\u00e4n- ja verisuonitautikuuleminen: Kansalaiset tukevat turvallisempia nikotiinituotteita - World Vapers&#039; Alliance","robots":{"index":"index","follow":"follow","max-snippet":"max-snippet:-1","max-image-preview":"max-image-preview:large","max-video-preview":"max-video-preview:-1"},"canonical":"https:\/\/worldvapersalliance.com\/fi\/eu-cardiovascular-consultation-public-backs-safer-nicotine-products\/","og_locale":"fi_FI","og_type":"article","og_title":"EU Cardiovascular Consultation: Public backs safer nicotine products - World Vapers&#039; Alliance","og_description":"EU Cardiovascular Consultation: Public backs safer nicotine products, review shows Introduction An AI-driven analysis of the EU Commission\u2019s cardiovascular health consultation shows a large majority (76%) in favour of harm reduction among those who spoke about it. While many submissions focused on broader health issues, a closer look at responses mentioning safer nicotine products and [&hellip;]","og_url":"https:\/\/worldvapersalliance.com\/fi\/eu-cardiovascular-consultation-public-backs-safer-nicotine-products\/","og_site_name":"World Vapers&#039; Alliance","article_modified_time":"2025-10-06T09:53:24+00:00","twitter_card":"summary_large_image","twitter_misc":{"Arvioitu lukuaika":"2 minuuttia"},"schema":{"@context":"https:\/\/schema.org","@graph":[{"@type":"WebPage","@id":"https:\/\/worldvapersalliance.com\/eu-cardiovascular-consultation-public-backs-safer-nicotine-products\/","url":"https:\/\/worldvapersalliance.com\/eu-cardiovascular-consultation-public-backs-safer-nicotine-products\/","name":"EU:n syd\u00e4n- ja verisuonitautikuuleminen: Kansalaiset tukevat turvallisempia nikotiinituotteita - World Vapers&#039; Alliance","isPartOf":{"@id":"https:\/\/worldvapersalliance.com\/#website"},"datePublished":"2025-10-06T09:53:19+00:00","dateModified":"2025-10-06T09:53:24+00:00","inLanguage":"fi","potentialAction":[{"@type":"ReadAction","target":["https:\/\/worldvapersalliance.com\/eu-cardiovascular-consultation-public-backs-safer-nicotine-products\/"]}]},{"@type":"WebSite","@id":"https:\/\/worldvapersalliance.com\/#website","url":"https:\/\/worldvapersalliance.com\/","name":"World Vapers&#039; Alliance","description":"Suurin vapaiden yhteis\u00f6","publisher":{"@id":"https:\/\/worldvapersalliance.com\/#organization"},"potentialAction":[{"@type":"SearchAction","target":{"@type":"EntryPoint","urlTemplate":"https:\/\/worldvapersalliance.com\/?s={search_term_string}"},"query-input":{"@type":"PropertyValueSpecification","valueRequired":true,"valueName":"search_term_string"}}],"inLanguage":"fi"},{"@type":"Organization","@id":"https:\/\/worldvapersalliance.com\/#organization","name":"World Vapers&#039; Alliance","url":"https:\/\/worldvapersalliance.com\/","logo":{"@type":"ImageObject","inLanguage":"fi","@id":"https:\/\/worldvapersalliance.com\/#\/schema\/logo\/image\/","url":"https:\/\/worldvapersalliance.com\/wp-content\/uploads\/2022\/01\/WVA_RB_Fist_G.png","contentUrl":"https:\/\/worldvapersalliance.com\/wp-content\/uploads\/2022\/01\/WVA_RB_Fist_G.png","width":985,"height":1177,"caption":"World Vapers&#039; Alliance"},"image":{"@id":"https:\/\/worldvapersalliance.com\/#\/schema\/logo\/image\/"}}]}},"_links":{"self":[{"href":"https:\/\/worldvapersalliance.com\/fi\/wp-json\/wp\/v2\/pages\/6513","targetHints":{"allow":["GET"]}}],"collection":[{"href":"https:\/\/worldvapersalliance.com\/fi\/wp-json\/wp\/v2\/pages"}],"about":[{"href":"https:\/\/worldvapersalliance.com\/fi\/wp-json\/wp\/v2\/types\/page"}],"author":[{"embeddable":true,"href":"https:\/\/worldvapersalliance.com\/fi\/wp-json\/wp\/v2\/users\/8"}],"replies":[{"embeddable":true,"href":"https:\/\/worldvapersalliance.com\/fi\/wp-json\/wp\/v2\/comments?post=6513"}],"version-history":[{"count":0,"href":"https:\/\/worldvapersalliance.com\/fi\/wp-json\/wp\/v2\/pages\/6513\/revisions"}],"wp:attachment":[{"href":"https:\/\/worldvapersalliance.com\/fi\/wp-json\/wp\/v2\/media?parent=6513"}],"curies":[{"name":"wp","href":"https:\/\/api.w.org\/{rel}","templated":true}]}}