{"id":6513,"date":"2025-10-06T05:53:19","date_gmt":"2025-10-06T09:53:19","guid":{"rendered":"https:\/\/worldvapersalliance.com\/?page_id=6513"},"modified":"2025-10-06T05:53:24","modified_gmt":"2025-10-06T09:53:24","slug":"eu-cardiovascular-consultation-public-backs-safer-nicotine-products","status":"publish","type":"page","link":"https:\/\/worldvapersalliance.com\/es\/eu-cardiovascular-consultation-public-backs-safer-nicotine-products\/","title":{"rendered":"Consulta cardiovascular de la UE: el p\u00fablico respalda productos de nicotina m\u00e1s seguros"},"content":{"rendered":"<div data-elementor-type=\"wp-page\" data-elementor-id=\"6513\" class=\"elementor elementor-6513\" data-elementor-post-type=\"page\">\n\t\t\t\t\t\t<section class=\"elementor-section elementor-top-section elementor-element elementor-element-624a795 elementor-section-height-min-height elementor-section-full_width elementor-section-height-default elementor-section-items-middle\" data-id=\"624a795\" data-element_type=\"section\" data-e-type=\"section\" data-settings=\"{&quot;background_background&quot;:&quot;classic&quot;}\">\n\t\t\t\t\t\t<div class=\"elementor-container elementor-column-gap-default\">\n\t\t\t\t\t<div class=\"elementor-column elementor-col-100 elementor-top-column elementor-element elementor-element-4a8f72e6\" data-id=\"4a8f72e6\" data-element_type=\"column\" data-e-type=\"column\">\n\t\t\t<div class=\"elementor-widget-wrap elementor-element-populated\">\n\t\t\t\t\t\t<div class=\"elementor-element elementor-element-65af89bc elementor-widget elementor-widget-heading\" data-id=\"65af89bc\" data-element_type=\"widget\" data-e-type=\"widget\" data-widget_type=\"heading.default\">\n\t\t\t\t<div class=\"elementor-widget-container\">\n\t\t\t\t\t<h2 class=\"elementor-heading-title elementor-size-default\">Consulta cardiovascular de la UE: <br> El p\u00fablico respalda productos de nicotina m\u00e1s seguros, seg\u00fan un estudio.<\/h2>\t\t\t\t<\/div>\n\t\t\t\t<\/div>\n\t\t\t\t\t<\/div>\n\t\t<\/div>\n\t\t\t\t\t<\/div>\n\t\t<\/section>\n\t\t\t\t<section class=\"elementor-section elementor-top-section elementor-element elementor-element-299d9fa7 elementor-section-height-min-height elementor-section-boxed elementor-section-height-default elementor-section-items-middle\" data-id=\"299d9fa7\" data-element_type=\"section\" data-e-type=\"section\" data-settings=\"{&quot;background_background&quot;:&quot;classic&quot;}\">\n\t\t\t\t\t\t<div class=\"elementor-container elementor-column-gap-default\">\n\t\t\t\t\t<div class=\"elementor-column elementor-col-100 elementor-top-column elementor-element elementor-element-2bd4487\" data-id=\"2bd4487\" data-element_type=\"column\" data-e-type=\"column\">\n\t\t\t<div class=\"elementor-widget-wrap elementor-element-populated\">\n\t\t\t\t\t\t<section class=\"elementor-section elementor-inner-section elementor-element elementor-element-41f62fbd elementor-section-boxed elementor-section-height-default elementor-section-height-default\" data-id=\"41f62fbd\" data-element_type=\"section\" data-e-type=\"section\">\n\t\t\t\t\t\t<div class=\"elementor-container elementor-column-gap-default\">\n\t\t\t\t\t<div class=\"elementor-column elementor-col-100 elementor-inner-column elementor-element elementor-element-2156ce5b\" data-id=\"2156ce5b\" data-element_type=\"column\" data-e-type=\"column\">\n\t\t\t<div class=\"elementor-widget-wrap elementor-element-populated\">\n\t\t\t\t\t\t<div class=\"elementor-element elementor-element-3c1cd75f elementor-widget elementor-widget-heading\" data-id=\"3c1cd75f\" data-element_type=\"widget\" data-e-type=\"widget\" data-widget_type=\"heading.default\">\n\t\t\t\t<div class=\"elementor-widget-container\">\n\t\t\t\t\t<h2 class=\"elementor-heading-title elementor-size-medium\">Introducci\u00f3n<\/h2>\t\t\t\t<\/div>\n\t\t\t\t<\/div>\n\t\t\t\t\t<\/div>\n\t\t<\/div>\n\t\t\t\t\t<\/div>\n\t\t<\/section>\n\t\t\t\t<section class=\"elementor-section elementor-inner-section elementor-element elementor-element-5282c752 elementor-section-full_width elementor-section-height-default elementor-section-height-default\" data-id=\"5282c752\" data-element_type=\"section\" data-e-type=\"section\">\n\t\t\t\t\t\t<div class=\"elementor-container elementor-column-gap-default\">\n\t\t\t\t\t<div class=\"elementor-column elementor-col-100 elementor-inner-column elementor-element elementor-element-1cbc264c\" data-id=\"1cbc264c\" data-element_type=\"column\" data-e-type=\"column\">\n\t\t\t<div class=\"elementor-widget-wrap elementor-element-populated\">\n\t\t\t\t\t\t<div class=\"elementor-element elementor-element-68abfe9e purple-bullets elementor-widget elementor-widget-text-editor\" data-id=\"68abfe9e\" data-element_type=\"widget\" data-e-type=\"widget\" data-widget_type=\"text-editor.default\">\n\t\t\t\t<div class=\"elementor-widget-container\">\n\t\t\t\t\t\t\t\t\t<p><span style=\"font-weight: 400;\">Un an\u00e1lisis impulsado por IA<\/span><span style=\"font-weight: 400;\"> salud cardiovascular de la Comisi\u00f3n Europea <\/span><a href=\"https:\/\/ec.europa.eu\/info\/law\/better-regulation\/have-your-say\/initiatives\/14755-EU-cardiovascular-health-plan\/feedback_en?p_id=20242\"><span style=\"font-weight: 400;\">consulta<\/span><\/a><span style=\"font-weight: 400;\"> muestra un <\/span><b>Una amplia mayor\u00eda (76%) a favor de la reducci\u00f3n de da\u00f1os<\/b><span style=\"font-weight: 400;\"> Entre quienes hablaron al respecto, si bien muchas intervenciones se centraron en cuestiones de salud m\u00e1s amplias, un an\u00e1lisis m\u00e1s detallado de las respuestas que mencionaban productos de nicotina m\u00e1s seguros y la reducci\u00f3n de da\u00f1os revela un claro apoyo p\u00fablico.<\/span><\/p><p><span style=\"font-weight: 400;\">De quienes abogaban por la reducci\u00f3n de da\u00f1os, la mayor\u00eda solicit\u00f3 que la UE incluyera alternativas menos da\u00f1inas como el vapeo, las bolsitas de nicotina, el tabaco calentado y el snus para reducir el tabaquismo y prevenir enfermedades. La oposici\u00f3n a este enfoque fue escasa y provino principalmente de grupos tradicionales de control del tabaco y algunas organizaciones internacionales de salud. El patr\u00f3n es claro: cuando se plantea la cuesti\u00f3n del tabaco y la reducci\u00f3n de da\u00f1os, la mayor\u00eda de los encuestados desea que la UE apoye las opciones menos da\u00f1inas.<\/span><\/p><p><span style=\"font-weight: 400;\">Es importante se\u00f1alar que estos resultados provienen del an\u00e1lisis de palabras clave mediante IA y muestran una tendencia clara, pero conviene ser cauteloso al interpretar los detalles. Aun as\u00ed, esta evidencia dificulta ignorar lo que la gente realmente desea.<\/span><\/p>\t\t\t\t\t\t\t\t<\/div>\n\t\t\t\t<\/div>\n\t\t\t\t<div class=\"elementor-element elementor-element-a435788 elementor-widget elementor-widget-heading\" data-id=\"a435788\" data-element_type=\"widget\" data-e-type=\"widget\" data-widget_type=\"heading.default\">\n\t\t\t\t<div class=\"elementor-widget-container\">\n\t\t\t\t\t<h2 class=\"elementor-heading-title elementor-size-default\">Resultados de un vistazo:\n<\/h2>\t\t\t\t<\/div>\n\t\t\t\t<\/div>\n\t\t\t\t<div class=\"elementor-element elementor-element-93cb5cc elementor-widget elementor-widget-text-editor\" data-id=\"93cb5cc\" data-element_type=\"widget\" data-e-type=\"widget\" data-widget_type=\"text-editor.default\">\n\t\t\t\t<div class=\"elementor-widget-container\">\n\t\t\t\t\t\t\t\t\t<p><strong><span style=\"color: #000000;\">Todas las solicitudes (677 en total)<\/span><\/strong><\/p><p><span style=\"font-weight: 400; color: #000000;\">\u2013 No se mencion\u00f3 la reducci\u00f3n de da\u00f1os ni productos relacionados: 506 (74.7%)<\/span><\/p><p><span style=\"font-weight: 400; color: #000000;\">\u2013 Positivo hacia la reducci\u00f3n de da\u00f1os: 130 (19.2%)<\/span><\/p><p><span style=\"font-weight: 400; color: #000000;\">\u2013 Neutro: 25 (3.7%)<\/span><\/p><p><span style=\"font-weight: 400; color: #000000;\">\u2013 Negativo: 16 (2,4%)<\/span><\/p><p><strong><span style=\"color: #000000;\">Presentaciones que mencionan la reducci\u00f3n de da\u00f1os (171 en total)<\/span><\/strong><\/p><p><span style=\"font-weight: 400; color: #000000;\">\u2013 Positivos: 130 (76%)<\/span><\/p><p><span style=\"font-weight: 400; color: #000000;\">\u2013 Neutro: 25 (15%)<\/span><\/p><p><span style=\"font-weight: 400; color: #000000;\">\u2013 Negativo: 16 (9%)<\/span><\/p><p>\u00a0<\/p><p><span style=\"color: #000000;\"><span style=\"font-weight: 400;\">La Alianza Mundial de Vapeadores (WVA) pide a la Comisi\u00f3n Europea que deje de tratar la reducci\u00f3n de da\u00f1os como una amenaza. <\/span><a style=\"color: #000000;\" href=\"https:\/\/worldvapersalliance.com\/es\/harm-reduction-vaping-fact-sheet\/\"><span style=\"font-weight: 400;\">ciencia<\/span><\/a><span style=\"font-weight: 400;\"> Est\u00e1 claro: lo que da\u00f1a es el humo, no la nicotina de los cigarrillos electr\u00f3nicos o las bolsitas de nicotina. <\/span><a style=\"color: #000000;\" href=\"https:\/\/worldvapersalliance.com\/wp-content\/uploads\/2025\/06\/Champions-of-Change-Harm-Reduction-Victory.pdf\"><span style=\"font-weight: 400;\">Pa\u00edses<\/span><\/a><span style=\"font-weight: 400;\"> Al igual que Suecia, la Rep\u00fablica Checa y Grecia lideran el camino al adoptar la reducci\u00f3n de da\u00f1os. Suecia est\u00e1 pr\u00e1cticamente libre de humo gracias a su apoyo a alternativas menos da\u00f1inas. La UE deber\u00eda seguir este modelo exitoso en lugar de aferrarse a ideolog\u00edas obsoletas y desinformaci\u00f3n.<\/span><\/span><\/p><p><span style=\"color: #000000;\"><span style=\"font-weight: 400;\">Reciente <\/span><a style=\"color: #000000;\" href=\"https:\/\/worldvapersalliance.com\/es\/brussels-official-policy-harm-reduction-pushed-aside-in-favour-of-outdated-myths\/\"><span style=\"font-weight: 400;\">declaraciones<\/span><\/a><span style=\"font-weight: 400;\"> La Comisi\u00f3n Europea afirma err\u00f3neamente que los nuevos productos de nicotina conllevan riesgos \u201ccomparables a los del tabaquismo\u201d. Estas afirmaciones contradicen pr\u00e1cticamente todos los estudios cient\u00edficos m\u00e1s importantes. Las pol\u00edticas basadas en informaci\u00f3n err\u00f3nea perpet\u00faan el h\u00e1bito de fumar, cuestan vidas e ignoran las estrategias de salud p\u00fablica basadas en la evidencia. Celebrar consultas es in\u00fatil si los resultados ya est\u00e1n decididos y la opini\u00f3n ciudadana no es m\u00e1s que una fachada para decisiones preestablecidas.<\/span><\/span><\/p><p><span style=\"font-weight: 400; color: #000000;\">La UE debe escuchar a sus ciudadanos; de lo contrario, las consultas son una farsa. Los responsables pol\u00edticos deben basar sus decisiones sanitarias en hechos, no en el miedo ni en mitos obsoletos. Fumadores, vapeadores y dem\u00e1s consumidores de nicotina merecen opciones reales e informaci\u00f3n precisa. Europa debe liderar la reducci\u00f3n de da\u00f1os, en lugar de ignorar sus propios \u00e9xitos o la voluntad de su pueblo.<\/span><\/p>\t\t\t\t\t\t\t\t<\/div>\n\t\t\t\t<\/div>\n\t\t\t\t\t<\/div>\n\t\t<\/div>\n\t\t\t\t\t<\/div>\n\t\t<\/section>\n\t\t\t\t\t<\/div>\n\t\t<\/div>\n\t\t\t\t\t<\/div>\n\t\t<\/section>\n\t\t\t\t<section class=\"elementor-section elementor-top-section elementor-element elementor-element-19752e60 elementor-section-height-min-height elementor-section-items-top elementor-section-boxed elementor-section-height-default\" data-id=\"19752e60\" data-element_type=\"section\" data-e-type=\"section\" data-settings=\"{&quot;background_background&quot;:&quot;classic&quot;}\">\n\t\t\t\t\t\t<div class=\"elementor-container elementor-column-gap-default\">\n\t\t\t\t\t<div class=\"elementor-column elementor-col-100 elementor-top-column elementor-element elementor-element-13ce65de\" data-id=\"13ce65de\" data-element_type=\"column\" data-e-type=\"column\">\n\t\t\t<div class=\"elementor-widget-wrap elementor-element-populated\">\n\t\t\t\t\t\t<section class=\"elementor-section elementor-inner-section elementor-element elementor-element-5c4bd78d elementor-section-boxed elementor-section-height-default elementor-section-height-default\" data-id=\"5c4bd78d\" data-element_type=\"section\" data-e-type=\"section\">\n\t\t\t\t\t\t<div class=\"elementor-container elementor-column-gap-default\">\n\t\t\t\t\t<div class=\"elementor-column elementor-col-100 elementor-inner-column elementor-element elementor-element-7ca7eda\" data-id=\"7ca7eda\" data-element_type=\"column\" data-e-type=\"column\">\n\t\t\t<div class=\"elementor-widget-wrap elementor-element-populated\">\n\t\t\t\t\t\t<div class=\"elementor-element elementor-element-500dff8b elementor-widget elementor-widget-heading\" data-id=\"500dff8b\" data-element_type=\"widget\" data-e-type=\"widget\" data-widget_type=\"heading.default\">\n\t\t\t\t<div class=\"elementor-widget-container\">\n\t\t\t\t\t<h2 class=\"elementor-heading-title elementor-size-medium\">Lea el informe completo<\/h2>\t\t\t\t<\/div>\n\t\t\t\t<\/div>\n\t\t\t\t\t<\/div>\n\t\t<\/div>\n\t\t\t\t\t<\/div>\n\t\t<\/section>\n\t\t\t\t<section class=\"elementor-section elementor-inner-section elementor-element elementor-element-1676de52 elementor-section-full_width elementor-section-height-default elementor-section-height-default\" data-id=\"1676de52\" data-element_type=\"section\" data-e-type=\"section\">\n\t\t\t\t\t\t<div class=\"elementor-container elementor-column-gap-default\">\n\t\t\t\t\t<div class=\"elementor-column elementor-col-100 elementor-inner-column elementor-element elementor-element-70f408bc\" data-id=\"70f408bc\" data-element_type=\"column\" data-e-type=\"column\">\n\t\t\t<div class=\"elementor-widget-wrap elementor-element-populated\">\n\t\t\t\t\t\t<div class=\"elementor-element elementor-element-293ede6 elementor-align-center elementor-widget elementor-widget-button\" data-id=\"293ede6\" data-element_type=\"widget\" data-e-type=\"widget\" data-widget_type=\"button.default\">\n\t\t\t\t<div class=\"elementor-widget-container\">\n\t\t\t\t\t\t\t\t\t<div class=\"elementor-button-wrapper\">\n\t\t\t\t\t<a class=\"elementor-button elementor-button-link elementor-size-sm\" href=\"https:\/\/worldvapersalliance.com\/wp-content\/uploads\/2025\/09\/EU-Cardiovascular-Consultation_.pdf\" target=\"_blank\">\n\t\t\t\t\t\t<span class=\"elementor-button-content-wrapper\">\n\t\t\t\t\t\t\t\t\t<span class=\"elementor-button-text\">Descargar<\/span>\n\t\t\t\t\t<\/span>\n\t\t\t\t\t<\/a>\n\t\t\t\t<\/div>\n\t\t\t\t\t\t\t\t<\/div>\n\t\t\t\t<\/div>\n\t\t\t\t\t<\/div>\n\t\t<\/div>\n\t\t\t\t\t<\/div>\n\t\t<\/section>\n\t\t\t\t\t<\/div>\n\t\t<\/div>\n\t\t\t\t\t<\/div>\n\t\t<\/section>\n\t\t\t\t<section class=\"elementor-section elementor-top-section elementor-element elementor-element-1daa277b elementor-section-boxed elementor-section-height-default elementor-section-height-default\" data-id=\"1daa277b\" data-element_type=\"section\" data-e-type=\"section\" data-settings=\"{&quot;background_background&quot;:&quot;classic&quot;}\">\n\t\t\t\t\t\t<div class=\"elementor-container elementor-column-gap-default\">\n\t\t\t\t\t<div class=\"elementor-column elementor-col-100 elementor-top-column elementor-element elementor-element-5c3ea3e3\" data-id=\"5c3ea3e3\" data-element_type=\"column\" data-e-type=\"column\">\n\t\t\t<div class=\"elementor-widget-wrap elementor-element-populated\">\n\t\t\t\t\t\t<div class=\"elementor-element elementor-element-245aa095 elementor-widget elementor-widget-heading\" data-id=\"245aa095\" data-element_type=\"widget\" data-e-type=\"widget\" data-widget_type=\"heading.default\">\n\t\t\t\t<div class=\"elementor-widget-container\">\n\t\t\t\t\t<h2 class=\"elementor-heading-title elementor-size-default\">Compartir en redes sociales<\/h2>\t\t\t\t<\/div>\n\t\t\t\t<\/div>\n\t\t\t\t<div class=\"elementor-element elementor-element-7d3a5fe9 elementor-shape-circle elementor-grid-0 e-grid-align-center elementor-widget elementor-widget-social-icons\" data-id=\"7d3a5fe9\" data-element_type=\"widget\" data-e-type=\"widget\" data-widget_type=\"social-icons.default\">\n\t\t\t\t<div class=\"elementor-widget-container\">\n\t\t\t\t\t\t\t<div class=\"elementor-social-icons-wrapper elementor-grid\" role=\"list\">\n\t\t\t\t\t\t\t<span class=\"elementor-grid-item\" role=\"listitem\">\n\t\t\t\t\t<a class=\"elementor-icon elementor-social-icon elementor-social-icon-facebook elementor-repeater-item-b603d12\" href=\"https:\/\/www.facebook.com\/World-Vapers-Alliance-112282503640772\/\" target=\"_blank\">\n\t\t\t\t\t\t<span class=\"elementor-screen-only\">Facebook<\/span>\n\t\t\t\t\t\t<i aria-hidden=\"true\" class=\"fab fa-facebook\"><\/i>\t\t\t\t\t<\/a>\n\t\t\t\t<\/span>\n\t\t\t\t\t\t\t<span class=\"elementor-grid-item\" role=\"listitem\">\n\t\t\t\t\t<a class=\"elementor-icon elementor-social-icon elementor-social-icon-linkedin elementor-repeater-item-06c4c45\" target=\"_blank\">\n\t\t\t\t\t\t<span class=\"elementor-screen-only\">Linkedin<\/span>\n\t\t\t\t\t\t<i aria-hidden=\"true\" class=\"fab fa-linkedin\"><\/i>\t\t\t\t\t<\/a>\n\t\t\t\t<\/span>\n\t\t\t\t\t\t\t<span class=\"elementor-grid-item\" role=\"listitem\">\n\t\t\t\t\t<a class=\"elementor-icon elementor-social-icon elementor-social-icon-twitter elementor-repeater-item-a6d87a6\" href=\"https:\/\/twitter.com\/vapers_alliance\/\" target=\"_blank\">\n\t\t\t\t\t\t<span class=\"elementor-screen-only\">Gorjeo<\/span>\n\t\t\t\t\t\t<i aria-hidden=\"true\" class=\"fab fa-twitter\"><\/i>\t\t\t\t\t<\/a>\n\t\t\t\t<\/span>\n\t\t\t\t\t<\/div>\n\t\t\t\t\t\t<\/div>\n\t\t\t\t<\/div>\n\t\t\t\t\t<\/div>\n\t\t<\/div>\n\t\t\t\t\t<\/div>\n\t\t<\/section>\n\t\t\t\t<section class=\"elementor-section elementor-top-section elementor-element elementor-element-3a3300e5 elementor-section-boxed elementor-section-height-default elementor-section-height-default\" data-id=\"3a3300e5\" data-element_type=\"section\" data-e-type=\"section\" data-settings=\"{&quot;background_background&quot;:&quot;classic&quot;}\">\n\t\t\t\t\t\t<div class=\"elementor-container elementor-column-gap-default\">\n\t\t\t\t\t<div class=\"elementor-column elementor-col-100 elementor-top-column elementor-element elementor-element-2ca42ae5\" data-id=\"2ca42ae5\" data-element_type=\"column\" data-e-type=\"column\">\n\t\t\t<div class=\"elementor-widget-wrap\">\n\t\t\t\t\t\t\t<\/div>\n\t\t<\/div>\n\t\t\t\t\t<\/div>\n\t\t<\/section>\n\t\t\t\t<\/div>","protected":false},"excerpt":{"rendered":"<p>EU Cardiovascular Consultation: Public backs safer nicotine products, review shows Introduction An AI-driven analysis of the EU Commission\u2019s cardiovascular health consultation shows a large majority (76%) in favour of harm reduction among those who spoke about it. While many submissions focused on broader health issues, a closer look at responses mentioning safer nicotine products and [&hellip;]<\/p>\n","protected":false},"author":8,"featured_media":0,"parent":0,"menu_order":0,"comment_status":"closed","ping_status":"closed","template":"elementor_header_footer","meta":{"footnotes":""},"class_list":["post-6513","page","type-page","status-publish","hentry"],"yoast_head":"<!-- This site is optimized with the Yoast SEO plugin v27.5 - https:\/\/yoast.com\/product\/yoast-seo-wordpress\/ -->\n<title>EU Cardiovascular Consultation: Public backs safer nicotine products - World Vapers&#039; Alliance<\/title>\n<meta name=\"robots\" content=\"index, follow, max-snippet:-1, max-image-preview:large, max-video-preview:-1\" \/>\n<link rel=\"canonical\" href=\"https:\/\/worldvapersalliance.com\/es\/eu-cardiovascular-consultation-public-backs-safer-nicotine-products\/\" \/>\n<meta property=\"og:locale\" content=\"es_ES\" \/>\n<meta property=\"og:type\" content=\"article\" \/>\n<meta property=\"og:title\" content=\"EU Cardiovascular Consultation: Public backs safer nicotine products - World Vapers&#039; Alliance\" \/>\n<meta property=\"og:description\" content=\"EU Cardiovascular Consultation: Public backs safer nicotine products, review shows Introduction An AI-driven analysis of the EU Commission\u2019s cardiovascular health consultation shows a large majority (76%) in favour of harm reduction among those who spoke about it. While many submissions focused on broader health issues, a closer look at responses mentioning safer nicotine products and [&hellip;]\" \/>\n<meta property=\"og:url\" content=\"https:\/\/worldvapersalliance.com\/es\/eu-cardiovascular-consultation-public-backs-safer-nicotine-products\/\" \/>\n<meta property=\"og:site_name\" content=\"World Vapers&#039; Alliance\" \/>\n<meta property=\"article:modified_time\" content=\"2025-10-06T09:53:24+00:00\" \/>\n<meta name=\"twitter:card\" content=\"summary_large_image\" \/>\n<meta name=\"twitter:label1\" content=\"Tiempo de lectura\" \/>\n\t<meta name=\"twitter:data1\" content=\"2 minutos\" \/>\n<script type=\"application\/ld+json\" class=\"yoast-schema-graph\">{\"@context\":\"https:\\\/\\\/schema.org\",\"@graph\":[{\"@type\":\"WebPage\",\"@id\":\"https:\\\/\\\/worldvapersalliance.com\\\/eu-cardiovascular-consultation-public-backs-safer-nicotine-products\\\/\",\"url\":\"https:\\\/\\\/worldvapersalliance.com\\\/eu-cardiovascular-consultation-public-backs-safer-nicotine-products\\\/\",\"name\":\"EU Cardiovascular Consultation: Public backs safer nicotine products - World Vapers&#039; Alliance\",\"isPartOf\":{\"@id\":\"https:\\\/\\\/worldvapersalliance.com\\\/#website\"},\"datePublished\":\"2025-10-06T09:53:19+00:00\",\"dateModified\":\"2025-10-06T09:53:24+00:00\",\"inLanguage\":\"es\",\"potentialAction\":[{\"@type\":\"ReadAction\",\"target\":[\"https:\\\/\\\/worldvapersalliance.com\\\/eu-cardiovascular-consultation-public-backs-safer-nicotine-products\\\/\"]}]},{\"@type\":\"WebSite\",\"@id\":\"https:\\\/\\\/worldvapersalliance.com\\\/#website\",\"url\":\"https:\\\/\\\/worldvapersalliance.com\\\/\",\"name\":\"World Vapers&#039; Alliance\",\"description\":\"The largest community of vapers\",\"publisher\":{\"@id\":\"https:\\\/\\\/worldvapersalliance.com\\\/#organization\"},\"potentialAction\":[{\"@type\":\"SearchAction\",\"target\":{\"@type\":\"EntryPoint\",\"urlTemplate\":\"https:\\\/\\\/worldvapersalliance.com\\\/?s={search_term_string}\"},\"query-input\":{\"@type\":\"PropertyValueSpecification\",\"valueRequired\":true,\"valueName\":\"search_term_string\"}}],\"inLanguage\":\"es\"},{\"@type\":\"Organization\",\"@id\":\"https:\\\/\\\/worldvapersalliance.com\\\/#organization\",\"name\":\"World Vapers&#039; Alliance\",\"url\":\"https:\\\/\\\/worldvapersalliance.com\\\/\",\"logo\":{\"@type\":\"ImageObject\",\"inLanguage\":\"es\",\"@id\":\"https:\\\/\\\/worldvapersalliance.com\\\/#\\\/schema\\\/logo\\\/image\\\/\",\"url\":\"https:\\\/\\\/worldvapersalliance.com\\\/wp-content\\\/uploads\\\/2022\\\/01\\\/WVA_RB_Fist_G.png\",\"contentUrl\":\"https:\\\/\\\/worldvapersalliance.com\\\/wp-content\\\/uploads\\\/2022\\\/01\\\/WVA_RB_Fist_G.png\",\"width\":985,\"height\":1177,\"caption\":\"World Vapers&#039; Alliance\"},\"image\":{\"@id\":\"https:\\\/\\\/worldvapersalliance.com\\\/#\\\/schema\\\/logo\\\/image\\\/\"}}]}<\/script>\n<!-- \/ Yoast SEO plugin. -->","yoast_head_json":{"title":"Consulta Cardiovascular de la UE: El p\u00fablico apoya productos de nicotina m\u00e1s seguros - Alianza Mundial de Vapeadores","robots":{"index":"index","follow":"follow","max-snippet":"max-snippet:-1","max-image-preview":"max-image-preview:large","max-video-preview":"max-video-preview:-1"},"canonical":"https:\/\/worldvapersalliance.com\/es\/eu-cardiovascular-consultation-public-backs-safer-nicotine-products\/","og_locale":"es_ES","og_type":"article","og_title":"EU Cardiovascular Consultation: Public backs safer nicotine products - World Vapers&#039; Alliance","og_description":"EU Cardiovascular Consultation: Public backs safer nicotine products, review shows Introduction An AI-driven analysis of the EU Commission\u2019s cardiovascular health consultation shows a large majority (76%) in favour of harm reduction among those who spoke about it. While many submissions focused on broader health issues, a closer look at responses mentioning safer nicotine products and [&hellip;]","og_url":"https:\/\/worldvapersalliance.com\/es\/eu-cardiovascular-consultation-public-backs-safer-nicotine-products\/","og_site_name":"World Vapers&#039; Alliance","article_modified_time":"2025-10-06T09:53:24+00:00","twitter_card":"summary_large_image","twitter_misc":{"Tiempo de lectura":"2 minutos"},"schema":{"@context":"https:\/\/schema.org","@graph":[{"@type":"WebPage","@id":"https:\/\/worldvapersalliance.com\/eu-cardiovascular-consultation-public-backs-safer-nicotine-products\/","url":"https:\/\/worldvapersalliance.com\/eu-cardiovascular-consultation-public-backs-safer-nicotine-products\/","name":"Consulta Cardiovascular de la UE: El p\u00fablico apoya productos de nicotina m\u00e1s seguros - Alianza Mundial de Vapeadores","isPartOf":{"@id":"https:\/\/worldvapersalliance.com\/#website"},"datePublished":"2025-10-06T09:53:19+00:00","dateModified":"2025-10-06T09:53:24+00:00","inLanguage":"es","potentialAction":[{"@type":"ReadAction","target":["https:\/\/worldvapersalliance.com\/eu-cardiovascular-consultation-public-backs-safer-nicotine-products\/"]}]},{"@type":"WebSite","@id":"https:\/\/worldvapersalliance.com\/#website","url":"https:\/\/worldvapersalliance.com\/","name":"Alianza Mundial de Vapeadores","description":"La comunidad m\u00e1s grande de vapeadores","publisher":{"@id":"https:\/\/worldvapersalliance.com\/#organization"},"potentialAction":[{"@type":"SearchAction","target":{"@type":"EntryPoint","urlTemplate":"https:\/\/worldvapersalliance.com\/?s={search_term_string}"},"query-input":{"@type":"PropertyValueSpecification","valueRequired":true,"valueName":"search_term_string"}}],"inLanguage":"es"},{"@type":"Organization","@id":"https:\/\/worldvapersalliance.com\/#organization","name":"Alianza Mundial de Vapeadores","url":"https:\/\/worldvapersalliance.com\/","logo":{"@type":"ImageObject","inLanguage":"es","@id":"https:\/\/worldvapersalliance.com\/#\/schema\/logo\/image\/","url":"https:\/\/worldvapersalliance.com\/wp-content\/uploads\/2022\/01\/WVA_RB_Fist_G.png","contentUrl":"https:\/\/worldvapersalliance.com\/wp-content\/uploads\/2022\/01\/WVA_RB_Fist_G.png","width":985,"height":1177,"caption":"World Vapers&#039; Alliance"},"image":{"@id":"https:\/\/worldvapersalliance.com\/#\/schema\/logo\/image\/"}}]}},"_links":{"self":[{"href":"https:\/\/worldvapersalliance.com\/es\/wp-json\/wp\/v2\/pages\/6513","targetHints":{"allow":["GET"]}}],"collection":[{"href":"https:\/\/worldvapersalliance.com\/es\/wp-json\/wp\/v2\/pages"}],"about":[{"href":"https:\/\/worldvapersalliance.com\/es\/wp-json\/wp\/v2\/types\/page"}],"author":[{"embeddable":true,"href":"https:\/\/worldvapersalliance.com\/es\/wp-json\/wp\/v2\/users\/8"}],"replies":[{"embeddable":true,"href":"https:\/\/worldvapersalliance.com\/es\/wp-json\/wp\/v2\/comments?post=6513"}],"version-history":[{"count":0,"href":"https:\/\/worldvapersalliance.com\/es\/wp-json\/wp\/v2\/pages\/6513\/revisions"}],"wp:attachment":[{"href":"https:\/\/worldvapersalliance.com\/es\/wp-json\/wp\/v2\/media?parent=6513"}],"curies":[{"name":"wp","href":"https:\/\/api.w.org\/{rel}","templated":true}]}}