{"id":921,"date":"2022-03-19T15:04:11","date_gmt":"2022-03-19T19:04:11","guid":{"rendered":"https:\/\/cccwva.wpengine.com\/?page_id=921"},"modified":"2022-08-12T15:15:04","modified_gmt":"2022-08-12T19:15:04","slug":"bvbs-action-center","status":"publish","type":"page","link":"https:\/\/worldvapersalliance.com\/de_de\/bvbs-action-center\/","title":{"rendered":"BVBS-Aktionszentrum"},"content":{"rendered":"<div data-elementor-type=\"wp-page\" data-elementor-id=\"921\" class=\"elementor elementor-921\" data-elementor-post-type=\"page\">\n\t\t\t\t\t\t<section class=\"elementor-section elementor-top-section elementor-element elementor-element-77b236f elementor-section-full_width elementor-section-height-min-height elementor-section-items-bottom elementor-section-content-middle elementor-section-height-default\" data-id=\"77b236f\" data-element_type=\"section\" data-e-type=\"section\" data-settings=\"{&quot;background_background&quot;:&quot;classic&quot;}\">\n\t\t\t\t\t\t<div class=\"elementor-container elementor-column-gap-default\">\n\t\t\t\t\t<div class=\"elementor-column elementor-col-100 elementor-top-column elementor-element elementor-element-f35f3ab\" data-id=\"f35f3ab\" data-element_type=\"column\" data-e-type=\"column\">\n\t\t\t<div class=\"elementor-widget-wrap elementor-element-populated\">\n\t\t\t\t\t\t<div class=\"elementor-element elementor-element-c1b90d1 elementor-widget elementor-widget-heading\" data-id=\"c1b90d1\" data-element_type=\"widget\" data-e-type=\"widget\" data-widget_type=\"heading.default\">\n\t\t\t\t<div class=\"elementor-widget-container\">\n\t\t\t\t\t<h2 class=\"elementor-heading-title elementor-size-default\">Teilen Sie Ihre Geschichte!<\/h2>\t\t\t\t<\/div>\n\t\t\t\t<\/div>\n\t\t\t\t\t<\/div>\n\t\t<\/div>\n\t\t\t\t\t<\/div>\n\t\t<\/section>\n\t\t\t\t<section class=\"elementor-section elementor-top-section elementor-element elementor-element-49d5815 elementor-section-full_width elementor-section-height-default elementor-section-height-default\" data-id=\"49d5815\" data-element_type=\"section\" data-e-type=\"section\" data-settings=\"{&quot;background_background&quot;:&quot;classic&quot;}\">\n\t\t\t\t\t\t<div class=\"elementor-container elementor-column-gap-default\">\n\t\t\t\t\t<div class=\"elementor-column elementor-col-100 elementor-top-column elementor-element elementor-element-4424885\" data-id=\"4424885\" data-element_type=\"column\" data-e-type=\"column\">\n\t\t\t<div class=\"elementor-widget-wrap elementor-element-populated\">\n\t\t\t\t\t\t<div class=\"elementor-element elementor-element-00fc5d9 elementor-widget elementor-widget-heading\" data-id=\"00fc5d9\" data-element_type=\"widget\" data-e-type=\"widget\" data-widget_type=\"heading.default\">\n\t\t\t\t<div class=\"elementor-widget-container\">\n\t\t\t\t\t<h2 class=\"elementor-heading-title elementor-size-default\">Senden Sie Ihrem Abgeordneten\/Europaabgeordneten eine E-Mail<\/h2>\t\t\t\t<\/div>\n\t\t\t\t<\/div>\n\t\t\t\t<div class=\"elementor-element elementor-element-e994e94 elementor-widget elementor-widget-text-editor\" data-id=\"e994e94\" data-element_type=\"widget\" data-e-type=\"widget\" data-widget_type=\"text-editor.default\">\n\t\t\t\t<div class=\"elementor-widget-container\">\n\t\t\t\t\t\t\t\t\t<p>Die Abgeordneten warten auf Ihre Nachricht. Per Knopfdruck k\u00f6nnen Sie Ihrem Abgeordneten eine Nachricht senden.<\/p>\t\t\t\t\t\t\t\t<\/div>\n\t\t\t\t<\/div>\n\t\t\t\t\t<\/div>\n\t\t<\/div>\n\t\t\t\t\t<\/div>\n\t\t<\/section>\n\t\t\t\t<section class=\"elementor-section elementor-top-section elementor-element elementor-element-10e4822 elementor-section-boxed elementor-section-height-default elementor-section-height-default\" data-id=\"10e4822\" data-element_type=\"section\" data-e-type=\"section\" data-settings=\"{&quot;background_background&quot;:&quot;classic&quot;}\">\n\t\t\t\t\t\t<div class=\"elementor-container elementor-column-gap-default\">\n\t\t\t\t\t<div class=\"elementor-column elementor-col-100 elementor-top-column elementor-element elementor-element-f215733\" data-id=\"f215733\" data-element_type=\"column\" data-e-type=\"column\">\n\t\t\t<div class=\"elementor-widget-wrap elementor-element-populated\">\n\t\t\t\t\t\t<div class=\"elementor-element elementor-element-4f30455 elementor-widget elementor-widget-shortcode\" data-id=\"4f30455\" data-element_type=\"widget\" data-e-type=\"widget\" data-widget_type=\"shortcode.default\">\n\t\t\t\t<div class=\"elementor-widget-container\">\n\t\t\t\t\t\t\t<div class=\"elementor-shortcode\">\n\n\n\n\n\n\n\n\n\n\n\n\n\n\n\n\n\n\n\n\n\n\n\n\n\n\n\n\n\t\t<div data-elementor-type=\"page\" data-elementor-id=\"2965\" class=\"elementor elementor-2965\" data-elementor-post-type=\"elementor_library\">\n\t\t\t\t\t\t<section class=\"elementor-section elementor-top-section elementor-element elementor-element-46e2812f elementor-section-boxed elementor-section-height-default elementor-section-height-default\" data-id=\"46e2812f\" data-element_type=\"section\" data-e-type=\"section\" data-settings=\"{&quot;background_background&quot;:&quot;classic&quot;}\">\n\t\t\t\t\t\t<div class=\"elementor-container elementor-column-gap-default\">\n\t\t\t\t\t<div class=\"elementor-column elementor-col-33 elementor-top-column elementor-element elementor-element-2f1130c1\" data-id=\"2f1130c1\" data-element_type=\"column\" data-e-type=\"column\" data-settings=\"{&quot;background_background&quot;:&quot;classic&quot;}\">\n\t\t\t<div class=\"elementor-widget-wrap\">\n\t\t\t\t\t\t\t<\/div>\n\t\t<\/div>\n\t\t\t\t<div class=\"elementor-column elementor-col-33 elementor-top-column elementor-element elementor-element-5a04e5a2\" data-id=\"5a04e5a2\" data-element_type=\"column\" data-e-type=\"column\" data-settings=\"{&quot;background_background&quot;:&quot;classic&quot;}\">\n\t\t\t<div class=\"elementor-widget-wrap elementor-element-populated\">\n\t\t\t\t\t\t<section class=\"elementor-section elementor-inner-section elementor-element elementor-element-27e504ed elementor-section-boxed elementor-section-height-default elementor-section-height-default\" data-id=\"27e504ed\" data-element_type=\"section\" data-e-type=\"section\">\n\t\t\t\t\t\t<div class=\"elementor-container elementor-column-gap-default\">\n\t\t\t\t\t<div class=\"elementor-column elementor-col-100 elementor-inner-column elementor-element elementor-element-6de6e0ef\" data-id=\"6de6e0ef\" data-element_type=\"column\" data-e-type=\"column\">\n\t\t\t<div class=\"elementor-widget-wrap elementor-element-populated\">\n\t\t\t\t\t\t<div class=\"elementor-element elementor-element-76b3ba66 elementor-widget elementor-widget-image\" data-id=\"76b3ba66\" data-element_type=\"widget\" data-e-type=\"widget\" data-widget_type=\"image.default\">\n\t\t\t\t<div class=\"elementor-widget-container\">\n\t\t\t\t\t\t\t\t\t\t\t\t\t\t\t<img fetchpriority=\"high\" decoding=\"async\" width=\"436\" height=\"473\" src=\"https:\/\/worldvapersalliance.com\/wp-content\/uploads\/2022\/07\/Marlene-Mortler.png\" class=\"elementor-animation-float attachment-full size-full wp-image-1627\" alt=\"\" srcset=\"https:\/\/worldvapersalliance.com\/wp-content\/uploads\/2022\/07\/Marlene-Mortler.png 436w, https:\/\/worldvapersalliance.com\/wp-content\/uploads\/2022\/07\/Marlene-Mortler-277x300.png 277w, https:\/\/worldvapersalliance.com\/wp-content\/uploads\/2022\/07\/Marlene-Mortler-11x12.png 11w\" sizes=\"(max-width: 436px) 100vw, 436px\" \/>\t\t\t\t\t\t\t\t\t\t\t\t\t\t\t<\/div>\n\t\t\t\t<\/div>\n\t\t\t\t<div class=\"elementor-element elementor-element-2cbc056 elementor-widget elementor-widget-heading\" data-id=\"2cbc056\" data-element_type=\"widget\" data-e-type=\"widget\" data-widget_type=\"heading.default\">\n\t\t\t\t<div class=\"elementor-widget-container\">\n\t\t\t\t\t<h2 class=\"elementor-heading-title elementor-size-default\">Marlene Mortler<\/h2>\t\t\t\t<\/div>\n\t\t\t\t<\/div>\n\t\t\t\t<div class=\"elementor-element elementor-element-22c38f31 elementor-widget elementor-widget-text-editor\" data-id=\"22c38f31\" data-element_type=\"widget\" data-e-type=\"widget\" data-widget_type=\"text-editor.default\">\n\t\t\t\t<div class=\"elementor-widget-container\">\n\t\t\t\t\t\t\t\t\t<p><span data-sheets-value=\"{&quot;1&quot;:2,&quot;2&quot;:&quot;European People's Party&quot;}\" data-sheets-userformat=\"{&quot;2&quot;:12929,&quot;3&quot;:{&quot;1&quot;:0},&quot;10&quot;:2,&quot;12&quot;:0,&quot;15&quot;:&quot;Calibri&quot;,&quot;16&quot;:11}\">Europ\u00e4ische Volkspartei<\/span><br \/><span data-sheets-value=\"{&quot;1&quot;:2,&quot;2&quot;:&quot;marlene.mortler@europarl.europa.eu&quot;}\" data-sheets-userformat=\"{&quot;2&quot;:769,&quot;3&quot;:{&quot;1&quot;:0},&quot;11&quot;:3,&quot;12&quot;:0}\">marlene.mortler@europarl.europa.eu<\/span><\/p>\t\t\t\t\t\t\t\t<\/div>\n\t\t\t\t<\/div>\n\t\t\t\t\t<\/div>\n\t\t<\/div>\n\t\t\t\t\t<\/div>\n\t\t<\/section>\n\t\t\t\t<div class=\"elementor-element elementor-element-43644b38 elementor-align-center elementor-widget elementor-widget-button\" data-id=\"43644b38\" data-element_type=\"widget\" data-e-type=\"widget\" data-widget_type=\"button.default\">\n\t\t\t\t<div class=\"elementor-widget-container\">\n\t\t\t\t\t\t\t\t\t<div class=\"elementor-button-wrapper\">\n\t\t\t\t\t<a class=\"elementor-button elementor-button-link elementor-size-sm\" href=\"mailto:marlene.mortler@europarl.europa.eu?bcc=campaigns%40worldvapersalliance.com&#038;?&#038;subject=Ich%20brauche%20Ihre%20Hilfe%20um%20Menschenleben%20zu%20retten&#038;body=Hallo,%0A%0A%20E-Zigaretten%20haben%20bereits%20Millionen%20von%20Menschen%20weltweit%20gerettet,%20indem%20sie%20ihnen%20geholfen%20haben,%20mit%20dem%20Rauchen%20aufzuh\u00f6ren.%20Es%20ist%20erwiesen,%20dass%20Dampfen%20weniger%20sch\u00e4dlich%20als%20Rauchen%20ist.%20Dar\u00fcber%20hinaus%20ist%20es%20eines%20der%20effektivsten%20Mittel%20zur%20Rauchentw\u00f6hnung.%0A%0AIch%20bitte%20Sie%20darum%20dies%20zu%20bedenken,%20wenn%20Sie%20Entscheidungen%20\u00fcber%20die%20bevorstehende%20Aktualisierung%20der%20Tabakproduktrichtlinie%20treffen.%20Die%20EU%20muss%20die%20Politik%20der%20Schadensbegrenzung\/Harm%20Reduction%20unterst\u00fctzen.%20E-Zigaretten,%20einschlie\u00dflich%20der%20Aromen%20m\u00fcssen%20verf\u00fcgbar%20bleiben.%20Die%20Geschmacksrichtungen%20d\u00fcrfen%20nicht%20verboten%20werden.%20Bitte%20treiben%20Sie%20nicht%20Millionen%20von%20Menschen%20zur\u00fcck%20zum%20Rauchen.%0A%0A%20Bitte%20sch\u00fctzen%20Sie%20die%20E-Zigarette%20und%20verhindern%20so%20dass%20Millionen%20von%20Rauchern%20wieder%20zur%20Zigarette%20zu%20greifen.%20Jede%20zuk\u00fcnftige%20Entscheidung%20\u00fcber%20das%20Dampfen%20sollte%20wissenschaftlich%20fundiert%20sein.%20Man%20sollte%20immer%20klar%20zwischen%20Dampfen%20und%20Rauchen%20unterscheiden.%0A%0A%20Sie%20werden%20meine%20volle%20Unterst\u00fctzung%20haben,%20wenn%20ich%20in%20dieser%20wichtigen%20Angelegenheit%20auf%20Sie%20z\u00e4hlen%20kann.%0A%0A%20Vielen%20Dank%20f\u00fcr%20das%20Lesen%20meiner%20Nachricht%20und%20ich%20freue%20mich%20auf%20Ihre%20Antwort.%0A%0A\" target=\"_blank\">\n\t\t\t\t\t\t<span class=\"elementor-button-content-wrapper\">\n\t\t\t\t\t\t\t\t\t<span class=\"elementor-button-text\">E-Mail<\/span>\n\t\t\t\t\t<\/span>\n\t\t\t\t\t<\/a>\n\t\t\t\t<\/div>\n\t\t\t\t\t\t\t\t<\/div>\n\t\t\t\t<\/div>\n\t\t\t\t\t<\/div>\n\t\t<\/div>\n\t\t\t\t<div class=\"elementor-column elementor-col-33 elementor-top-column elementor-element elementor-element-479d1b60\" data-id=\"479d1b60\" data-element_type=\"column\" data-e-type=\"column\" data-settings=\"{&quot;background_background&quot;:&quot;classic&quot;}\">\n\t\t\t<div class=\"elementor-widget-wrap\">\n\t\t\t\t\t\t\t<\/div>\n\t\t<\/div>\n\t\t\t\t\t<\/div>\n\t\t<\/section>\n\t\t\t\t<section class=\"elementor-section elementor-top-section elementor-element elementor-element-18c4d5ec elementor-section-boxed elementor-section-height-default elementor-section-height-default\" data-id=\"18c4d5ec\" data-element_type=\"section\" data-e-type=\"section\" id=\"email-all-section\" data-settings=\"{&quot;background_background&quot;:&quot;classic&quot;}\">\n\t\t\t\t\t\t<div class=\"elementor-container elementor-column-gap-default\">\n\t\t\t\t\t<div class=\"elementor-column elementor-col-100 elementor-top-column elementor-element elementor-element-58f3494\" data-id=\"58f3494\" data-element_type=\"column\" data-e-type=\"column\">\n\t\t\t<div class=\"elementor-widget-wrap elementor-element-populated\">\n\t\t\t\t\t\t<div class=\"elementor-element elementor-element-4050540e elementor-align-center elementor-widget elementor-widget-button\" data-id=\"4050540e\" data-element_type=\"widget\" data-e-type=\"widget\" data-widget_type=\"button.default\">\n\t\t\t\t<div class=\"elementor-widget-container\">\n\t\t\t\t\t\t\t\t\t<div class=\"elementor-button-wrapper\">\n\t\t\t\t\t<a class=\"elementor-button elementor-button-link elementor-size-sm\" href=\"mailto:l.westerveld@tweedekamer.nl,%20staatssecretaris@minvws.nl?bcc=campaigns%40worldvapersalliance.com&#038;?&#038;subject=Kom%20je%20voor%20me%20op%20tegen?&#038;body=Dag%0A%0AIk%20ben%20ook%20\u00e9\u00e9n%20van%20de%20duizenden%20vapers%20die%20zich%20verraden%20voelt%20door%20het%20vorige%20kabinet.%0A%0ANu%20weet%20ik%20zeker%20dat%20jullie%20bewust%20zijn%20dat%20de%20openbare%20raadpleging%20over%20vapesmaken%20een%20enorm%20aantal%20reacties%20teweeg%20heeft%20gebracht.%20Van%20de%201,100%20reacties%20waren%2098%%20tegen%20het%20verbieden%20van%20vapesmaken.%0A%0AWetenschappelijk%20bewijs%20toont%20aan%20dat%20vaping%20veiliger%20is%20dan%20roken.%20Vaping%20heeft%20mij%20geholpen%20om%20mijn%20gezondheid%20te%20verbeteren.%20Wanneer%20een%20vapesmakenverbod%20wordt%20besproken%20door%20onze%20parlementsleden,%20steun%20dan%20alsjeblieft%20alle%20vapers%20en%20minimaliseer%20de%20schade%20die%20al%20toegebracht%20is.%20We%20verdienen%20beter%20dan%20de%20wet%20die%20er%20nu%20doorgedrukt%20wordt.%0A%0AIk%20kijk%20uit%20naar%20jullie%20reactie.%0A%0A\" target=\"_blank\">\n\t\t\t\t\t\t<span class=\"elementor-button-content-wrapper\">\n\t\t\t\t\t\t\t\t\t<span class=\"elementor-button-text\">Nach hinten klappen<\/span>\n\t\t\t\t\t<\/span>\n\t\t\t\t\t<\/a>\n\t\t\t\t<\/div>\n\t\t\t\t\t\t\t\t<\/div>\n\t\t\t\t<\/div>\n\t\t\t\t\t<\/div>\n\t\t<\/div>\n\t\t\t\t\t<\/div>\n\t\t<\/section>\n\t\t\t\t<\/div>\n\t\t\n\n\n\n\n\n\n\n\n\n\n<\/div>\n\t\t\t\t\t\t<\/div>\n\t\t\t\t<\/div>\n\t\t\t\t\t<\/div>\n\t\t<\/div>\n\t\t\t\t\t<\/div>\n\t\t<\/section>\n\t\t\t\t<section class=\"elementor-section elementor-top-section elementor-element elementor-element-9beabad elementor-section-full_width elementor-section-height-default elementor-section-height-default\" data-id=\"9beabad\" data-element_type=\"section\" data-e-type=\"section\" data-settings=\"{&quot;background_background&quot;:&quot;classic&quot;}\">\n\t\t\t\t\t\t<div class=\"elementor-container elementor-column-gap-no\">\n\t\t\t\t\t<div class=\"elementor-column elementor-col-33 elementor-top-column elementor-element elementor-element-5a1a45b elementor-hidden-mobile\" data-id=\"5a1a45b\" data-element_type=\"column\" data-e-type=\"column\" data-settings=\"{&quot;background_background&quot;:&quot;classic&quot;}\">\n\t\t\t<div class=\"elementor-widget-wrap\">\n\t\t\t\t\t\t\t<\/div>\n\t\t<\/div>\n\t\t\t\t<div class=\"elementor-column elementor-col-33 elementor-top-column elementor-element elementor-element-0318858\" data-id=\"0318858\" data-element_type=\"column\" data-e-type=\"column\" data-settings=\"{&quot;background_background&quot;:&quot;classic&quot;}\">\n\t\t\t<div class=\"elementor-widget-wrap elementor-element-populated\">\n\t\t\t\t\t\t<div class=\"elementor-element elementor-element-166a60a elementor-widget elementor-widget-text-editor\" data-id=\"166a60a\" data-element_type=\"widget\" data-e-type=\"widget\" data-widget_type=\"text-editor.default\">\n\t\t\t\t<div class=\"elementor-widget-container\">\n\t\t\t\t\t\t\t\t\t<p>Wir haben bereits begonnen, eine E-Mail f\u00fcr Sie zu schreiben, aber dies ist Ihre Chance, Ihre eigene Geschichte zu erz\u00e4hlen.<\/p><p>Sie k\u00f6nnen Ihrem Abgeordneten Ihre eigene Geschichte erz\u00e4hlen.<\/p>\t\t\t\t\t\t\t\t<\/div>\n\t\t\t\t<\/div>\n\t\t\t\t<div class=\"elementor-element elementor-element-61d614a elementor-widget-divider--view-line elementor-widget elementor-widget-divider\" data-id=\"61d614a\" data-element_type=\"widget\" data-e-type=\"widget\" data-widget_type=\"divider.default\">\n\t\t\t\t<div class=\"elementor-widget-container\">\n\t\t\t\t\t\t\t<div class=\"elementor-divider\">\n\t\t\t<span class=\"elementor-divider-separator\">\n\t\t\t\t\t\t<\/span>\n\t\t<\/div>\n\t\t\t\t\t\t<\/div>\n\t\t\t\t<\/div>\n\t\t\t\t\t<\/div>\n\t\t<\/div>\n\t\t\t\t<div class=\"elementor-column elementor-col-33 elementor-top-column elementor-element elementor-element-bd5eff6\" data-id=\"bd5eff6\" data-element_type=\"column\" data-e-type=\"column\" data-settings=\"{&quot;background_background&quot;:&quot;classic&quot;}\">\n\t\t\t<div class=\"elementor-widget-wrap elementor-element-populated\">\n\t\t\t\t\t\t<div class=\"elementor-element elementor-element-2aab6e4 purple-bullets elementor-widget elementor-widget-text-editor\" data-id=\"2aab6e4\" data-element_type=\"widget\" data-e-type=\"widget\" data-widget_type=\"text-editor.default\">\n\t\t\t\t<div class=\"elementor-widget-container\">\n\t\t\t\t\t\t\t\t\t<ul>\n \t<li>Ihr Vor- und Nachname sowie Ihr Wohnort<\/li>\n \t<li>Was bedeutet Dampfen f\u00fcr Sie als Ex-Raucher \/ Verk\u00e4ufer \/ der an das Recht glaubt, seine eigenen Entscheidungen zu treffen<\/li>\n \t<li>Warum sollte die Regierung Ihrer Meinung nach ihre Angriffe auf das Dampfen einstellen?<\/li>\n \t<li>Welche Auswirkungen hat ein Geschmacksverbot auf Sie?<\/li>\n<\/ul>\t\t\t\t\t\t\t\t<\/div>\n\t\t\t\t<\/div>\n\t\t\t\t\t<\/div>\n\t\t<\/div>\n\t\t\t\t\t<\/div>\n\t\t<\/section>\n\t\t\t\t<section class=\"elementor-section elementor-top-section elementor-element elementor-element-0b92643 elementor-section-boxed elementor-section-height-default elementor-section-height-default\" data-id=\"0b92643\" data-element_type=\"section\" data-e-type=\"section\" data-settings=\"{&quot;background_background&quot;:&quot;classic&quot;}\">\n\t\t\t\t\t\t<div class=\"elementor-container elementor-column-gap-default\">\n\t\t\t\t\t<div class=\"elementor-column elementor-col-100 elementor-top-column elementor-element elementor-element-ac219a9\" data-id=\"ac219a9\" data-element_type=\"column\" data-e-type=\"column\">\n\t\t\t<div class=\"elementor-widget-wrap\">\n\t\t\t\t\t\t\t<\/div>\n\t\t<\/div>\n\t\t\t\t\t<\/div>\n\t\t<\/section>\n\t\t\t\t<\/div>","protected":false},"excerpt":{"rendered":"<p>Share your story! Email your MP\/MEP The Members of Parliament are waiting for your message. You can send a message to your Member of Parliament at the touch of a button. We\u2019ve already started writing an email for you, but this is your chance to tell your own story. You can tell your own story [&hellip;]<\/p>\n","protected":false},"author":2,"featured_media":0,"parent":0,"menu_order":0,"comment_status":"closed","ping_status":"closed","template":"elementor_header_footer","meta":{"footnotes":""},"class_list":["post-921","page","type-page","status-publish","hentry"],"yoast_head":"<!-- This site is optimized with the Yoast SEO plugin v27.3 - https:\/\/yoast.com\/product\/yoast-seo-wordpress\/ -->\n<title>BVBS Action Center - World Vapers&#039; Alliance<\/title>\n<meta name=\"robots\" content=\"index, follow, max-snippet:-1, max-image-preview:large, max-video-preview:-1\" \/>\n<link rel=\"canonical\" href=\"https:\/\/worldvapersalliance.com\/de_de\/bvbs-action-center\/\" \/>\n<meta property=\"og:locale\" content=\"de_DE\" \/>\n<meta property=\"og:type\" content=\"article\" \/>\n<meta property=\"og:title\" content=\"BVBS Action Center - World Vapers&#039; Alliance\" \/>\n<meta property=\"og:description\" content=\"Share your story! Email your MP\/MEP The Members of Parliament are waiting for your message. You can send a message to your Member of Parliament at the touch of a button. We\u2019ve already started writing an email for you, but this is your chance to tell your own story. You can tell your own story [&hellip;]\" \/>\n<meta property=\"og:url\" content=\"https:\/\/worldvapersalliance.com\/de_de\/bvbs-action-center\/\" \/>\n<meta property=\"og:site_name\" content=\"World Vapers&#039; Alliance\" \/>\n<meta property=\"article:modified_time\" content=\"2022-08-12T19:15:04+00:00\" \/>\n<meta name=\"twitter:card\" content=\"summary_large_image\" \/>\n<meta name=\"twitter:label1\" content=\"Gesch\u00e4tzte Lesezeit\" \/>\n\t<meta name=\"twitter:data1\" content=\"4 Minuten\" \/>\n<script type=\"application\/ld+json\" class=\"yoast-schema-graph\">{\"@context\":\"https:\\\/\\\/schema.org\",\"@graph\":[{\"@type\":\"WebPage\",\"@id\":\"https:\\\/\\\/worldvapersalliance.com\\\/bvbs-action-center\\\/\",\"url\":\"https:\\\/\\\/worldvapersalliance.com\\\/bvbs-action-center\\\/\",\"name\":\"BVBS Action Center - World Vapers&#039; Alliance\",\"isPartOf\":{\"@id\":\"https:\\\/\\\/worldvapersalliance.com\\\/#website\"},\"datePublished\":\"2022-03-19T19:04:11+00:00\",\"dateModified\":\"2022-08-12T19:15:04+00:00\",\"inLanguage\":\"de-DE\",\"potentialAction\":[{\"@type\":\"ReadAction\",\"target\":[\"https:\\\/\\\/worldvapersalliance.com\\\/bvbs-action-center\\\/\"]}]},{\"@type\":\"WebSite\",\"@id\":\"https:\\\/\\\/worldvapersalliance.com\\\/#website\",\"url\":\"https:\\\/\\\/worldvapersalliance.com\\\/\",\"name\":\"World Vapers&#039; Alliance\",\"description\":\"The largest community of vapers\",\"publisher\":{\"@id\":\"https:\\\/\\\/worldvapersalliance.com\\\/#organization\"},\"potentialAction\":[{\"@type\":\"SearchAction\",\"target\":{\"@type\":\"EntryPoint\",\"urlTemplate\":\"https:\\\/\\\/worldvapersalliance.com\\\/?s={search_term_string}\"},\"query-input\":{\"@type\":\"PropertyValueSpecification\",\"valueRequired\":true,\"valueName\":\"search_term_string\"}}],\"inLanguage\":\"de-DE\"},{\"@type\":\"Organization\",\"@id\":\"https:\\\/\\\/worldvapersalliance.com\\\/#organization\",\"name\":\"World Vapers&#039; Alliance\",\"url\":\"https:\\\/\\\/worldvapersalliance.com\\\/\",\"logo\":{\"@type\":\"ImageObject\",\"inLanguage\":\"de-DE\",\"@id\":\"https:\\\/\\\/worldvapersalliance.com\\\/#\\\/schema\\\/logo\\\/image\\\/\",\"url\":\"https:\\\/\\\/worldvapersalliance.com\\\/wp-content\\\/uploads\\\/2022\\\/01\\\/WVA_RB_Fist_G.png\",\"contentUrl\":\"https:\\\/\\\/worldvapersalliance.com\\\/wp-content\\\/uploads\\\/2022\\\/01\\\/WVA_RB_Fist_G.png\",\"width\":985,\"height\":1177,\"caption\":\"World Vapers&#039; Alliance\"},\"image\":{\"@id\":\"https:\\\/\\\/worldvapersalliance.com\\\/#\\\/schema\\\/logo\\\/image\\\/\"}}]}<\/script>\n<!-- \/ Yoast SEO plugin. -->","yoast_head_json":{"title":"BVBS Aktionszentrum - Weltallianz der Dampfer","robots":{"index":"index","follow":"follow","max-snippet":"max-snippet:-1","max-image-preview":"max-image-preview:large","max-video-preview":"max-video-preview:-1"},"canonical":"https:\/\/worldvapersalliance.com\/de_de\/bvbs-action-center\/","og_locale":"de_DE","og_type":"article","og_title":"BVBS Action Center - World Vapers&#039; Alliance","og_description":"Share your story! Email your MP\/MEP The Members of Parliament are waiting for your message. You can send a message to your Member of Parliament at the touch of a button. We\u2019ve already started writing an email for you, but this is your chance to tell your own story. You can tell your own story [&hellip;]","og_url":"https:\/\/worldvapersalliance.com\/de_de\/bvbs-action-center\/","og_site_name":"World Vapers&#039; Alliance","article_modified_time":"2022-08-12T19:15:04+00:00","twitter_card":"summary_large_image","twitter_misc":{"Gesch\u00e4tzte Lesezeit":"4 Minuten"},"schema":{"@context":"https:\/\/schema.org","@graph":[{"@type":"WebPage","@id":"https:\/\/worldvapersalliance.com\/bvbs-action-center\/","url":"https:\/\/worldvapersalliance.com\/bvbs-action-center\/","name":"BVBS Aktionszentrum - Weltallianz der Dampfer","isPartOf":{"@id":"https:\/\/worldvapersalliance.com\/#website"},"datePublished":"2022-03-19T19:04:11+00:00","dateModified":"2022-08-12T19:15:04+00:00","inLanguage":"de-DE","potentialAction":[{"@type":"ReadAction","target":["https:\/\/worldvapersalliance.com\/bvbs-action-center\/"]}]},{"@type":"WebSite","@id":"https:\/\/worldvapersalliance.com\/#website","url":"https:\/\/worldvapersalliance.com\/","name":"Weltweite Allianz der Dampfer","description":"Die gr\u00f6\u00dfte Community von Dampfern","publisher":{"@id":"https:\/\/worldvapersalliance.com\/#organization"},"potentialAction":[{"@type":"SearchAction","target":{"@type":"EntryPoint","urlTemplate":"https:\/\/worldvapersalliance.com\/?s={search_term_string}"},"query-input":{"@type":"PropertyValueSpecification","valueRequired":true,"valueName":"search_term_string"}}],"inLanguage":"de-DE"},{"@type":"Organization","@id":"https:\/\/worldvapersalliance.com\/#organization","name":"Weltweite Allianz der Dampfer","url":"https:\/\/worldvapersalliance.com\/","logo":{"@type":"ImageObject","inLanguage":"de-DE","@id":"https:\/\/worldvapersalliance.com\/#\/schema\/logo\/image\/","url":"https:\/\/worldvapersalliance.com\/wp-content\/uploads\/2022\/01\/WVA_RB_Fist_G.png","contentUrl":"https:\/\/worldvapersalliance.com\/wp-content\/uploads\/2022\/01\/WVA_RB_Fist_G.png","width":985,"height":1177,"caption":"World Vapers&#039; Alliance"},"image":{"@id":"https:\/\/worldvapersalliance.com\/#\/schema\/logo\/image\/"}}]}},"_links":{"self":[{"href":"https:\/\/worldvapersalliance.com\/de_de\/wp-json\/wp\/v2\/pages\/921","targetHints":{"allow":["GET"]}}],"collection":[{"href":"https:\/\/worldvapersalliance.com\/de_de\/wp-json\/wp\/v2\/pages"}],"about":[{"href":"https:\/\/worldvapersalliance.com\/de_de\/wp-json\/wp\/v2\/types\/page"}],"author":[{"embeddable":true,"href":"https:\/\/worldvapersalliance.com\/de_de\/wp-json\/wp\/v2\/users\/2"}],"replies":[{"embeddable":true,"href":"https:\/\/worldvapersalliance.com\/de_de\/wp-json\/wp\/v2\/comments?post=921"}],"version-history":[{"count":0,"href":"https:\/\/worldvapersalliance.com\/de_de\/wp-json\/wp\/v2\/pages\/921\/revisions"}],"wp:attachment":[{"href":"https:\/\/worldvapersalliance.com\/de_de\/wp-json\/wp\/v2\/media?parent=921"}],"curies":[{"name":"wp","href":"https:\/\/api.w.org\/{rel}","templated":true}]}}