{"id":6513,"date":"2025-10-06T05:53:19","date_gmt":"2025-10-06T09:53:19","guid":{"rendered":"https:\/\/worldvapersalliance.com\/?page_id=6513"},"modified":"2025-10-06T05:53:24","modified_gmt":"2025-10-06T09:53:24","slug":"eu-cardiovascular-consultation-public-backs-safer-nicotine-products","status":"publish","type":"page","link":"https:\/\/worldvapersalliance.com\/da\/eu-cardiovascular-consultation-public-backs-safer-nicotine-products\/","title":{"rendered":"EU-h\u00f8ring om hjerte-kar-sygdomme: Offentligheden st\u00f8tter sikrere nikotinprodukter"},"content":{"rendered":"<div data-elementor-type=\"wp-page\" data-elementor-id=\"6513\" class=\"elementor elementor-6513\" data-elementor-post-type=\"page\">\n\t\t\t\t\t\t<section class=\"elementor-section elementor-top-section elementor-element elementor-element-624a795 elementor-section-height-min-height elementor-section-full_width elementor-section-height-default elementor-section-items-middle\" data-id=\"624a795\" data-element_type=\"section\" data-e-type=\"section\" data-settings=\"{&quot;background_background&quot;:&quot;classic&quot;}\">\n\t\t\t\t\t\t<div class=\"elementor-container elementor-column-gap-default\">\n\t\t\t\t\t<div class=\"elementor-column elementor-col-100 elementor-top-column elementor-element elementor-element-4a8f72e6\" data-id=\"4a8f72e6\" data-element_type=\"column\" data-e-type=\"column\">\n\t\t\t<div class=\"elementor-widget-wrap elementor-element-populated\">\n\t\t\t\t\t\t<div class=\"elementor-element elementor-element-65af89bc elementor-widget elementor-widget-heading\" data-id=\"65af89bc\" data-element_type=\"widget\" data-e-type=\"widget\" data-widget_type=\"heading.default\">\n\t\t\t\t<div class=\"elementor-widget-container\">\n\t\t\t\t\t<h2 class=\"elementor-heading-title elementor-size-default\">EU-konsultation om hjerte-kar-sygdomme: <br> Offentligheden st\u00f8tter sikrere nikotinprodukter, viser unders\u00f8gelse<\/h2>\t\t\t\t<\/div>\n\t\t\t\t<\/div>\n\t\t\t\t\t<\/div>\n\t\t<\/div>\n\t\t\t\t\t<\/div>\n\t\t<\/section>\n\t\t\t\t<section class=\"elementor-section elementor-top-section elementor-element elementor-element-299d9fa7 elementor-section-height-min-height elementor-section-boxed elementor-section-height-default elementor-section-items-middle\" data-id=\"299d9fa7\" data-element_type=\"section\" data-e-type=\"section\" data-settings=\"{&quot;background_background&quot;:&quot;classic&quot;}\">\n\t\t\t\t\t\t<div class=\"elementor-container elementor-column-gap-default\">\n\t\t\t\t\t<div class=\"elementor-column elementor-col-100 elementor-top-column elementor-element elementor-element-2bd4487\" data-id=\"2bd4487\" data-element_type=\"column\" data-e-type=\"column\">\n\t\t\t<div class=\"elementor-widget-wrap elementor-element-populated\">\n\t\t\t\t\t\t<section class=\"elementor-section elementor-inner-section elementor-element elementor-element-41f62fbd elementor-section-boxed elementor-section-height-default elementor-section-height-default\" data-id=\"41f62fbd\" data-element_type=\"section\" data-e-type=\"section\">\n\t\t\t\t\t\t<div class=\"elementor-container elementor-column-gap-default\">\n\t\t\t\t\t<div class=\"elementor-column elementor-col-100 elementor-inner-column elementor-element elementor-element-2156ce5b\" data-id=\"2156ce5b\" data-element_type=\"column\" data-e-type=\"column\">\n\t\t\t<div class=\"elementor-widget-wrap elementor-element-populated\">\n\t\t\t\t\t\t<div class=\"elementor-element elementor-element-3c1cd75f elementor-widget elementor-widget-heading\" data-id=\"3c1cd75f\" data-element_type=\"widget\" data-e-type=\"widget\" data-widget_type=\"heading.default\">\n\t\t\t\t<div class=\"elementor-widget-container\">\n\t\t\t\t\t<h2 class=\"elementor-heading-title elementor-size-medium\">Indledning<\/h2>\t\t\t\t<\/div>\n\t\t\t\t<\/div>\n\t\t\t\t\t<\/div>\n\t\t<\/div>\n\t\t\t\t\t<\/div>\n\t\t<\/section>\n\t\t\t\t<section class=\"elementor-section elementor-inner-section elementor-element elementor-element-5282c752 elementor-section-full_width elementor-section-height-default elementor-section-height-default\" data-id=\"5282c752\" data-element_type=\"section\" data-e-type=\"section\">\n\t\t\t\t\t\t<div class=\"elementor-container elementor-column-gap-default\">\n\t\t\t\t\t<div class=\"elementor-column elementor-col-100 elementor-inner-column elementor-element elementor-element-1cbc264c\" data-id=\"1cbc264c\" data-element_type=\"column\" data-e-type=\"column\">\n\t\t\t<div class=\"elementor-widget-wrap elementor-element-populated\">\n\t\t\t\t\t\t<div class=\"elementor-element elementor-element-68abfe9e purple-bullets elementor-widget elementor-widget-text-editor\" data-id=\"68abfe9e\" data-element_type=\"widget\" data-e-type=\"widget\" data-widget_type=\"text-editor.default\">\n\t\t\t\t<div class=\"elementor-widget-container\">\n\t\t\t\t\t\t\t\t\t<p><span style=\"font-weight: 400;\">En AI-drevet analyse<\/span><span style=\"font-weight: 400;\"> af EU-Kommissionens hjerte-kar-sundhed <\/span><a href=\"https:\/\/ec.europa.eu\/info\/law\/better-regulation\/have-your-say\/initiatives\/14755-EU-cardiovascular-health-plan\/feedback_en?p_id=20242\"><span style=\"font-weight: 400;\">konsultation<\/span><\/a><span style=\"font-weight: 400;\"> viser en <\/span><b>stort flertal (76%) for skadesreduktion<\/b><span style=\"font-weight: 400;\"> blandt dem, der talte om det. Mens mange indl\u00e6g fokuserede p\u00e5 bredere sundhedsproblemer, afsl\u00f8rer et n\u00e6rmere kig p\u00e5 svarene, der n\u00e6vner sikrere nikotinprodukter og skadesreduktion, en klar offentlig st\u00f8tte.<\/span><\/p><p><span style=\"font-weight: 400;\">Af dem, der adresserede skadesreduktion, opfordrede de fleste til, at EU skulle inkludere mindre skadelige alternativer som vaping, nikotinposer, opvarmet tobak og snus for at reducere rygeantallet og forebygge sygdomme. Modstand mod denne tilgang var sj\u00e6lden og kom prim\u00e6rt fra traditionelle tobakskontrolgrupper og nogle internationale sundhedsorganisationer. M\u00f8nsteret er enkelt: N\u00e5r sp\u00f8rgsm\u00e5let om tobak og skadesreduktion rejses, \u00f8nsker de fleste respondenter, at EU st\u00f8tter mindre skadelige valg.<\/span><\/p><p><span style=\"font-weight: 400;\">Det er vigtigt at bem\u00e6rke, at disse resultater stammer fra AI-s\u00f8geordsanalyse og viser en st\u00e6rk tendens, men forsigtighed er n\u00f8dvendig ved fortolkning af detaljer. Alligevel g\u00f8r disse beviser det sv\u00e6rt at ignorere, hvad folk rent faktisk \u00f8nsker.<\/span><\/p>\t\t\t\t\t\t\t\t<\/div>\n\t\t\t\t<\/div>\n\t\t\t\t<div class=\"elementor-element elementor-element-a435788 elementor-widget elementor-widget-heading\" data-id=\"a435788\" data-element_type=\"widget\" data-e-type=\"widget\" data-widget_type=\"heading.default\">\n\t\t\t\t<div class=\"elementor-widget-container\">\n\t\t\t\t\t<h2 class=\"elementor-heading-title elementor-size-default\">Resultater i korte tr\u00e6k:\n<\/h2>\t\t\t\t<\/div>\n\t\t\t\t<\/div>\n\t\t\t\t<div class=\"elementor-element elementor-element-93cb5cc elementor-widget elementor-widget-text-editor\" data-id=\"93cb5cc\" data-element_type=\"widget\" data-e-type=\"widget\" data-widget_type=\"text-editor.default\">\n\t\t\t\t<div class=\"elementor-widget-container\">\n\t\t\t\t\t\t\t\t\t<p><strong><span style=\"color: #000000;\">Alle indsendelser (677 i alt)<\/span><\/strong><\/p><p><span style=\"font-weight: 400; color: #000000;\">\u2013 N\u00e6vnte ikke skadesreduktion eller relaterede produkter: 506 (74,7%)<\/span><\/p><p><span style=\"font-weight: 400; color: #000000;\">\u2013 Positiv over for skadesreduktion: 130 (19,2%)<\/span><\/p><p><span style=\"font-weight: 400; color: #000000;\">\u2013 Neutral: 25 (3,7%)<\/span><\/p><p><span style=\"font-weight: 400; color: #000000;\">\u2013 Negativ: 16 (2,4%)<\/span><\/p><p><strong><span style=\"color: #000000;\">Indsendelser, der n\u00e6vner skadesreduktion (171 i alt)<\/span><\/strong><\/p><p><span style=\"font-weight: 400; color: #000000;\">\u2013 Positiv: 130 (76%)<\/span><\/p><p><span style=\"font-weight: 400; color: #000000;\">\u2013 Neutral: 25 (15%)<\/span><\/p><p><span style=\"font-weight: 400; color: #000000;\">\u2013 Negativ: 16 (9%)<\/span><\/p><p>\u00a0<\/p><p><span style=\"color: #000000;\"><span style=\"font-weight: 400;\">World Vapers&#039; Alliance (WVA) opfordrer EU-Kommissionen til at holde op med at behandle skadesreduktion som en trussel. <\/span><a style=\"color: #000000;\" href=\"https:\/\/worldvapersalliance.com\/da\/harm-reduction-vaping-fact-sheet\/\"><span style=\"font-weight: 400;\">videnskab<\/span><\/a><span style=\"font-weight: 400;\"> er klart: det er r\u00f8gen, der skader, ikke nikotinen i vaping eller poser. <\/span><a style=\"color: #000000;\" href=\"https:\/\/worldvapersalliance.com\/wp-content\/uploads\/2025\/06\/Champions-of-Change-Harm-Reduction-Victory.pdf\"><span style=\"font-weight: 400;\">Lande<\/span><\/a><span style=\"font-weight: 400;\"> ligesom Sverige, Tjekkiet og Gr\u00e6kenland g\u00e5r foran ved at omfavne skadesreduktion. Sverige er n\u00e6sten r\u00f8gfrit, fordi det st\u00f8tter mindre skadelige alternativer. EU b\u00f8r f\u00f8lge denne succesfulde model i stedet for at klamre sig til for\u00e6ldet ideologi og misinformation.<\/span><\/span><\/p><p><span style=\"color: #000000;\"><span style=\"font-weight: 400;\">Nylig <\/span><a style=\"color: #000000;\" href=\"https:\/\/worldvapersalliance.com\/da\/brussels-official-policy-harm-reduction-pushed-aside-in-favour-of-outdated-myths\/\"><span style=\"font-weight: 400;\">udsagn<\/span><\/a><span style=\"font-weight: 400;\"> EU-Kommissionen h\u00e6vder fejlagtigt, at nye nikotinprodukter har risici, der &quot;kan sammenlignes med rygning&quot;. Disse p\u00e5stande g\u00e5r imod n\u00e6sten alle st\u00f8rre videnskabelige unders\u00f8gelser. Politikker, der er bygget p\u00e5 misinformation, f\u00e5r folk til at ryge, koster liv og ignorerer evidensbaserede folkesundhedsstrategier. Det er meningsl\u00f8st at afholde h\u00f8ringer, hvis resultaterne allerede er besluttet, og borgernes input blot er et figenblad for forudbestemte beslutninger.<\/span><\/span><\/p><p><span style=\"font-weight: 400; color: #000000;\">EU skal lytte til sine borgere \u2013 ellers er h\u00f8ringer en farce. Politikere b\u00f8r basere sundhedsbeslutninger p\u00e5 fakta, ikke frygt eller for\u00e6ldede myter. Rygere, vapers og andre nikotinforbrugere fortjener reelle valgmuligheder og pr\u00e6cis information. Europa b\u00f8r g\u00e5 forrest i skadesreduktion, ikke ignorere sine egne succeshistorier eller befolkningens vilje.<\/span><\/p>\t\t\t\t\t\t\t\t<\/div>\n\t\t\t\t<\/div>\n\t\t\t\t\t<\/div>\n\t\t<\/div>\n\t\t\t\t\t<\/div>\n\t\t<\/section>\n\t\t\t\t\t<\/div>\n\t\t<\/div>\n\t\t\t\t\t<\/div>\n\t\t<\/section>\n\t\t\t\t<section class=\"elementor-section elementor-top-section elementor-element elementor-element-19752e60 elementor-section-height-min-height elementor-section-items-top elementor-section-boxed elementor-section-height-default\" data-id=\"19752e60\" data-element_type=\"section\" data-e-type=\"section\" data-settings=\"{&quot;background_background&quot;:&quot;classic&quot;}\">\n\t\t\t\t\t\t<div class=\"elementor-container elementor-column-gap-default\">\n\t\t\t\t\t<div class=\"elementor-column elementor-col-100 elementor-top-column elementor-element elementor-element-13ce65de\" data-id=\"13ce65de\" data-element_type=\"column\" data-e-type=\"column\">\n\t\t\t<div class=\"elementor-widget-wrap elementor-element-populated\">\n\t\t\t\t\t\t<section class=\"elementor-section elementor-inner-section elementor-element elementor-element-5c4bd78d elementor-section-boxed elementor-section-height-default elementor-section-height-default\" data-id=\"5c4bd78d\" data-element_type=\"section\" data-e-type=\"section\">\n\t\t\t\t\t\t<div class=\"elementor-container elementor-column-gap-default\">\n\t\t\t\t\t<div class=\"elementor-column elementor-col-100 elementor-inner-column elementor-element elementor-element-7ca7eda\" data-id=\"7ca7eda\" data-element_type=\"column\" data-e-type=\"column\">\n\t\t\t<div class=\"elementor-widget-wrap elementor-element-populated\">\n\t\t\t\t\t\t<div class=\"elementor-element elementor-element-500dff8b elementor-widget elementor-widget-heading\" data-id=\"500dff8b\" data-element_type=\"widget\" data-e-type=\"widget\" data-widget_type=\"heading.default\">\n\t\t\t\t<div class=\"elementor-widget-container\">\n\t\t\t\t\t<h2 class=\"elementor-heading-title elementor-size-medium\">L\u00e6s hele rapporten<\/h2>\t\t\t\t<\/div>\n\t\t\t\t<\/div>\n\t\t\t\t\t<\/div>\n\t\t<\/div>\n\t\t\t\t\t<\/div>\n\t\t<\/section>\n\t\t\t\t<section class=\"elementor-section elementor-inner-section elementor-element elementor-element-1676de52 elementor-section-full_width elementor-section-height-default elementor-section-height-default\" data-id=\"1676de52\" data-element_type=\"section\" data-e-type=\"section\">\n\t\t\t\t\t\t<div class=\"elementor-container elementor-column-gap-default\">\n\t\t\t\t\t<div class=\"elementor-column elementor-col-100 elementor-inner-column elementor-element elementor-element-70f408bc\" data-id=\"70f408bc\" data-element_type=\"column\" data-e-type=\"column\">\n\t\t\t<div class=\"elementor-widget-wrap elementor-element-populated\">\n\t\t\t\t\t\t<div class=\"elementor-element elementor-element-293ede6 elementor-align-center elementor-widget elementor-widget-button\" data-id=\"293ede6\" data-element_type=\"widget\" data-e-type=\"widget\" data-widget_type=\"button.default\">\n\t\t\t\t<div class=\"elementor-widget-container\">\n\t\t\t\t\t\t\t\t\t<div class=\"elementor-button-wrapper\">\n\t\t\t\t\t<a class=\"elementor-button elementor-button-link elementor-size-sm\" href=\"https:\/\/worldvapersalliance.com\/wp-content\/uploads\/2025\/09\/EU-Cardiovascular-Consultation_.pdf\" target=\"_blank\">\n\t\t\t\t\t\t<span class=\"elementor-button-content-wrapper\">\n\t\t\t\t\t\t\t\t\t<span class=\"elementor-button-text\">Download<\/span>\n\t\t\t\t\t<\/span>\n\t\t\t\t\t<\/a>\n\t\t\t\t<\/div>\n\t\t\t\t\t\t\t\t<\/div>\n\t\t\t\t<\/div>\n\t\t\t\t\t<\/div>\n\t\t<\/div>\n\t\t\t\t\t<\/div>\n\t\t<\/section>\n\t\t\t\t\t<\/div>\n\t\t<\/div>\n\t\t\t\t\t<\/div>\n\t\t<\/section>\n\t\t\t\t<section class=\"elementor-section elementor-top-section elementor-element elementor-element-1daa277b elementor-section-boxed elementor-section-height-default elementor-section-height-default\" data-id=\"1daa277b\" data-element_type=\"section\" data-e-type=\"section\" data-settings=\"{&quot;background_background&quot;:&quot;classic&quot;}\">\n\t\t\t\t\t\t<div class=\"elementor-container elementor-column-gap-default\">\n\t\t\t\t\t<div class=\"elementor-column elementor-col-100 elementor-top-column elementor-element elementor-element-5c3ea3e3\" data-id=\"5c3ea3e3\" data-element_type=\"column\" data-e-type=\"column\">\n\t\t\t<div class=\"elementor-widget-wrap elementor-element-populated\">\n\t\t\t\t\t\t<div class=\"elementor-element elementor-element-245aa095 elementor-widget elementor-widget-heading\" data-id=\"245aa095\" data-element_type=\"widget\" data-e-type=\"widget\" data-widget_type=\"heading.default\">\n\t\t\t\t<div class=\"elementor-widget-container\">\n\t\t\t\t\t<h2 class=\"elementor-heading-title elementor-size-default\">Del p\u00e5 socialt<\/h2>\t\t\t\t<\/div>\n\t\t\t\t<\/div>\n\t\t\t\t<div class=\"elementor-element elementor-element-7d3a5fe9 elementor-shape-circle elementor-grid-0 e-grid-align-center elementor-widget elementor-widget-social-icons\" data-id=\"7d3a5fe9\" data-element_type=\"widget\" data-e-type=\"widget\" data-widget_type=\"social-icons.default\">\n\t\t\t\t<div class=\"elementor-widget-container\">\n\t\t\t\t\t\t\t<div class=\"elementor-social-icons-wrapper elementor-grid\" role=\"list\">\n\t\t\t\t\t\t\t<span class=\"elementor-grid-item\" role=\"listitem\">\n\t\t\t\t\t<a class=\"elementor-icon elementor-social-icon elementor-social-icon-facebook elementor-repeater-item-b603d12\" href=\"https:\/\/www.facebook.com\/World-Vapers-Alliance-112282503640772\/\" target=\"_blank\">\n\t\t\t\t\t\t<span class=\"elementor-screen-only\">Facebook<\/span>\n\t\t\t\t\t\t<i aria-hidden=\"true\" class=\"fab fa-facebook\"><\/i>\t\t\t\t\t<\/a>\n\t\t\t\t<\/span>\n\t\t\t\t\t\t\t<span class=\"elementor-grid-item\" role=\"listitem\">\n\t\t\t\t\t<a class=\"elementor-icon elementor-social-icon elementor-social-icon-linkedin elementor-repeater-item-06c4c45\" target=\"_blank\">\n\t\t\t\t\t\t<span class=\"elementor-screen-only\">Linkedin<\/span>\n\t\t\t\t\t\t<i aria-hidden=\"true\" class=\"fab fa-linkedin\"><\/i>\t\t\t\t\t<\/a>\n\t\t\t\t<\/span>\n\t\t\t\t\t\t\t<span class=\"elementor-grid-item\" role=\"listitem\">\n\t\t\t\t\t<a class=\"elementor-icon elementor-social-icon elementor-social-icon-twitter elementor-repeater-item-a6d87a6\" href=\"https:\/\/twitter.com\/vapers_alliance\/\" target=\"_blank\">\n\t\t\t\t\t\t<span class=\"elementor-screen-only\">Twitter<\/span>\n\t\t\t\t\t\t<i aria-hidden=\"true\" class=\"fab fa-twitter\"><\/i>\t\t\t\t\t<\/a>\n\t\t\t\t<\/span>\n\t\t\t\t\t<\/div>\n\t\t\t\t\t\t<\/div>\n\t\t\t\t<\/div>\n\t\t\t\t\t<\/div>\n\t\t<\/div>\n\t\t\t\t\t<\/div>\n\t\t<\/section>\n\t\t\t\t<section class=\"elementor-section elementor-top-section elementor-element elementor-element-3a3300e5 elementor-section-boxed elementor-section-height-default elementor-section-height-default\" data-id=\"3a3300e5\" data-element_type=\"section\" data-e-type=\"section\" data-settings=\"{&quot;background_background&quot;:&quot;classic&quot;}\">\n\t\t\t\t\t\t<div class=\"elementor-container elementor-column-gap-default\">\n\t\t\t\t\t<div class=\"elementor-column elementor-col-100 elementor-top-column elementor-element elementor-element-2ca42ae5\" data-id=\"2ca42ae5\" data-element_type=\"column\" data-e-type=\"column\">\n\t\t\t<div class=\"elementor-widget-wrap\">\n\t\t\t\t\t\t\t<\/div>\n\t\t<\/div>\n\t\t\t\t\t<\/div>\n\t\t<\/section>\n\t\t\t\t<\/div>","protected":false},"excerpt":{"rendered":"<p>EU Cardiovascular Consultation: Public backs safer nicotine products, review shows Introduction An AI-driven analysis of the EU Commission\u2019s cardiovascular health consultation shows a large majority (76%) in favour of harm reduction among those who spoke about it. While many submissions focused on broader health issues, a closer look at responses mentioning safer nicotine products and [&hellip;]<\/p>\n","protected":false},"author":8,"featured_media":0,"parent":0,"menu_order":0,"comment_status":"closed","ping_status":"closed","template":"elementor_header_footer","meta":{"footnotes":""},"class_list":["post-6513","page","type-page","status-publish","hentry"],"yoast_head":"<!-- This site is optimized with the Yoast SEO plugin v27.3 - https:\/\/yoast.com\/product\/yoast-seo-wordpress\/ -->\n<title>EU Cardiovascular Consultation: Public backs safer nicotine products - World Vapers&#039; Alliance<\/title>\n<meta name=\"robots\" content=\"index, follow, max-snippet:-1, max-image-preview:large, max-video-preview:-1\" \/>\n<link rel=\"canonical\" href=\"https:\/\/worldvapersalliance.com\/da\/eu-cardiovascular-consultation-public-backs-safer-nicotine-products\/\" \/>\n<meta property=\"og:locale\" content=\"da_DK\" \/>\n<meta property=\"og:type\" content=\"article\" \/>\n<meta property=\"og:title\" content=\"EU Cardiovascular Consultation: Public backs safer nicotine products - World Vapers&#039; Alliance\" \/>\n<meta property=\"og:description\" content=\"EU Cardiovascular Consultation: Public backs safer nicotine products, review shows Introduction An AI-driven analysis of the EU Commission\u2019s cardiovascular health consultation shows a large majority (76%) in favour of harm reduction among those who spoke about it. While many submissions focused on broader health issues, a closer look at responses mentioning safer nicotine products and [&hellip;]\" \/>\n<meta property=\"og:url\" content=\"https:\/\/worldvapersalliance.com\/da\/eu-cardiovascular-consultation-public-backs-safer-nicotine-products\/\" \/>\n<meta property=\"og:site_name\" content=\"World Vapers&#039; Alliance\" \/>\n<meta property=\"article:modified_time\" content=\"2025-10-06T09:53:24+00:00\" \/>\n<meta name=\"twitter:card\" content=\"summary_large_image\" \/>\n<meta name=\"twitter:label1\" content=\"Estimeret l\u00e6setid\" \/>\n\t<meta name=\"twitter:data1\" content=\"2 minutter\" \/>\n<script type=\"application\/ld+json\" class=\"yoast-schema-graph\">{\"@context\":\"https:\\\/\\\/schema.org\",\"@graph\":[{\"@type\":\"WebPage\",\"@id\":\"https:\\\/\\\/worldvapersalliance.com\\\/eu-cardiovascular-consultation-public-backs-safer-nicotine-products\\\/\",\"url\":\"https:\\\/\\\/worldvapersalliance.com\\\/eu-cardiovascular-consultation-public-backs-safer-nicotine-products\\\/\",\"name\":\"EU Cardiovascular Consultation: Public backs safer nicotine products - World Vapers&#039; Alliance\",\"isPartOf\":{\"@id\":\"https:\\\/\\\/worldvapersalliance.com\\\/#website\"},\"datePublished\":\"2025-10-06T09:53:19+00:00\",\"dateModified\":\"2025-10-06T09:53:24+00:00\",\"inLanguage\":\"da-DK\",\"potentialAction\":[{\"@type\":\"ReadAction\",\"target\":[\"https:\\\/\\\/worldvapersalliance.com\\\/eu-cardiovascular-consultation-public-backs-safer-nicotine-products\\\/\"]}]},{\"@type\":\"WebSite\",\"@id\":\"https:\\\/\\\/worldvapersalliance.com\\\/#website\",\"url\":\"https:\\\/\\\/worldvapersalliance.com\\\/\",\"name\":\"World Vapers&#039; Alliance\",\"description\":\"The largest community of vapers\",\"publisher\":{\"@id\":\"https:\\\/\\\/worldvapersalliance.com\\\/#organization\"},\"potentialAction\":[{\"@type\":\"SearchAction\",\"target\":{\"@type\":\"EntryPoint\",\"urlTemplate\":\"https:\\\/\\\/worldvapersalliance.com\\\/?s={search_term_string}\"},\"query-input\":{\"@type\":\"PropertyValueSpecification\",\"valueRequired\":true,\"valueName\":\"search_term_string\"}}],\"inLanguage\":\"da-DK\"},{\"@type\":\"Organization\",\"@id\":\"https:\\\/\\\/worldvapersalliance.com\\\/#organization\",\"name\":\"World Vapers&#039; Alliance\",\"url\":\"https:\\\/\\\/worldvapersalliance.com\\\/\",\"logo\":{\"@type\":\"ImageObject\",\"inLanguage\":\"da-DK\",\"@id\":\"https:\\\/\\\/worldvapersalliance.com\\\/#\\\/schema\\\/logo\\\/image\\\/\",\"url\":\"https:\\\/\\\/worldvapersalliance.com\\\/wp-content\\\/uploads\\\/2022\\\/01\\\/WVA_RB_Fist_G.png\",\"contentUrl\":\"https:\\\/\\\/worldvapersalliance.com\\\/wp-content\\\/uploads\\\/2022\\\/01\\\/WVA_RB_Fist_G.png\",\"width\":985,\"height\":1177,\"caption\":\"World Vapers&#039; Alliance\"},\"image\":{\"@id\":\"https:\\\/\\\/worldvapersalliance.com\\\/#\\\/schema\\\/logo\\\/image\\\/\"}}]}<\/script>\n<!-- \/ Yoast SEO plugin. -->","yoast_head_json":{"title":"EU-h\u00f8ring om hjerte-kar-sygdomme: Offentligheden st\u00f8tter sikrere nikotinprodukter - World Vapers&#039; Alliance","robots":{"index":"index","follow":"follow","max-snippet":"max-snippet:-1","max-image-preview":"max-image-preview:large","max-video-preview":"max-video-preview:-1"},"canonical":"https:\/\/worldvapersalliance.com\/da\/eu-cardiovascular-consultation-public-backs-safer-nicotine-products\/","og_locale":"da_DK","og_type":"article","og_title":"EU Cardiovascular Consultation: Public backs safer nicotine products - World Vapers&#039; Alliance","og_description":"EU Cardiovascular Consultation: Public backs safer nicotine products, review shows Introduction An AI-driven analysis of the EU Commission\u2019s cardiovascular health consultation shows a large majority (76%) in favour of harm reduction among those who spoke about it. While many submissions focused on broader health issues, a closer look at responses mentioning safer nicotine products and [&hellip;]","og_url":"https:\/\/worldvapersalliance.com\/da\/eu-cardiovascular-consultation-public-backs-safer-nicotine-products\/","og_site_name":"World Vapers&#039; Alliance","article_modified_time":"2025-10-06T09:53:24+00:00","twitter_card":"summary_large_image","twitter_misc":{"Estimeret l\u00e6setid":"2 minutter"},"schema":{"@context":"https:\/\/schema.org","@graph":[{"@type":"WebPage","@id":"https:\/\/worldvapersalliance.com\/eu-cardiovascular-consultation-public-backs-safer-nicotine-products\/","url":"https:\/\/worldvapersalliance.com\/eu-cardiovascular-consultation-public-backs-safer-nicotine-products\/","name":"EU-h\u00f8ring om hjerte-kar-sygdomme: Offentligheden st\u00f8tter sikrere nikotinprodukter - World Vapers&#039; Alliance","isPartOf":{"@id":"https:\/\/worldvapersalliance.com\/#website"},"datePublished":"2025-10-06T09:53:19+00:00","dateModified":"2025-10-06T09:53:24+00:00","inLanguage":"da-DK","potentialAction":[{"@type":"ReadAction","target":["https:\/\/worldvapersalliance.com\/eu-cardiovascular-consultation-public-backs-safer-nicotine-products\/"]}]},{"@type":"WebSite","@id":"https:\/\/worldvapersalliance.com\/#website","url":"https:\/\/worldvapersalliance.com\/","name":"World Vapers&#039; Alliance","description":"Det st\u00f8rste samfund af vapers","publisher":{"@id":"https:\/\/worldvapersalliance.com\/#organization"},"potentialAction":[{"@type":"SearchAction","target":{"@type":"EntryPoint","urlTemplate":"https:\/\/worldvapersalliance.com\/?s={search_term_string}"},"query-input":{"@type":"PropertyValueSpecification","valueRequired":true,"valueName":"search_term_string"}}],"inLanguage":"da-DK"},{"@type":"Organization","@id":"https:\/\/worldvapersalliance.com\/#organization","name":"World Vapers&#039; Alliance","url":"https:\/\/worldvapersalliance.com\/","logo":{"@type":"ImageObject","inLanguage":"da-DK","@id":"https:\/\/worldvapersalliance.com\/#\/schema\/logo\/image\/","url":"https:\/\/worldvapersalliance.com\/wp-content\/uploads\/2022\/01\/WVA_RB_Fist_G.png","contentUrl":"https:\/\/worldvapersalliance.com\/wp-content\/uploads\/2022\/01\/WVA_RB_Fist_G.png","width":985,"height":1177,"caption":"World Vapers&#039; Alliance"},"image":{"@id":"https:\/\/worldvapersalliance.com\/#\/schema\/logo\/image\/"}}]}},"_links":{"self":[{"href":"https:\/\/worldvapersalliance.com\/da\/wp-json\/wp\/v2\/pages\/6513","targetHints":{"allow":["GET"]}}],"collection":[{"href":"https:\/\/worldvapersalliance.com\/da\/wp-json\/wp\/v2\/pages"}],"about":[{"href":"https:\/\/worldvapersalliance.com\/da\/wp-json\/wp\/v2\/types\/page"}],"author":[{"embeddable":true,"href":"https:\/\/worldvapersalliance.com\/da\/wp-json\/wp\/v2\/users\/8"}],"replies":[{"embeddable":true,"href":"https:\/\/worldvapersalliance.com\/da\/wp-json\/wp\/v2\/comments?post=6513"}],"version-history":[{"count":0,"href":"https:\/\/worldvapersalliance.com\/da\/wp-json\/wp\/v2\/pages\/6513\/revisions"}],"wp:attachment":[{"href":"https:\/\/worldvapersalliance.com\/da\/wp-json\/wp\/v2\/media?parent=6513"}],"curies":[{"name":"wp","href":"https:\/\/api.w.org\/{rel}","templated":true}]}}